{"id":88,"date":"2016-06-21T21:00:33","date_gmt":"2016-06-21T21:00:33","guid":{"rendered":"http:\/\/www.akgultente.com\/deneme\/?page_id=88"},"modified":"2016-06-27T22:56:18","modified_gmt":"2016-06-27T20:56:18","slug":"mafsalli-tente","status":"publish","type":"page","link":"https:\/\/www.akgultente.com\/?page_id=88","title":{"rendered":"Mafsall\u0131 Tente"},"content":{"rendered":"<p><a href=\"http:\/\/www.akgultente.com\/wp-content\/uploads\/2016\/06\/11-mafsalli.jpg\"><img loading=\"lazy\" decoding=\"async\" class=\"alignnone wp-image-58 size-full\" src=\"http:\/\/www.akgultente.com\/wp-content\/uploads\/2016\/06\/11-mafsalli.jpg\" alt=\"11-mafsalli\" width=\"900\" height=\"212\" srcset=\"https:\/\/www.akgultente.com\/wp-content\/uploads\/2016\/06\/11-mafsalli.jpg 900w, https:\/\/www.akgultente.com\/wp-content\/uploads\/2016\/06\/11-mafsalli-300x71.jpg 300w, https:\/\/www.akgultente.com\/wp-content\/uploads\/2016\/06\/11-mafsalli-768x181.jpg 768w\" sizes=\"auto, (max-width: 900px) 100vw, 900px\" \/><\/a><\/p>\n<p>&nbsp;<\/p>\n<p><strong>Mafsall\u0131 tente dar manevra alanlar\u0131na sahip mekanlarda kullan\u0131lan, mafsal fonksiyonu sayesinde ileri geri hareket ettirilerek ayarlanabilen bir tente sistemidir.<\/strong><\/p>\n<p><strong>Mafsall\u0131 tente, genelde d\u0131\u015f mekanlarda tente ve branda gereksinimi duyulan alanlarda kullan\u0131lan ve mafsal fonksiyonu sayesinde a\u00e7\u0131l\u0131r\/kapan\u0131r uygulama \u00f6zelli\u011fi sayesinde istendi\u011finde a\u00e7\u0131l\u0131p kapanmas\u0131 nedeni ile tercih edilen bir uygulamad\u0131r.<\/strong><\/p>\n<p>&nbsp;<\/p>\n<p>\n<div class=\"ngg-galleryoverview\" id=\"ngg-gallery-f95cd801cfc6a4e8b96bd2e0e6ab4fb6-88\">\n\n\t\t\n\t<!-- Thumbnails -->\n\t\t\t\t\t\n\t<div id=\"ngg-image-151\" class=\"ngg-gallery-thumbnail-box\"  >\n\t\t<div class=\"ngg-gallery-thumbnail\" >\n\t\t\t<a href=\"https:\/\/www.akgultente.com\/wp-content\/gallery\/11-mafsalli-tente\/mafsalli11.JPG\"\n\t\t\t\ttitle=\" \"\n\t\t\t\tclass=\"ngg-fancybox\" rel=\"f95cd801cfc6a4e8b96bd2e0e6ab4fb6\" data-image-id=\"151\" data-src=\"https:\/\/www.akgultente.com\/wp-content\/gallery\/11-mafsalli-tente\/mafsalli11.JPG\" data-thumbnail=\"https:\/\/www.akgultente.com\/wp-content\/gallery\/11-mafsalli-tente\/thumbs\/thumbs_mafsalli11.JPG\" data-title=\"mafsalli11\" data-description=\" \" >\n\t\t\t\t\t\t\t\t<img title=\"mafsalli11\" alt=\"mafsalli11\" src=\"https:\/\/www.akgultente.com\/wp-content\/gallery\/11-mafsalli-tente\/thumbs\/thumbs_mafsalli11.JPG\" width='240' height='160' \/>\n\t\t\t\t\t\t\t<\/a>\n\t\t<\/div>\n\t<\/div>\n\n\t\t\t\t\t\t\t\t\t\n\t\t\n\t<div id=\"ngg-image-165\" class=\"ngg-gallery-thumbnail-box\"  >\n\t\t<div class=\"ngg-gallery-thumbnail\" >\n\t\t\t<a href=\"https:\/\/www.akgultente.com\/wp-content\/gallery\/11-mafsalli-tente\/mafsalli25.JPG\"\n\t\t\t\ttitle=\" \"\n\t\t\t\tclass=\"ngg-fancybox\" rel=\"f95cd801cfc6a4e8b96bd2e0e6ab4fb6\" data-image-id=\"165\" data-src=\"https:\/\/www.akgultente.com\/wp-content\/gallery\/11-mafsalli-tente\/mafsalli25.JPG\" data-thumbnail=\"https:\/\/www.akgultente.com\/wp-content\/gallery\/11-mafsalli-tente\/thumbs\/thumbs_mafsalli25.JPG\" data-title=\"mafsalli25\" data-description=\" \" >\n\t\t\t\t\t\t\t\t<img title=\"mafsalli25\" alt=\"mafsalli25\" src=\"https:\/\/www.akgultente.com\/wp-content\/gallery\/11-mafsalli-tente\/thumbs\/thumbs_mafsalli25.JPG\" width='240' height='160' \/>\n\t\t\t\t\t\t\t<\/a>\n\t\t<\/div>\n\t<\/div>\n\n\t\t\t\t\t\t\t\t\t\n\t\t\n\t<div id=\"ngg-image-168\" class=\"ngg-gallery-thumbnail-box\"  >\n\t\t<div class=\"ngg-gallery-thumbnail\" >\n\t\t\t<a href=\"https:\/\/www.akgultente.com\/wp-content\/gallery\/11-mafsalli-tente\/mafsalli28.jpg\"\n\t\t\t\ttitle=\" \"\n\t\t\t\tclass=\"ngg-fancybox\" rel=\"f95cd801cfc6a4e8b96bd2e0e6ab4fb6\" data-image-id=\"168\" data-src=\"https:\/\/www.akgultente.com\/wp-content\/gallery\/11-mafsalli-tente\/mafsalli28.jpg\" data-thumbnail=\"https:\/\/www.akgultente.com\/wp-content\/gallery\/11-mafsalli-tente\/thumbs\/thumbs_mafsalli28.jpg\" data-title=\"mafsalli28\" data-description=\" \" >\n\t\t\t\t\t\t\t\t<img title=\"mafsalli28\" alt=\"mafsalli28\" src=\"https:\/\/www.akgultente.com\/wp-content\/gallery\/11-mafsalli-tente\/thumbs\/thumbs_mafsalli28.jpg\" width='240' height='160' \/>\n\t\t\t\t\t\t\t<\/a>\n\t\t<\/div>\n\t<\/div>\n\n\t\t\t\t\t\t\t\t\t\n\t\t\n\t<div id=\"ngg-image-159\" class=\"ngg-gallery-thumbnail-box\"  >\n\t\t<div class=\"ngg-gallery-thumbnail\" >\n\t\t\t<a href=\"https:\/\/www.akgultente.com\/wp-content\/gallery\/11-mafsalli-tente\/mafsalli19.JPG\"\n\t\t\t\ttitle=\" \"\n\t\t\t\tclass=\"ngg-fancybox\" rel=\"f95cd801cfc6a4e8b96bd2e0e6ab4fb6\" data-image-id=\"159\" data-src=\"https:\/\/www.akgultente.com\/wp-content\/gallery\/11-mafsalli-tente\/mafsalli19.JPG\" data-thumbnail=\"https:\/\/www.akgultente.com\/wp-content\/gallery\/11-mafsalli-tente\/thumbs\/thumbs_mafsalli19.JPG\" data-title=\"mafsalli19\" data-description=\" \" >\n\t\t\t\t\t\t\t\t<img title=\"mafsalli19\" alt=\"mafsalli19\" src=\"https:\/\/www.akgultente.com\/wp-content\/gallery\/11-mafsalli-tente\/thumbs\/thumbs_mafsalli19.JPG\" width='240' height='160' \/>\n\t\t\t\t\t\t\t<\/a>\n\t\t<\/div>\n\t<\/div>\n\n\t\t\t\t\t\t\t\t\t\n\t\t\n\t<div id=\"ngg-image-158\" class=\"ngg-gallery-thumbnail-box\"  >\n\t\t<div class=\"ngg-gallery-thumbnail\" >\n\t\t\t<a href=\"https:\/\/www.akgultente.com\/wp-content\/gallery\/11-mafsalli-tente\/mafsalli18.JPG\"\n\t\t\t\ttitle=\" \"\n\t\t\t\tclass=\"ngg-fancybox\" rel=\"f95cd801cfc6a4e8b96bd2e0e6ab4fb6\" data-image-id=\"158\" data-src=\"https:\/\/www.akgultente.com\/wp-content\/gallery\/11-mafsalli-tente\/mafsalli18.JPG\" data-thumbnail=\"https:\/\/www.akgultente.com\/wp-content\/gallery\/11-mafsalli-tente\/thumbs\/thumbs_mafsalli18.JPG\" data-title=\"mafsalli18\" data-description=\" \" >\n\t\t\t\t\t\t\t\t<img title=\"mafsalli18\" alt=\"mafsalli18\" src=\"https:\/\/www.akgultente.com\/wp-content\/gallery\/11-mafsalli-tente\/thumbs\/thumbs_mafsalli18.JPG\" width='240' height='160' \/>\n\t\t\t\t\t\t\t<\/a>\n\t\t<\/div>\n\t<\/div>\n\n\t\t\t\t\t\t\t\t\t\n\t\t\n\t<div id=\"ngg-image-157\" class=\"ngg-gallery-thumbnail-box\"  >\n\t\t<div class=\"ngg-gallery-thumbnail\" >\n\t\t\t<a href=\"https:\/\/www.akgultente.com\/wp-content\/gallery\/11-mafsalli-tente\/mafsalli17.JPG\"\n\t\t\t\ttitle=\" \"\n\t\t\t\tclass=\"ngg-fancybox\" rel=\"f95cd801cfc6a4e8b96bd2e0e6ab4fb6\" data-image-id=\"157\" data-src=\"https:\/\/www.akgultente.com\/wp-content\/gallery\/11-mafsalli-tente\/mafsalli17.JPG\" data-thumbnail=\"https:\/\/www.akgultente.com\/wp-content\/gallery\/11-mafsalli-tente\/thumbs\/thumbs_mafsalli17.JPG\" data-title=\"mafsalli17\" data-description=\" \" >\n\t\t\t\t\t\t\t\t<img title=\"mafsalli17\" alt=\"mafsalli17\" src=\"https:\/\/www.akgultente.com\/wp-content\/gallery\/11-mafsalli-tente\/thumbs\/thumbs_mafsalli17.JPG\" width='240' height='160' \/>\n\t\t\t\t\t\t\t<\/a>\n\t\t<\/div>\n\t<\/div>\n\n\t\t\t\t\t\t\t\t\t\n\t\t\n\t<div id=\"ngg-image-156\" class=\"ngg-gallery-thumbnail-box\"  >\n\t\t<div class=\"ngg-gallery-thumbnail\" >\n\t\t\t<a href=\"https:\/\/www.akgultente.com\/wp-content\/gallery\/11-mafsalli-tente\/mafsalli16.JPG\"\n\t\t\t\ttitle=\" \"\n\t\t\t\tclass=\"ngg-fancybox\" rel=\"f95cd801cfc6a4e8b96bd2e0e6ab4fb6\" data-image-id=\"156\" data-src=\"https:\/\/www.akgultente.com\/wp-content\/gallery\/11-mafsalli-tente\/mafsalli16.JPG\" data-thumbnail=\"https:\/\/www.akgultente.com\/wp-content\/gallery\/11-mafsalli-tente\/thumbs\/thumbs_mafsalli16.JPG\" data-title=\"mafsalli16\" data-description=\" \" >\n\t\t\t\t\t\t\t\t<img title=\"mafsalli16\" alt=\"mafsalli16\" src=\"https:\/\/www.akgultente.com\/wp-content\/gallery\/11-mafsalli-tente\/thumbs\/thumbs_mafsalli16.JPG\" width='240' height='160' \/>\n\t\t\t\t\t\t\t<\/a>\n\t\t<\/div>\n\t<\/div>\n\n\t\t\t\t\t\t\t\t\t\n\t\t\n\t<div id=\"ngg-image-155\" class=\"ngg-gallery-thumbnail-box\"  >\n\t\t<div class=\"ngg-gallery-thumbnail\" >\n\t\t\t<a href=\"https:\/\/www.akgultente.com\/wp-content\/gallery\/11-mafsalli-tente\/mafsalli15.JPG\"\n\t\t\t\ttitle=\" \"\n\t\t\t\tclass=\"ngg-fancybox\" rel=\"f95cd801cfc6a4e8b96bd2e0e6ab4fb6\" data-image-id=\"155\" data-src=\"https:\/\/www.akgultente.com\/wp-content\/gallery\/11-mafsalli-tente\/mafsalli15.JPG\" data-thumbnail=\"https:\/\/www.akgultente.com\/wp-content\/gallery\/11-mafsalli-tente\/thumbs\/thumbs_mafsalli15.JPG\" data-title=\"mafsalli15\" data-description=\" \" >\n\t\t\t\t\t\t\t\t<img title=\"mafsalli15\" alt=\"mafsalli15\" src=\"https:\/\/www.akgultente.com\/wp-content\/gallery\/11-mafsalli-tente\/thumbs\/thumbs_mafsalli15.JPG\" width='240' height='160' \/>\n\t\t\t\t\t\t\t<\/a>\n\t\t<\/div>\n\t<\/div>\n\n\t\t\t\t\t\t\t\t\t\n\t\t\n\t<div id=\"ngg-image-163\" class=\"ngg-gallery-thumbnail-box\"  >\n\t\t<div class=\"ngg-gallery-thumbnail\" >\n\t\t\t<a href=\"https:\/\/www.akgultente.com\/wp-content\/gallery\/11-mafsalli-tente\/mafsalli23.JPG\"\n\t\t\t\ttitle=\" \"\n\t\t\t\tclass=\"ngg-fancybox\" rel=\"f95cd801cfc6a4e8b96bd2e0e6ab4fb6\" data-image-id=\"163\" data-src=\"https:\/\/www.akgultente.com\/wp-content\/gallery\/11-mafsalli-tente\/mafsalli23.JPG\" data-thumbnail=\"https:\/\/www.akgultente.com\/wp-content\/gallery\/11-mafsalli-tente\/thumbs\/thumbs_mafsalli23.JPG\" data-title=\"mafsalli23\" data-description=\" \" >\n\t\t\t\t\t\t\t\t<img title=\"mafsalli23\" alt=\"mafsalli23\" src=\"https:\/\/www.akgultente.com\/wp-content\/gallery\/11-mafsalli-tente\/thumbs\/thumbs_mafsalli23.JPG\" width='240' height='160' \/>\n\t\t\t\t\t\t\t<\/a>\n\t\t<\/div>\n\t<\/div>\n\n\t\t\t\t\t\t\t\t\t\n\t\t\n\t<div id=\"ngg-image-166\" class=\"ngg-gallery-thumbnail-box\"  >\n\t\t<div class=\"ngg-gallery-thumbnail\" >\n\t\t\t<a href=\"https:\/\/www.akgultente.com\/wp-content\/gallery\/11-mafsalli-tente\/mafsalli26.JPG\"\n\t\t\t\ttitle=\" \"\n\t\t\t\tclass=\"ngg-fancybox\" rel=\"f95cd801cfc6a4e8b96bd2e0e6ab4fb6\" data-image-id=\"166\" data-src=\"https:\/\/www.akgultente.com\/wp-content\/gallery\/11-mafsalli-tente\/mafsalli26.JPG\" data-thumbnail=\"https:\/\/www.akgultente.com\/wp-content\/gallery\/11-mafsalli-tente\/thumbs\/thumbs_mafsalli26.JPG\" data-title=\"mafsalli26\" data-description=\" \" >\n\t\t\t\t\t\t\t\t<img title=\"mafsalli26\" alt=\"mafsalli26\" src=\"https:\/\/www.akgultente.com\/wp-content\/gallery\/11-mafsalli-tente\/thumbs\/thumbs_mafsalli26.JPG\" width='240' height='160' \/>\n\t\t\t\t\t\t\t<\/a>\n\t\t<\/div>\n\t<\/div>\n\n\t\t\t\t\t\t\t\t\t\n\t\t\n\t<div id=\"ngg-image-152\" class=\"ngg-gallery-thumbnail-box\"  >\n\t\t<div class=\"ngg-gallery-thumbnail\" >\n\t\t\t<a href=\"https:\/\/www.akgultente.com\/wp-content\/gallery\/11-mafsalli-tente\/mafsalli12.JPG\"\n\t\t\t\ttitle=\" \"\n\t\t\t\tclass=\"ngg-fancybox\" rel=\"f95cd801cfc6a4e8b96bd2e0e6ab4fb6\" data-image-id=\"152\" data-src=\"https:\/\/www.akgultente.com\/wp-content\/gallery\/11-mafsalli-tente\/mafsalli12.JPG\" data-thumbnail=\"https:\/\/www.akgultente.com\/wp-content\/gallery\/11-mafsalli-tente\/thumbs\/thumbs_mafsalli12.JPG\" data-title=\"mafsalli12\" data-description=\" \" >\n\t\t\t\t\t\t\t\t<img title=\"mafsalli12\" alt=\"mafsalli12\" src=\"https:\/\/www.akgultente.com\/wp-content\/gallery\/11-mafsalli-tente\/thumbs\/thumbs_mafsalli12.JPG\" width='240' height='160' \/>\n\t\t\t\t\t\t\t<\/a>\n\t\t<\/div>\n\t<\/div>\n\n\t\t\t\t\t\t\t\t\t\n\t\t\n\t<div id=\"ngg-image-141\" class=\"ngg-gallery-thumbnail-box\"  >\n\t\t<div class=\"ngg-gallery-thumbnail\" >\n\t\t\t<a href=\"https:\/\/www.akgultente.com\/wp-content\/gallery\/11-mafsalli-tente\/mafsalli01.jpg\"\n\t\t\t\ttitle=\" \"\n\t\t\t\tclass=\"ngg-fancybox\" rel=\"f95cd801cfc6a4e8b96bd2e0e6ab4fb6\" data-image-id=\"141\" data-src=\"https:\/\/www.akgultente.com\/wp-content\/gallery\/11-mafsalli-tente\/mafsalli01.jpg\" data-thumbnail=\"https:\/\/www.akgultente.com\/wp-content\/gallery\/11-mafsalli-tente\/thumbs\/thumbs_mafsalli01.jpg\" data-title=\"mafsalli01\" data-description=\" \" >\n\t\t\t\t\t\t\t\t<img title=\"mafsalli01\" alt=\"mafsalli01\" src=\"https:\/\/www.akgultente.com\/wp-content\/gallery\/11-mafsalli-tente\/thumbs\/thumbs_mafsalli01.jpg\" width='240' height='160' \/>\n\t\t\t\t\t\t\t<\/a>\n\t\t<\/div>\n\t<\/div>\n\n\t\t\t\t\t\t\t\t\t\n\t\t\n\t<div id=\"ngg-image-150\" class=\"ngg-gallery-thumbnail-box\"  >\n\t\t<div class=\"ngg-gallery-thumbnail\" >\n\t\t\t<a href=\"https:\/\/www.akgultente.com\/wp-content\/gallery\/11-mafsalli-tente\/mafsalli10.JPG\"\n\t\t\t\ttitle=\" \"\n\t\t\t\tclass=\"ngg-fancybox\" rel=\"f95cd801cfc6a4e8b96bd2e0e6ab4fb6\" data-image-id=\"150\" data-src=\"https:\/\/www.akgultente.com\/wp-content\/gallery\/11-mafsalli-tente\/mafsalli10.JPG\" data-thumbnail=\"https:\/\/www.akgultente.com\/wp-content\/gallery\/11-mafsalli-tente\/thumbs\/thumbs_mafsalli10.JPG\" data-title=\"mafsalli10\" data-description=\" \" >\n\t\t\t\t\t\t\t\t<img title=\"mafsalli10\" alt=\"mafsalli10\" src=\"https:\/\/www.akgultente.com\/wp-content\/gallery\/11-mafsalli-tente\/thumbs\/thumbs_mafsalli10.JPG\" width='240' height='160' \/>\n\t\t\t\t\t\t\t<\/a>\n\t\t<\/div>\n\t<\/div>\n\n\t\t\t\t\t\t\t\t\t\n\t\t\n\t<div id=\"ngg-image-149\" class=\"ngg-gallery-thumbnail-box\"  >\n\t\t<div class=\"ngg-gallery-thumbnail\" >\n\t\t\t<a href=\"https:\/\/www.akgultente.com\/wp-content\/gallery\/11-mafsalli-tente\/mafsalli09.JPG\"\n\t\t\t\ttitle=\" \"\n\t\t\t\tclass=\"ngg-fancybox\" rel=\"f95cd801cfc6a4e8b96bd2e0e6ab4fb6\" data-image-id=\"149\" data-src=\"https:\/\/www.akgultente.com\/wp-content\/gallery\/11-mafsalli-tente\/mafsalli09.JPG\" data-thumbnail=\"https:\/\/www.akgultente.com\/wp-content\/gallery\/11-mafsalli-tente\/thumbs\/thumbs_mafsalli09.JPG\" data-title=\"mafsalli09\" data-description=\" \" >\n\t\t\t\t\t\t\t\t<img title=\"mafsalli09\" alt=\"mafsalli09\" src=\"https:\/\/www.akgultente.com\/wp-content\/gallery\/11-mafsalli-tente\/thumbs\/thumbs_mafsalli09.JPG\" width='240' height='160' \/>\n\t\t\t\t\t\t\t<\/a>\n\t\t<\/div>\n\t<\/div>\n\n\t\t\t\t\t\t\t\t\t\n\t\t\n\t<div id=\"ngg-image-148\" class=\"ngg-gallery-thumbnail-box\"  >\n\t\t<div class=\"ngg-gallery-thumbnail\" >\n\t\t\t<a href=\"https:\/\/www.akgultente.com\/wp-content\/gallery\/11-mafsalli-tente\/mafsalli08.JPG\"\n\t\t\t\ttitle=\" \"\n\t\t\t\tclass=\"ngg-fancybox\" rel=\"f95cd801cfc6a4e8b96bd2e0e6ab4fb6\" data-image-id=\"148\" data-src=\"https:\/\/www.akgultente.com\/wp-content\/gallery\/11-mafsalli-tente\/mafsalli08.JPG\" data-thumbnail=\"https:\/\/www.akgultente.com\/wp-content\/gallery\/11-mafsalli-tente\/thumbs\/thumbs_mafsalli08.JPG\" data-title=\"mafsalli08\" data-description=\" \" >\n\t\t\t\t\t\t\t\t<img title=\"mafsalli08\" alt=\"mafsalli08\" src=\"https:\/\/www.akgultente.com\/wp-content\/gallery\/11-mafsalli-tente\/thumbs\/thumbs_mafsalli08.JPG\" width='240' height='160' \/>\n\t\t\t\t\t\t\t<\/a>\n\t\t<\/div>\n\t<\/div>\n\n\t\t\t\t\t\t\t\t\t\n\t\t\n\t<div id=\"ngg-image-147\" class=\"ngg-gallery-thumbnail-box\"  >\n\t\t<div class=\"ngg-gallery-thumbnail\" >\n\t\t\t<a href=\"https:\/\/www.akgultente.com\/wp-content\/gallery\/11-mafsalli-tente\/mafsalli07.JPG\"\n\t\t\t\ttitle=\" \"\n\t\t\t\tclass=\"ngg-fancybox\" rel=\"f95cd801cfc6a4e8b96bd2e0e6ab4fb6\" data-image-id=\"147\" data-src=\"https:\/\/www.akgultente.com\/wp-content\/gallery\/11-mafsalli-tente\/mafsalli07.JPG\" data-thumbnail=\"https:\/\/www.akgultente.com\/wp-content\/gallery\/11-mafsalli-tente\/thumbs\/thumbs_mafsalli07.JPG\" data-title=\"mafsalli07\" data-description=\" \" >\n\t\t\t\t\t\t\t\t<img title=\"mafsalli07\" alt=\"mafsalli07\" src=\"https:\/\/www.akgultente.com\/wp-content\/gallery\/11-mafsalli-tente\/thumbs\/thumbs_mafsalli07.JPG\" width='240' height='160' \/>\n\t\t\t\t\t\t\t<\/a>\n\t\t<\/div>\n\t<\/div>\n\n\t\t\t\t\t\t\t\t\t\n\t\t\n\t<div id=\"ngg-image-164\" class=\"ngg-gallery-thumbnail-box\"  >\n\t\t<div class=\"ngg-gallery-thumbnail\" >\n\t\t\t<a href=\"https:\/\/www.akgultente.com\/wp-content\/gallery\/11-mafsalli-tente\/mafsalli24.JPG\"\n\t\t\t\ttitle=\" \"\n\t\t\t\tclass=\"ngg-fancybox\" rel=\"f95cd801cfc6a4e8b96bd2e0e6ab4fb6\" data-image-id=\"164\" data-src=\"https:\/\/www.akgultente.com\/wp-content\/gallery\/11-mafsalli-tente\/mafsalli24.JPG\" data-thumbnail=\"https:\/\/www.akgultente.com\/wp-content\/gallery\/11-mafsalli-tente\/thumbs\/thumbs_mafsalli24.JPG\" data-title=\"mafsalli24\" data-description=\" \" >\n\t\t\t\t\t\t\t\t<img title=\"mafsalli24\" alt=\"mafsalli24\" src=\"https:\/\/www.akgultente.com\/wp-content\/gallery\/11-mafsalli-tente\/thumbs\/thumbs_mafsalli24.JPG\" width='240' height='160' \/>\n\t\t\t\t\t\t\t<\/a>\n\t\t<\/div>\n\t<\/div>\n\n\t\t\t\t\t\t\t\t\t\n\t\t\n\t<div id=\"ngg-image-167\" class=\"ngg-gallery-thumbnail-box\"  >\n\t\t<div class=\"ngg-gallery-thumbnail\" >\n\t\t\t<a href=\"https:\/\/www.akgultente.com\/wp-content\/gallery\/11-mafsalli-tente\/mafsalli27.jpg\"\n\t\t\t\ttitle=\" \"\n\t\t\t\tclass=\"ngg-fancybox\" rel=\"f95cd801cfc6a4e8b96bd2e0e6ab4fb6\" data-image-id=\"167\" data-src=\"https:\/\/www.akgultente.com\/wp-content\/gallery\/11-mafsalli-tente\/mafsalli27.jpg\" data-thumbnail=\"https:\/\/www.akgultente.com\/wp-content\/gallery\/11-mafsalli-tente\/thumbs\/thumbs_mafsalli27.jpg\" data-title=\"mafsalli27\" data-description=\" \" >\n\t\t\t\t\t\t\t\t<img title=\"mafsalli27\" alt=\"mafsalli27\" src=\"https:\/\/www.akgultente.com\/wp-content\/gallery\/11-mafsalli-tente\/thumbs\/thumbs_mafsalli27.jpg\" width='240' height='160' \/>\n\t\t\t\t\t\t\t<\/a>\n\t\t<\/div>\n\t<\/div>\n\n\t\t\t\t\t\t\t\t\t\n\t\t\n\t<div id=\"ngg-image-144\" class=\"ngg-gallery-thumbnail-box\"  >\n\t\t<div class=\"ngg-gallery-thumbnail\" >\n\t\t\t<a href=\"https:\/\/www.akgultente.com\/wp-content\/gallery\/11-mafsalli-tente\/mafsalli04.jpg\"\n\t\t\t\ttitle=\" \"\n\t\t\t\tclass=\"ngg-fancybox\" rel=\"f95cd801cfc6a4e8b96bd2e0e6ab4fb6\" data-image-id=\"144\" data-src=\"https:\/\/www.akgultente.com\/wp-content\/gallery\/11-mafsalli-tente\/mafsalli04.jpg\" data-thumbnail=\"https:\/\/www.akgultente.com\/wp-content\/gallery\/11-mafsalli-tente\/thumbs\/thumbs_mafsalli04.jpg\" data-title=\"mafsalli04\" data-description=\" \" >\n\t\t\t\t\t\t\t\t<img title=\"mafsalli04\" alt=\"mafsalli04\" src=\"https:\/\/www.akgultente.com\/wp-content\/gallery\/11-mafsalli-tente\/thumbs\/thumbs_mafsalli04.jpg\" width='240' height='160' \/>\n\t\t\t\t\t\t\t<\/a>\n\t\t<\/div>\n\t<\/div>\n\n\t\t\t\t\t\t\t\t\t\n\t\t\n\t<div id=\"ngg-image-143\" class=\"ngg-gallery-thumbnail-box\"  >\n\t\t<div class=\"ngg-gallery-thumbnail\" >\n\t\t\t<a href=\"https:\/\/www.akgultente.com\/wp-content\/gallery\/11-mafsalli-tente\/mafsalli03.jpg\"\n\t\t\t\ttitle=\" \"\n\t\t\t\tclass=\"ngg-fancybox\" rel=\"f95cd801cfc6a4e8b96bd2e0e6ab4fb6\" data-image-id=\"143\" data-src=\"https:\/\/www.akgultente.com\/wp-content\/gallery\/11-mafsalli-tente\/mafsalli03.jpg\" data-thumbnail=\"https:\/\/www.akgultente.com\/wp-content\/gallery\/11-mafsalli-tente\/thumbs\/thumbs_mafsalli03.jpg\" data-title=\"mafsalli03\" data-description=\" \" >\n\t\t\t\t\t\t\t\t<img title=\"mafsalli03\" alt=\"mafsalli03\" src=\"https:\/\/www.akgultente.com\/wp-content\/gallery\/11-mafsalli-tente\/thumbs\/thumbs_mafsalli03.jpg\" width='240' height='160' \/>\n\t\t\t\t\t\t\t<\/a>\n\t\t<\/div>\n\t<\/div>\n\n\t\t\t\t\t\t\t\t\t\n\t\t\n\t<!-- Pagination -->\n\t\t<div class='ngg-navigation'><span class='current'>1<\/span>\n<a class='page-numbers' data-pageid='2' href='https:\/\/www.akgultente.com\/index.php\/nggallery\/page\/2?page_id=88'>2<\/a>\n<a class='prev' href='https:\/\/www.akgultente.com\/index.php\/nggallery\/page\/2?page_id=88' data-pageid=2>&#9658;<\/a><\/div>\t\n<\/div>\n\n\t<\/p>\n","protected":false},"excerpt":{"rendered":"<p>&nbsp; Mafsall\u0131 tente dar manevra alanlar\u0131na sahip mekanlarda kullan\u0131lan, mafsal fonksiyonu sayesinde ileri geri hareket ettirilerek ayarlanabilen bir tente sistemidir. Mafsall\u0131 tente, genelde d\u0131\u015f mekanlarda tente ve branda gereksinimi duyulan alanlarda kullan\u0131lan<a class=\"moretag\" href=\"https:\/\/www.akgultente.com\/?page_id=88\">Read More&#8230;<\/a><\/p>\n","protected":false},"author":1,"featured_media":0,"parent":0,"menu_order":0,"comment_status":"closed","ping_status":"closed","template":"","meta":{"ngg_post_thumbnail":0,"footnotes":""},"class_list":["post-88","page","type-page","status-publish","hentry"],"_links":{"self":[{"href":"https:\/\/www.akgultente.com\/index.php?rest_route=\/wp\/v2\/pages\/88","targetHints":{"allow":["GET"]}}],"collection":[{"href":"https:\/\/www.akgultente.com\/index.php?rest_route=\/wp\/v2\/pages"}],"about":[{"href":"https:\/\/www.akgultente.com\/index.php?rest_route=\/wp\/v2\/types\/page"}],"author":[{"embeddable":true,"href":"https:\/\/www.akgultente.com\/index.php?rest_route=\/wp\/v2\/users\/1"}],"replies":[{"embeddable":true,"href":"https:\/\/www.akgultente.com\/index.php?rest_route=%2Fwp%2Fv2%2Fcomments&post=88"}],"version-history":[{"count":5,"href":"https:\/\/www.akgultente.com\/index.php?rest_route=\/wp\/v2\/pages\/88\/revisions"}],"predecessor-version":[{"id":744,"href":"https:\/\/www.akgultente.com\/index.php?rest_route=\/wp\/v2\/pages\/88\/revisions\/744"}],"wp:attachment":[{"href":"https:\/\/www.akgultente.com\/index.php?rest_route=%2Fwp%2Fv2%2Fmedia&parent=88"}],"curies":[{"name":"wp","href":"https:\/\/api.w.org\/{rel}","templated":true}]}}