{"id":87,"date":"2016-06-21T20:59:48","date_gmt":"2016-06-21T20:59:48","guid":{"rendered":"http:\/\/www.akgultente.com\/deneme\/?page_id=87"},"modified":"2016-06-27T23:07:00","modified_gmt":"2016-06-27T21:07:00","slug":"koruklu-tente","status":"publish","type":"page","link":"https:\/\/www.akgultente.com\/?page_id=87","title":{"rendered":"K\u00f6r\u00fckl\u00fc Tente"},"content":{"rendered":"<p><a href=\"http:\/\/www.akgultente.com\/wp-content\/uploads\/2016\/06\/10-koruklu-tente.jpg\"><img loading=\"lazy\" decoding=\"async\" class=\"alignnone wp-image-57 size-full\" src=\"http:\/\/www.akgultente.com\/wp-content\/uploads\/2016\/06\/10-koruklu-tente.jpg\" alt=\"10-koruklu-tente\" width=\"900\" height=\"212\" srcset=\"https:\/\/www.akgultente.com\/wp-content\/uploads\/2016\/06\/10-koruklu-tente.jpg 900w, https:\/\/www.akgultente.com\/wp-content\/uploads\/2016\/06\/10-koruklu-tente-300x71.jpg 300w, https:\/\/www.akgultente.com\/wp-content\/uploads\/2016\/06\/10-koruklu-tente-768x181.jpg 768w\" sizes=\"auto, (max-width: 900px) 100vw, 900px\" \/><\/a><\/p>\n<p>&nbsp;<\/p>\n<p><strong>K\u00f6r\u00fckl\u00fc tentenin iskeletinde, elektrostatik boyal\u0131 al\u00fcminyum profiller paslanma olu\u015fmaz ve monte b\u00f6l\u00fcm\u00fcne su kontras\u0131 olan bir malzeme gizleyerek kuma\u015f\u0131n montesini bunun \u00fczerine yap\u0131yoruz. Bu sayede daha uzun \u00f6m\u00fcrl\u00fc ve iskelet \u00fczerinden ayr\u0131lmas\u0131 vs gibi problemleri \u00f6nlemi\u015f oluyoruz.<\/strong><\/p>\n<p>&nbsp;<\/p>\n<p>\n<div class=\"ngg-galleryoverview\" id=\"ngg-gallery-bc6e3c28887f1bf69a8d7135204b1636-87\">\n\n\t\t\n\t<!-- Thumbnails -->\n\t\t\t\t\t\n\t<div id=\"ngg-image-251\" class=\"ngg-gallery-thumbnail-box\"  >\n\t\t<div class=\"ngg-gallery-thumbnail\" >\n\t\t\t<a href=\"https:\/\/www.akgultente.com\/wp-content\/gallery\/koruklu\/koruklu11.JPG\"\n\t\t\t\ttitle=\" \"\n\t\t\t\tclass=\"ngg-fancybox\" rel=\"bc6e3c28887f1bf69a8d7135204b1636\" data-image-id=\"251\" data-src=\"https:\/\/www.akgultente.com\/wp-content\/gallery\/koruklu\/koruklu11.JPG\" data-thumbnail=\"https:\/\/www.akgultente.com\/wp-content\/gallery\/koruklu\/thumbs\/thumbs_koruklu11.JPG\" data-title=\"koruklu11\" data-description=\" \" >\n\t\t\t\t\t\t\t\t<img title=\"koruklu11\" alt=\"koruklu11\" src=\"https:\/\/www.akgultente.com\/wp-content\/gallery\/koruklu\/thumbs\/thumbs_koruklu11.JPG\" width='240' height='160' \/>\n\t\t\t\t\t\t\t<\/a>\n\t\t<\/div>\n\t<\/div>\n\n\t\t\t\t\t\t\t\t\t\n\t\t\n\t<div id=\"ngg-image-261\" class=\"ngg-gallery-thumbnail-box\"  >\n\t\t<div class=\"ngg-gallery-thumbnail\" >\n\t\t\t<a href=\"https:\/\/www.akgultente.com\/wp-content\/gallery\/koruklu\/koruklu21.jpg\"\n\t\t\t\ttitle=\" \"\n\t\t\t\tclass=\"ngg-fancybox\" rel=\"bc6e3c28887f1bf69a8d7135204b1636\" data-image-id=\"261\" data-src=\"https:\/\/www.akgultente.com\/wp-content\/gallery\/koruklu\/koruklu21.jpg\" data-thumbnail=\"https:\/\/www.akgultente.com\/wp-content\/gallery\/koruklu\/thumbs\/thumbs_koruklu21.jpg\" data-title=\"koruklu21\" data-description=\" \" >\n\t\t\t\t\t\t\t\t<img title=\"koruklu21\" alt=\"koruklu21\" src=\"https:\/\/www.akgultente.com\/wp-content\/gallery\/koruklu\/thumbs\/thumbs_koruklu21.jpg\" width='240' height='160' \/>\n\t\t\t\t\t\t\t<\/a>\n\t\t<\/div>\n\t<\/div>\n\n\t\t\t\t\t\t\t\t\t\n\t\t\n\t<div id=\"ngg-image-260\" class=\"ngg-gallery-thumbnail-box\"  >\n\t\t<div class=\"ngg-gallery-thumbnail\" >\n\t\t\t<a href=\"https:\/\/www.akgultente.com\/wp-content\/gallery\/koruklu\/koruklu20.JPG\"\n\t\t\t\ttitle=\" \"\n\t\t\t\tclass=\"ngg-fancybox\" rel=\"bc6e3c28887f1bf69a8d7135204b1636\" data-image-id=\"260\" data-src=\"https:\/\/www.akgultente.com\/wp-content\/gallery\/koruklu\/koruklu20.JPG\" data-thumbnail=\"https:\/\/www.akgultente.com\/wp-content\/gallery\/koruklu\/thumbs\/thumbs_koruklu20.JPG\" data-title=\"koruklu20\" data-description=\" \" >\n\t\t\t\t\t\t\t\t<img title=\"koruklu20\" alt=\"koruklu20\" src=\"https:\/\/www.akgultente.com\/wp-content\/gallery\/koruklu\/thumbs\/thumbs_koruklu20.JPG\" width='240' height='160' \/>\n\t\t\t\t\t\t\t<\/a>\n\t\t<\/div>\n\t<\/div>\n\n\t\t\t\t\t\t\t\t\t\n\t\t\n\t<div id=\"ngg-image-259\" class=\"ngg-gallery-thumbnail-box\"  >\n\t\t<div class=\"ngg-gallery-thumbnail\" >\n\t\t\t<a href=\"https:\/\/www.akgultente.com\/wp-content\/gallery\/koruklu\/koruklu19.JPG\"\n\t\t\t\ttitle=\" \"\n\t\t\t\tclass=\"ngg-fancybox\" rel=\"bc6e3c28887f1bf69a8d7135204b1636\" data-image-id=\"259\" data-src=\"https:\/\/www.akgultente.com\/wp-content\/gallery\/koruklu\/koruklu19.JPG\" data-thumbnail=\"https:\/\/www.akgultente.com\/wp-content\/gallery\/koruklu\/thumbs\/thumbs_koruklu19.JPG\" data-title=\"koruklu19\" data-description=\" \" >\n\t\t\t\t\t\t\t\t<img title=\"koruklu19\" alt=\"koruklu19\" src=\"https:\/\/www.akgultente.com\/wp-content\/gallery\/koruklu\/thumbs\/thumbs_koruklu19.JPG\" width='240' height='160' \/>\n\t\t\t\t\t\t\t<\/a>\n\t\t<\/div>\n\t<\/div>\n\n\t\t\t\t\t\t\t\t\t\n\t\t\n\t<div id=\"ngg-image-258\" class=\"ngg-gallery-thumbnail-box\"  >\n\t\t<div class=\"ngg-gallery-thumbnail\" >\n\t\t\t<a href=\"https:\/\/www.akgultente.com\/wp-content\/gallery\/koruklu\/koruklu18.JPG\"\n\t\t\t\ttitle=\" \"\n\t\t\t\tclass=\"ngg-fancybox\" rel=\"bc6e3c28887f1bf69a8d7135204b1636\" data-image-id=\"258\" data-src=\"https:\/\/www.akgultente.com\/wp-content\/gallery\/koruklu\/koruklu18.JPG\" data-thumbnail=\"https:\/\/www.akgultente.com\/wp-content\/gallery\/koruklu\/thumbs\/thumbs_koruklu18.JPG\" data-title=\"koruklu18\" data-description=\" \" >\n\t\t\t\t\t\t\t\t<img title=\"koruklu18\" alt=\"koruklu18\" src=\"https:\/\/www.akgultente.com\/wp-content\/gallery\/koruklu\/thumbs\/thumbs_koruklu18.JPG\" width='240' height='160' \/>\n\t\t\t\t\t\t\t<\/a>\n\t\t<\/div>\n\t<\/div>\n\n\t\t\t\t\t\t\t\t\t\n\t\t\n\t<div id=\"ngg-image-257\" class=\"ngg-gallery-thumbnail-box\"  >\n\t\t<div class=\"ngg-gallery-thumbnail\" >\n\t\t\t<a href=\"https:\/\/www.akgultente.com\/wp-content\/gallery\/koruklu\/koruklu17.JPG\"\n\t\t\t\ttitle=\" \"\n\t\t\t\tclass=\"ngg-fancybox\" rel=\"bc6e3c28887f1bf69a8d7135204b1636\" data-image-id=\"257\" data-src=\"https:\/\/www.akgultente.com\/wp-content\/gallery\/koruklu\/koruklu17.JPG\" data-thumbnail=\"https:\/\/www.akgultente.com\/wp-content\/gallery\/koruklu\/thumbs\/thumbs_koruklu17.JPG\" data-title=\"koruklu17\" data-description=\" \" >\n\t\t\t\t\t\t\t\t<img title=\"koruklu17\" alt=\"koruklu17\" src=\"https:\/\/www.akgultente.com\/wp-content\/gallery\/koruklu\/thumbs\/thumbs_koruklu17.JPG\" width='240' height='160' \/>\n\t\t\t\t\t\t\t<\/a>\n\t\t<\/div>\n\t<\/div>\n\n\t\t\t\t\t\t\t\t\t\n\t\t\n\t<div id=\"ngg-image-256\" class=\"ngg-gallery-thumbnail-box\"  >\n\t\t<div class=\"ngg-gallery-thumbnail\" >\n\t\t\t<a href=\"https:\/\/www.akgultente.com\/wp-content\/gallery\/koruklu\/koruklu16.JPG\"\n\t\t\t\ttitle=\" \"\n\t\t\t\tclass=\"ngg-fancybox\" rel=\"bc6e3c28887f1bf69a8d7135204b1636\" data-image-id=\"256\" data-src=\"https:\/\/www.akgultente.com\/wp-content\/gallery\/koruklu\/koruklu16.JPG\" data-thumbnail=\"https:\/\/www.akgultente.com\/wp-content\/gallery\/koruklu\/thumbs\/thumbs_koruklu16.JPG\" data-title=\"koruklu16\" data-description=\" \" >\n\t\t\t\t\t\t\t\t<img title=\"koruklu16\" alt=\"koruklu16\" src=\"https:\/\/www.akgultente.com\/wp-content\/gallery\/koruklu\/thumbs\/thumbs_koruklu16.JPG\" width='240' height='160' \/>\n\t\t\t\t\t\t\t<\/a>\n\t\t<\/div>\n\t<\/div>\n\n\t\t\t\t\t\t\t\t\t\n\t\t\n\t<div id=\"ngg-image-255\" class=\"ngg-gallery-thumbnail-box\"  >\n\t\t<div class=\"ngg-gallery-thumbnail\" >\n\t\t\t<a href=\"https:\/\/www.akgultente.com\/wp-content\/gallery\/koruklu\/koruklu15.JPG\"\n\t\t\t\ttitle=\" \"\n\t\t\t\tclass=\"ngg-fancybox\" rel=\"bc6e3c28887f1bf69a8d7135204b1636\" data-image-id=\"255\" data-src=\"https:\/\/www.akgultente.com\/wp-content\/gallery\/koruklu\/koruklu15.JPG\" data-thumbnail=\"https:\/\/www.akgultente.com\/wp-content\/gallery\/koruklu\/thumbs\/thumbs_koruklu15.JPG\" data-title=\"koruklu15\" data-description=\" \" >\n\t\t\t\t\t\t\t\t<img title=\"koruklu15\" alt=\"koruklu15\" src=\"https:\/\/www.akgultente.com\/wp-content\/gallery\/koruklu\/thumbs\/thumbs_koruklu15.JPG\" width='240' height='160' \/>\n\t\t\t\t\t\t\t<\/a>\n\t\t<\/div>\n\t<\/div>\n\n\t\t\t\t\t\t\t\t\t\n\t\t\n\t<div id=\"ngg-image-263\" class=\"ngg-gallery-thumbnail-box\"  >\n\t\t<div class=\"ngg-gallery-thumbnail\" >\n\t\t\t<a href=\"https:\/\/www.akgultente.com\/wp-content\/gallery\/koruklu\/koruklu23.JPG\"\n\t\t\t\ttitle=\" \"\n\t\t\t\tclass=\"ngg-fancybox\" rel=\"bc6e3c28887f1bf69a8d7135204b1636\" data-image-id=\"263\" data-src=\"https:\/\/www.akgultente.com\/wp-content\/gallery\/koruklu\/koruklu23.JPG\" data-thumbnail=\"https:\/\/www.akgultente.com\/wp-content\/gallery\/koruklu\/thumbs\/thumbs_koruklu23.JPG\" data-title=\"koruklu23\" data-description=\" \" >\n\t\t\t\t\t\t\t\t<img title=\"koruklu23\" alt=\"koruklu23\" src=\"https:\/\/www.akgultente.com\/wp-content\/gallery\/koruklu\/thumbs\/thumbs_koruklu23.JPG\" width='240' height='160' \/>\n\t\t\t\t\t\t\t<\/a>\n\t\t<\/div>\n\t<\/div>\n\n\t\t\t\t\t\t\t\t\t\n\t\t\n\t<div id=\"ngg-image-253\" class=\"ngg-gallery-thumbnail-box\"  >\n\t\t<div class=\"ngg-gallery-thumbnail\" >\n\t\t\t<a href=\"https:\/\/www.akgultente.com\/wp-content\/gallery\/koruklu\/koruklu13.JPG\"\n\t\t\t\ttitle=\" \"\n\t\t\t\tclass=\"ngg-fancybox\" rel=\"bc6e3c28887f1bf69a8d7135204b1636\" data-image-id=\"253\" data-src=\"https:\/\/www.akgultente.com\/wp-content\/gallery\/koruklu\/koruklu13.JPG\" data-thumbnail=\"https:\/\/www.akgultente.com\/wp-content\/gallery\/koruklu\/thumbs\/thumbs_koruklu13.JPG\" data-title=\"koruklu13\" data-description=\" \" >\n\t\t\t\t\t\t\t\t<img title=\"koruklu13\" alt=\"koruklu13\" src=\"https:\/\/www.akgultente.com\/wp-content\/gallery\/koruklu\/thumbs\/thumbs_koruklu13.JPG\" width='240' height='160' \/>\n\t\t\t\t\t\t\t<\/a>\n\t\t<\/div>\n\t<\/div>\n\n\t\t\t\t\t\t\t\t\t\n\t\t\n\t<div id=\"ngg-image-252\" class=\"ngg-gallery-thumbnail-box\"  >\n\t\t<div class=\"ngg-gallery-thumbnail\" >\n\t\t\t<a href=\"https:\/\/www.akgultente.com\/wp-content\/gallery\/koruklu\/koruklu12.JPG\"\n\t\t\t\ttitle=\" \"\n\t\t\t\tclass=\"ngg-fancybox\" rel=\"bc6e3c28887f1bf69a8d7135204b1636\" data-image-id=\"252\" data-src=\"https:\/\/www.akgultente.com\/wp-content\/gallery\/koruklu\/koruklu12.JPG\" data-thumbnail=\"https:\/\/www.akgultente.com\/wp-content\/gallery\/koruklu\/thumbs\/thumbs_koruklu12.JPG\" data-title=\"koruklu12\" data-description=\" \" >\n\t\t\t\t\t\t\t\t<img title=\"koruklu12\" alt=\"koruklu12\" src=\"https:\/\/www.akgultente.com\/wp-content\/gallery\/koruklu\/thumbs\/thumbs_koruklu12.JPG\" width='240' height='160' \/>\n\t\t\t\t\t\t\t<\/a>\n\t\t<\/div>\n\t<\/div>\n\n\t\t\t\t\t\t\t\t\t\n\t\t\n\t<div id=\"ngg-image-241\" class=\"ngg-gallery-thumbnail-box\"  >\n\t\t<div class=\"ngg-gallery-thumbnail\" >\n\t\t\t<a href=\"https:\/\/www.akgultente.com\/wp-content\/gallery\/koruklu\/koruklu01.JPG\"\n\t\t\t\ttitle=\" \"\n\t\t\t\tclass=\"ngg-fancybox\" rel=\"bc6e3c28887f1bf69a8d7135204b1636\" data-image-id=\"241\" data-src=\"https:\/\/www.akgultente.com\/wp-content\/gallery\/koruklu\/koruklu01.JPG\" data-thumbnail=\"https:\/\/www.akgultente.com\/wp-content\/gallery\/koruklu\/thumbs\/thumbs_koruklu01.JPG\" data-title=\"koruklu01\" data-description=\" \" >\n\t\t\t\t\t\t\t\t<img title=\"koruklu01\" alt=\"koruklu01\" src=\"https:\/\/www.akgultente.com\/wp-content\/gallery\/koruklu\/thumbs\/thumbs_koruklu01.JPG\" width='240' height='160' \/>\n\t\t\t\t\t\t\t<\/a>\n\t\t<\/div>\n\t<\/div>\n\n\t\t\t\t\t\t\t\t\t\n\t\t\n\t<div id=\"ngg-image-250\" class=\"ngg-gallery-thumbnail-box\"  >\n\t\t<div class=\"ngg-gallery-thumbnail\" >\n\t\t\t<a href=\"https:\/\/www.akgultente.com\/wp-content\/gallery\/koruklu\/koruklu10.JPG\"\n\t\t\t\ttitle=\" \"\n\t\t\t\tclass=\"ngg-fancybox\" rel=\"bc6e3c28887f1bf69a8d7135204b1636\" data-image-id=\"250\" data-src=\"https:\/\/www.akgultente.com\/wp-content\/gallery\/koruklu\/koruklu10.JPG\" data-thumbnail=\"https:\/\/www.akgultente.com\/wp-content\/gallery\/koruklu\/thumbs\/thumbs_koruklu10.JPG\" data-title=\"koruklu10\" data-description=\" \" >\n\t\t\t\t\t\t\t\t<img title=\"koruklu10\" alt=\"koruklu10\" src=\"https:\/\/www.akgultente.com\/wp-content\/gallery\/koruklu\/thumbs\/thumbs_koruklu10.JPG\" width='240' height='160' \/>\n\t\t\t\t\t\t\t<\/a>\n\t\t<\/div>\n\t<\/div>\n\n\t\t\t\t\t\t\t\t\t\n\t\t\n\t<div id=\"ngg-image-249\" class=\"ngg-gallery-thumbnail-box\"  >\n\t\t<div class=\"ngg-gallery-thumbnail\" >\n\t\t\t<a href=\"https:\/\/www.akgultente.com\/wp-content\/gallery\/koruklu\/koruklu09.JPG\"\n\t\t\t\ttitle=\" \"\n\t\t\t\tclass=\"ngg-fancybox\" rel=\"bc6e3c28887f1bf69a8d7135204b1636\" data-image-id=\"249\" data-src=\"https:\/\/www.akgultente.com\/wp-content\/gallery\/koruklu\/koruklu09.JPG\" data-thumbnail=\"https:\/\/www.akgultente.com\/wp-content\/gallery\/koruklu\/thumbs\/thumbs_koruklu09.JPG\" data-title=\"koruklu09\" data-description=\" \" >\n\t\t\t\t\t\t\t\t<img title=\"koruklu09\" alt=\"koruklu09\" src=\"https:\/\/www.akgultente.com\/wp-content\/gallery\/koruklu\/thumbs\/thumbs_koruklu09.JPG\" width='240' height='160' \/>\n\t\t\t\t\t\t\t<\/a>\n\t\t<\/div>\n\t<\/div>\n\n\t\t\t\t\t\t\t\t\t\n\t\t\n\t<div id=\"ngg-image-248\" class=\"ngg-gallery-thumbnail-box\"  >\n\t\t<div class=\"ngg-gallery-thumbnail\" >\n\t\t\t<a href=\"https:\/\/www.akgultente.com\/wp-content\/gallery\/koruklu\/koruklu08.JPG\"\n\t\t\t\ttitle=\" \"\n\t\t\t\tclass=\"ngg-fancybox\" rel=\"bc6e3c28887f1bf69a8d7135204b1636\" data-image-id=\"248\" data-src=\"https:\/\/www.akgultente.com\/wp-content\/gallery\/koruklu\/koruklu08.JPG\" data-thumbnail=\"https:\/\/www.akgultente.com\/wp-content\/gallery\/koruklu\/thumbs\/thumbs_koruklu08.JPG\" data-title=\"koruklu08\" data-description=\" \" >\n\t\t\t\t\t\t\t\t<img title=\"koruklu08\" alt=\"koruklu08\" src=\"https:\/\/www.akgultente.com\/wp-content\/gallery\/koruklu\/thumbs\/thumbs_koruklu08.JPG\" width='240' height='160' \/>\n\t\t\t\t\t\t\t<\/a>\n\t\t<\/div>\n\t<\/div>\n\n\t\t\t\t\t\t\t\t\t\n\t\t\n\t<div id=\"ngg-image-247\" class=\"ngg-gallery-thumbnail-box\"  >\n\t\t<div class=\"ngg-gallery-thumbnail\" >\n\t\t\t<a href=\"https:\/\/www.akgultente.com\/wp-content\/gallery\/koruklu\/koruklu07.JPG\"\n\t\t\t\ttitle=\" \"\n\t\t\t\tclass=\"ngg-fancybox\" rel=\"bc6e3c28887f1bf69a8d7135204b1636\" data-image-id=\"247\" data-src=\"https:\/\/www.akgultente.com\/wp-content\/gallery\/koruklu\/koruklu07.JPG\" data-thumbnail=\"https:\/\/www.akgultente.com\/wp-content\/gallery\/koruklu\/thumbs\/thumbs_koruklu07.JPG\" data-title=\"koruklu07\" data-description=\" \" >\n\t\t\t\t\t\t\t\t<img title=\"koruklu07\" alt=\"koruklu07\" src=\"https:\/\/www.akgultente.com\/wp-content\/gallery\/koruklu\/thumbs\/thumbs_koruklu07.JPG\" width='240' height='160' \/>\n\t\t\t\t\t\t\t<\/a>\n\t\t<\/div>\n\t<\/div>\n\n\t\t\t\t\t\t\t\t\t\n\t\t\n\t<div id=\"ngg-image-246\" class=\"ngg-gallery-thumbnail-box\"  >\n\t\t<div class=\"ngg-gallery-thumbnail\" >\n\t\t\t<a href=\"https:\/\/www.akgultente.com\/wp-content\/gallery\/koruklu\/koruklu06.JPG\"\n\t\t\t\ttitle=\" \"\n\t\t\t\tclass=\"ngg-fancybox\" rel=\"bc6e3c28887f1bf69a8d7135204b1636\" data-image-id=\"246\" data-src=\"https:\/\/www.akgultente.com\/wp-content\/gallery\/koruklu\/koruklu06.JPG\" data-thumbnail=\"https:\/\/www.akgultente.com\/wp-content\/gallery\/koruklu\/thumbs\/thumbs_koruklu06.JPG\" data-title=\"koruklu06\" data-description=\" \" >\n\t\t\t\t\t\t\t\t<img title=\"koruklu06\" alt=\"koruklu06\" src=\"https:\/\/www.akgultente.com\/wp-content\/gallery\/koruklu\/thumbs\/thumbs_koruklu06.JPG\" width='240' height='160' \/>\n\t\t\t\t\t\t\t<\/a>\n\t\t<\/div>\n\t<\/div>\n\n\t\t\t\t\t\t\t\t\t\n\t\t\n\t<div id=\"ngg-image-245\" class=\"ngg-gallery-thumbnail-box\"  >\n\t\t<div class=\"ngg-gallery-thumbnail\" >\n\t\t\t<a href=\"https:\/\/www.akgultente.com\/wp-content\/gallery\/koruklu\/koruklu05.JPG\"\n\t\t\t\ttitle=\" \"\n\t\t\t\tclass=\"ngg-fancybox\" rel=\"bc6e3c28887f1bf69a8d7135204b1636\" data-image-id=\"245\" data-src=\"https:\/\/www.akgultente.com\/wp-content\/gallery\/koruklu\/koruklu05.JPG\" data-thumbnail=\"https:\/\/www.akgultente.com\/wp-content\/gallery\/koruklu\/thumbs\/thumbs_koruklu05.JPG\" data-title=\"koruklu05\" data-description=\" \" >\n\t\t\t\t\t\t\t\t<img title=\"koruklu05\" alt=\"koruklu05\" src=\"https:\/\/www.akgultente.com\/wp-content\/gallery\/koruklu\/thumbs\/thumbs_koruklu05.JPG\" width='240' height='160' \/>\n\t\t\t\t\t\t\t<\/a>\n\t\t<\/div>\n\t<\/div>\n\n\t\t\t\t\t\t\t\t\t\n\t\t\n\t<div id=\"ngg-image-244\" class=\"ngg-gallery-thumbnail-box\"  >\n\t\t<div class=\"ngg-gallery-thumbnail\" >\n\t\t\t<a href=\"https:\/\/www.akgultente.com\/wp-content\/gallery\/koruklu\/koruklu04.JPG\"\n\t\t\t\ttitle=\" \"\n\t\t\t\tclass=\"ngg-fancybox\" rel=\"bc6e3c28887f1bf69a8d7135204b1636\" data-image-id=\"244\" data-src=\"https:\/\/www.akgultente.com\/wp-content\/gallery\/koruklu\/koruklu04.JPG\" data-thumbnail=\"https:\/\/www.akgultente.com\/wp-content\/gallery\/koruklu\/thumbs\/thumbs_koruklu04.JPG\" data-title=\"koruklu04\" data-description=\" \" >\n\t\t\t\t\t\t\t\t<img title=\"koruklu04\" alt=\"koruklu04\" src=\"https:\/\/www.akgultente.com\/wp-content\/gallery\/koruklu\/thumbs\/thumbs_koruklu04.JPG\" width='240' height='160' \/>\n\t\t\t\t\t\t\t<\/a>\n\t\t<\/div>\n\t<\/div>\n\n\t\t\t\t\t\t\t\t\t\n\t\t\n\t<div id=\"ngg-image-243\" class=\"ngg-gallery-thumbnail-box\"  >\n\t\t<div class=\"ngg-gallery-thumbnail\" >\n\t\t\t<a href=\"https:\/\/www.akgultente.com\/wp-content\/gallery\/koruklu\/koruklu03.JPG\"\n\t\t\t\ttitle=\" \"\n\t\t\t\tclass=\"ngg-fancybox\" rel=\"bc6e3c28887f1bf69a8d7135204b1636\" data-image-id=\"243\" data-src=\"https:\/\/www.akgultente.com\/wp-content\/gallery\/koruklu\/koruklu03.JPG\" data-thumbnail=\"https:\/\/www.akgultente.com\/wp-content\/gallery\/koruklu\/thumbs\/thumbs_koruklu03.JPG\" data-title=\"koruklu03\" data-description=\" \" >\n\t\t\t\t\t\t\t\t<img title=\"koruklu03\" alt=\"koruklu03\" src=\"https:\/\/www.akgultente.com\/wp-content\/gallery\/koruklu\/thumbs\/thumbs_koruklu03.JPG\" width='240' height='160' \/>\n\t\t\t\t\t\t\t<\/a>\n\t\t<\/div>\n\t<\/div>\n\n\t\t\t\t\t\t\t\t\t\n\t\t\n\t<!-- Pagination -->\n\t\t<div class='ngg-navigation'><span class='current'>1<\/span>\n<a class='page-numbers' data-pageid='2' href='https:\/\/www.akgultente.com\/index.php\/nggallery\/page\/2?page_id=87'>2<\/a>\n<a class='prev' href='https:\/\/www.akgultente.com\/index.php\/nggallery\/page\/2?page_id=87' data-pageid=2>&#9658;<\/a><\/div>\t\n<\/div>\n\n\t<\/p>\n","protected":false},"excerpt":{"rendered":"<p>&nbsp; K\u00f6r\u00fckl\u00fc tentenin iskeletinde, elektrostatik boyal\u0131 al\u00fcminyum profiller paslanma olu\u015fmaz ve monte b\u00f6l\u00fcm\u00fcne su kontras\u0131 olan bir malzeme gizleyerek kuma\u015f\u0131n montesini bunun \u00fczerine yap\u0131yoruz. Bu sayede daha uzun \u00f6m\u00fcrl\u00fc ve iskelet \u00fczerinden<a class=\"moretag\" href=\"https:\/\/www.akgultente.com\/?page_id=87\">Read More&#8230;<\/a><\/p>\n","protected":false},"author":1,"featured_media":0,"parent":0,"menu_order":0,"comment_status":"closed","ping_status":"closed","template":"","meta":{"ngg_post_thumbnail":0,"footnotes":""},"class_list":["post-87","page","type-page","status-publish","hentry"],"_links":{"self":[{"href":"https:\/\/www.akgultente.com\/index.php?rest_route=\/wp\/v2\/pages\/87","targetHints":{"allow":["GET"]}}],"collection":[{"href":"https:\/\/www.akgultente.com\/index.php?rest_route=\/wp\/v2\/pages"}],"about":[{"href":"https:\/\/www.akgultente.com\/index.php?rest_route=\/wp\/v2\/types\/page"}],"author":[{"embeddable":true,"href":"https:\/\/www.akgultente.com\/index.php?rest_route=\/wp\/v2\/users\/1"}],"replies":[{"embeddable":true,"href":"https:\/\/www.akgultente.com\/index.php?rest_route=%2Fwp%2Fv2%2Fcomments&post=87"}],"version-history":[{"count":5,"href":"https:\/\/www.akgultente.com\/index.php?rest_route=\/wp\/v2\/pages\/87\/revisions"}],"predecessor-version":[{"id":751,"href":"https:\/\/www.akgultente.com\/index.php?rest_route=\/wp\/v2\/pages\/87\/revisions\/751"}],"wp:attachment":[{"href":"https:\/\/www.akgultente.com\/index.php?rest_route=%2Fwp%2Fv2%2Fmedia&parent=87"}],"curies":[{"name":"wp","href":"https:\/\/api.w.org\/{rel}","templated":true}]}}