{"id":81,"date":"2016-06-21T20:58:38","date_gmt":"2016-06-21T20:58:38","guid":{"rendered":"http:\/\/www.akgultente.com\/deneme\/?page_id=81"},"modified":"2016-06-27T22:57:25","modified_gmt":"2016-06-27T20:57:25","slug":"kis-bahcesi","status":"publish","type":"page","link":"https:\/\/www.akgultente.com\/?page_id=81","title":{"rendered":"K\u0131\u015f Bah\u00e7esi"},"content":{"rendered":"<p><strong>K\u0131\u015f bah\u00e7eleri, modern, kullan\u0131\u015fl\u0131, havadar bir ortam sa\u011flar ve etraf\u0131ndaki katlan\u0131r cam sistemleri de yine \u015feffaf oldu\u011fundan tavan ve etraf bir b\u00fct\u00fcn olarak birle\u015fir ve \u015feffafl\u0131\u011f\u0131n verdi\u011fi o ferahl\u0131k ile k\u0131\u015f bah\u00e7eleriniz evinizin en g\u00fczel k\u00f6\u015fesi olacakt\u0131r..<\/strong><\/p>\n<p>\n<div class=\"ngg-galleryoverview\" id=\"ngg-gallery-0597e73dde4920987edd7ba50723a9a6-81\">\n\n\t\t\n\t<!-- Thumbnails -->\n\t\t\t\t\t\n\t<div id=\"ngg-image-105\" class=\"ngg-gallery-thumbnail-box\"  >\n\t\t<div class=\"ngg-gallery-thumbnail\" >\n\t\t\t<a href=\"https:\/\/www.akgultente.com\/wp-content\/gallery\/09-kis-bahcesi\/kisbahce12.JPG\"\n\t\t\t\ttitle=\" \"\n\t\t\t\tclass=\"ngg-fancybox\" rel=\"0597e73dde4920987edd7ba50723a9a6\" data-image-id=\"105\" data-src=\"https:\/\/www.akgultente.com\/wp-content\/gallery\/09-kis-bahcesi\/kisbahce12.JPG\" data-thumbnail=\"https:\/\/www.akgultente.com\/wp-content\/gallery\/09-kis-bahcesi\/thumbs\/thumbs_kisbahce12.JPG\" data-title=\"kisbahce12\" data-description=\" \" >\n\t\t\t\t\t\t\t\t<img title=\"kisbahce12\" alt=\"kisbahce12\" src=\"https:\/\/www.akgultente.com\/wp-content\/gallery\/09-kis-bahcesi\/thumbs\/thumbs_kisbahce12.JPG\" width='240' height='160' \/>\n\t\t\t\t\t\t\t<\/a>\n\t\t<\/div>\n\t<\/div>\n\n\t\t\t\t\t\t\t\t\t\n\t\t\n\t<div id=\"ngg-image-276\" class=\"ngg-gallery-thumbnail-box\"  >\n\t\t<div class=\"ngg-gallery-thumbnail\" >\n\t\t\t<a href=\"https:\/\/www.akgultente.com\/wp-content\/gallery\/09-kis-bahcesi\/Resim%20517.jpg\"\n\t\t\t\ttitle=\" \"\n\t\t\t\tclass=\"ngg-fancybox\" rel=\"0597e73dde4920987edd7ba50723a9a6\" data-image-id=\"276\" data-src=\"https:\/\/www.akgultente.com\/wp-content\/gallery\/09-kis-bahcesi\/Resim%20517.jpg\" data-thumbnail=\"https:\/\/www.akgultente.com\/wp-content\/gallery\/09-kis-bahcesi\/thumbs\/thumbs_Resim%20517.jpg\" data-title=\"Resim 517\" data-description=\" \" >\n\t\t\t\t\t\t\t\t<img title=\"Resim 517\" alt=\"Resim 517\" src=\"https:\/\/www.akgultente.com\/wp-content\/gallery\/09-kis-bahcesi\/thumbs\/thumbs_Resim%20517.jpg\" width='240' height='160' \/>\n\t\t\t\t\t\t\t<\/a>\n\t\t<\/div>\n\t<\/div>\n\n\t\t\t\t\t\t\t\t\t\n\t\t\n\t<div id=\"ngg-image-282\" class=\"ngg-gallery-thumbnail-box\"  >\n\t\t<div class=\"ngg-gallery-thumbnail\" >\n\t\t\t<a href=\"https:\/\/www.akgultente.com\/wp-content\/gallery\/09-kis-bahcesi\/20161116_143205.jpg\"\n\t\t\t\ttitle=\" \"\n\t\t\t\tclass=\"ngg-fancybox\" rel=\"0597e73dde4920987edd7ba50723a9a6\" data-image-id=\"282\" data-src=\"https:\/\/www.akgultente.com\/wp-content\/gallery\/09-kis-bahcesi\/20161116_143205.jpg\" data-thumbnail=\"https:\/\/www.akgultente.com\/wp-content\/gallery\/09-kis-bahcesi\/thumbs\/thumbs_20161116_143205.jpg\" data-title=\"20161116_143205\" data-description=\" \" >\n\t\t\t\t\t\t\t\t<img title=\"20161116_143205\" alt=\"20161116_143205\" src=\"https:\/\/www.akgultente.com\/wp-content\/gallery\/09-kis-bahcesi\/thumbs\/thumbs_20161116_143205.jpg\" width='240' height='160' \/>\n\t\t\t\t\t\t\t<\/a>\n\t\t<\/div>\n\t<\/div>\n\n\t\t\t\t\t\t\t\t\t\n\t\t\n\t<div id=\"ngg-image-113\" class=\"ngg-gallery-thumbnail-box\"  >\n\t\t<div class=\"ngg-gallery-thumbnail\" >\n\t\t\t<a href=\"https:\/\/www.akgultente.com\/wp-content\/gallery\/09-kis-bahcesi\/kisbahce20.JPG\"\n\t\t\t\ttitle=\" \"\n\t\t\t\tclass=\"ngg-fancybox\" rel=\"0597e73dde4920987edd7ba50723a9a6\" data-image-id=\"113\" data-src=\"https:\/\/www.akgultente.com\/wp-content\/gallery\/09-kis-bahcesi\/kisbahce20.JPG\" data-thumbnail=\"https:\/\/www.akgultente.com\/wp-content\/gallery\/09-kis-bahcesi\/thumbs\/thumbs_kisbahce20.JPG\" data-title=\"kisbahce20\" data-description=\" \" >\n\t\t\t\t\t\t\t\t<img title=\"kisbahce20\" alt=\"kisbahce20\" src=\"https:\/\/www.akgultente.com\/wp-content\/gallery\/09-kis-bahcesi\/thumbs\/thumbs_kisbahce20.JPG\" width='240' height='160' \/>\n\t\t\t\t\t\t\t<\/a>\n\t\t<\/div>\n\t<\/div>\n\n\t\t\t\t\t\t\t\t\t\n\t\t\n\t<div id=\"ngg-image-112\" class=\"ngg-gallery-thumbnail-box\"  >\n\t\t<div class=\"ngg-gallery-thumbnail\" >\n\t\t\t<a href=\"https:\/\/www.akgultente.com\/wp-content\/gallery\/09-kis-bahcesi\/kisbahce19.JPG\"\n\t\t\t\ttitle=\" \"\n\t\t\t\tclass=\"ngg-fancybox\" rel=\"0597e73dde4920987edd7ba50723a9a6\" data-image-id=\"112\" data-src=\"https:\/\/www.akgultente.com\/wp-content\/gallery\/09-kis-bahcesi\/kisbahce19.JPG\" data-thumbnail=\"https:\/\/www.akgultente.com\/wp-content\/gallery\/09-kis-bahcesi\/thumbs\/thumbs_kisbahce19.JPG\" data-title=\"kisbahce19\" data-description=\" \" >\n\t\t\t\t\t\t\t\t<img title=\"kisbahce19\" alt=\"kisbahce19\" src=\"https:\/\/www.akgultente.com\/wp-content\/gallery\/09-kis-bahcesi\/thumbs\/thumbs_kisbahce19.JPG\" width='240' height='160' \/>\n\t\t\t\t\t\t\t<\/a>\n\t\t<\/div>\n\t<\/div>\n\n\t\t\t\t\t\t\t\t\t\n\t\t\n\t<div id=\"ngg-image-111\" class=\"ngg-gallery-thumbnail-box\"  >\n\t\t<div class=\"ngg-gallery-thumbnail\" >\n\t\t\t<a href=\"https:\/\/www.akgultente.com\/wp-content\/gallery\/09-kis-bahcesi\/kisbahce18.JPG\"\n\t\t\t\ttitle=\" \"\n\t\t\t\tclass=\"ngg-fancybox\" rel=\"0597e73dde4920987edd7ba50723a9a6\" data-image-id=\"111\" data-src=\"https:\/\/www.akgultente.com\/wp-content\/gallery\/09-kis-bahcesi\/kisbahce18.JPG\" data-thumbnail=\"https:\/\/www.akgultente.com\/wp-content\/gallery\/09-kis-bahcesi\/thumbs\/thumbs_kisbahce18.JPG\" data-title=\"kisbahce18\" data-description=\" \" >\n\t\t\t\t\t\t\t\t<img title=\"kisbahce18\" alt=\"kisbahce18\" src=\"https:\/\/www.akgultente.com\/wp-content\/gallery\/09-kis-bahcesi\/thumbs\/thumbs_kisbahce18.JPG\" width='240' height='160' \/>\n\t\t\t\t\t\t\t<\/a>\n\t\t<\/div>\n\t<\/div>\n\n\t\t\t\t\t\t\t\t\t\n\t\t\n\t<div id=\"ngg-image-110\" class=\"ngg-gallery-thumbnail-box\"  >\n\t\t<div class=\"ngg-gallery-thumbnail\" >\n\t\t\t<a href=\"https:\/\/www.akgultente.com\/wp-content\/gallery\/09-kis-bahcesi\/kisbahce17.JPG\"\n\t\t\t\ttitle=\" \"\n\t\t\t\tclass=\"ngg-fancybox\" rel=\"0597e73dde4920987edd7ba50723a9a6\" data-image-id=\"110\" data-src=\"https:\/\/www.akgultente.com\/wp-content\/gallery\/09-kis-bahcesi\/kisbahce17.JPG\" data-thumbnail=\"https:\/\/www.akgultente.com\/wp-content\/gallery\/09-kis-bahcesi\/thumbs\/thumbs_kisbahce17.JPG\" data-title=\"kisbahce17\" data-description=\" \" >\n\t\t\t\t\t\t\t\t<img title=\"kisbahce17\" alt=\"kisbahce17\" src=\"https:\/\/www.akgultente.com\/wp-content\/gallery\/09-kis-bahcesi\/thumbs\/thumbs_kisbahce17.JPG\" width='240' height='160' \/>\n\t\t\t\t\t\t\t<\/a>\n\t\t<\/div>\n\t<\/div>\n\n\t\t\t\t\t\t\t\t\t\n\t\t\n\t<div id=\"ngg-image-109\" class=\"ngg-gallery-thumbnail-box\"  >\n\t\t<div class=\"ngg-gallery-thumbnail\" >\n\t\t\t<a href=\"https:\/\/www.akgultente.com\/wp-content\/gallery\/09-kis-bahcesi\/kisbahce16.JPG\"\n\t\t\t\ttitle=\" \"\n\t\t\t\tclass=\"ngg-fancybox\" rel=\"0597e73dde4920987edd7ba50723a9a6\" data-image-id=\"109\" data-src=\"https:\/\/www.akgultente.com\/wp-content\/gallery\/09-kis-bahcesi\/kisbahce16.JPG\" data-thumbnail=\"https:\/\/www.akgultente.com\/wp-content\/gallery\/09-kis-bahcesi\/thumbs\/thumbs_kisbahce16.JPG\" data-title=\"kisbahce16\" data-description=\" \" >\n\t\t\t\t\t\t\t\t<img title=\"kisbahce16\" alt=\"kisbahce16\" src=\"https:\/\/www.akgultente.com\/wp-content\/gallery\/09-kis-bahcesi\/thumbs\/thumbs_kisbahce16.JPG\" width='240' height='160' \/>\n\t\t\t\t\t\t\t<\/a>\n\t\t<\/div>\n\t<\/div>\n\n\t\t\t\t\t\t\t\t\t\n\t\t\n\t<div id=\"ngg-image-117\" class=\"ngg-gallery-thumbnail-box\"  >\n\t\t<div class=\"ngg-gallery-thumbnail\" >\n\t\t\t<a href=\"https:\/\/www.akgultente.com\/wp-content\/gallery\/09-kis-bahcesi\/kisbahce24.JPG\"\n\t\t\t\ttitle=\" \"\n\t\t\t\tclass=\"ngg-fancybox\" rel=\"0597e73dde4920987edd7ba50723a9a6\" data-image-id=\"117\" data-src=\"https:\/\/www.akgultente.com\/wp-content\/gallery\/09-kis-bahcesi\/kisbahce24.JPG\" data-thumbnail=\"https:\/\/www.akgultente.com\/wp-content\/gallery\/09-kis-bahcesi\/thumbs\/thumbs_kisbahce24.JPG\" data-title=\"kisbahce24\" data-description=\" \" >\n\t\t\t\t\t\t\t\t<img title=\"kisbahce24\" alt=\"kisbahce24\" src=\"https:\/\/www.akgultente.com\/wp-content\/gallery\/09-kis-bahcesi\/thumbs\/thumbs_kisbahce24.JPG\" width='240' height='160' \/>\n\t\t\t\t\t\t\t<\/a>\n\t\t<\/div>\n\t<\/div>\n\n\t\t\t\t\t\t\t\t\t\n\t\t\n\t<div id=\"ngg-image-277\" class=\"ngg-gallery-thumbnail-box\"  >\n\t\t<div class=\"ngg-gallery-thumbnail\" >\n\t\t\t<a href=\"https:\/\/www.akgultente.com\/wp-content\/gallery\/09-kis-bahcesi\/20161228_164420.jpg\"\n\t\t\t\ttitle=\" \"\n\t\t\t\tclass=\"ngg-fancybox\" rel=\"0597e73dde4920987edd7ba50723a9a6\" data-image-id=\"277\" data-src=\"https:\/\/www.akgultente.com\/wp-content\/gallery\/09-kis-bahcesi\/20161228_164420.jpg\" data-thumbnail=\"https:\/\/www.akgultente.com\/wp-content\/gallery\/09-kis-bahcesi\/thumbs\/thumbs_20161228_164420.jpg\" data-title=\"20161228_164420\" data-description=\" \" >\n\t\t\t\t\t\t\t\t<img title=\"20161228_164420\" alt=\"20161228_164420\" src=\"https:\/\/www.akgultente.com\/wp-content\/gallery\/09-kis-bahcesi\/thumbs\/thumbs_20161228_164420.jpg\" width='240' height='160' \/>\n\t\t\t\t\t\t\t<\/a>\n\t\t<\/div>\n\t<\/div>\n\n\t\t\t\t\t\t\t\t\t\n\t\t\n\t<div id=\"ngg-image-283\" class=\"ngg-gallery-thumbnail-box\"  >\n\t\t<div class=\"ngg-gallery-thumbnail\" >\n\t\t\t<a href=\"https:\/\/www.akgultente.com\/wp-content\/gallery\/09-kis-bahcesi\/20161116_143214.jpg\"\n\t\t\t\ttitle=\" \"\n\t\t\t\tclass=\"ngg-fancybox\" rel=\"0597e73dde4920987edd7ba50723a9a6\" data-image-id=\"283\" data-src=\"https:\/\/www.akgultente.com\/wp-content\/gallery\/09-kis-bahcesi\/20161116_143214.jpg\" data-thumbnail=\"https:\/\/www.akgultente.com\/wp-content\/gallery\/09-kis-bahcesi\/thumbs\/thumbs_20161116_143214.jpg\" data-title=\"20161116_143214\" data-description=\" \" >\n\t\t\t\t\t\t\t\t<img title=\"20161116_143214\" alt=\"20161116_143214\" src=\"https:\/\/www.akgultente.com\/wp-content\/gallery\/09-kis-bahcesi\/thumbs\/thumbs_20161116_143214.jpg\" width='240' height='160' \/>\n\t\t\t\t\t\t\t<\/a>\n\t\t<\/div>\n\t<\/div>\n\n\t\t\t\t\t\t\t\t\t\n\t\t\n\t<div id=\"ngg-image-95\" class=\"ngg-gallery-thumbnail-box\"  >\n\t\t<div class=\"ngg-gallery-thumbnail\" >\n\t\t\t<a href=\"https:\/\/www.akgultente.com\/wp-content\/gallery\/09-kis-bahcesi\/kisbahce01.jpg\"\n\t\t\t\ttitle=\" \"\n\t\t\t\tclass=\"ngg-fancybox\" rel=\"0597e73dde4920987edd7ba50723a9a6\" data-image-id=\"95\" data-src=\"https:\/\/www.akgultente.com\/wp-content\/gallery\/09-kis-bahcesi\/kisbahce01.jpg\" data-thumbnail=\"https:\/\/www.akgultente.com\/wp-content\/gallery\/09-kis-bahcesi\/thumbs\/thumbs_kisbahce01.jpg\" data-title=\"kisbahce01\" data-description=\" \" >\n\t\t\t\t\t\t\t\t<img title=\"kisbahce01\" alt=\"kisbahce01\" src=\"https:\/\/www.akgultente.com\/wp-content\/gallery\/09-kis-bahcesi\/thumbs\/thumbs_kisbahce01.jpg\" width='240' height='160' \/>\n\t\t\t\t\t\t\t<\/a>\n\t\t<\/div>\n\t<\/div>\n\n\t\t\t\t\t\t\t\t\t\n\t\t\n\t<div id=\"ngg-image-104\" class=\"ngg-gallery-thumbnail-box\"  >\n\t\t<div class=\"ngg-gallery-thumbnail\" >\n\t\t\t<a href=\"https:\/\/www.akgultente.com\/wp-content\/gallery\/09-kis-bahcesi\/kisbahce11.JPG\"\n\t\t\t\ttitle=\" \"\n\t\t\t\tclass=\"ngg-fancybox\" rel=\"0597e73dde4920987edd7ba50723a9a6\" data-image-id=\"104\" data-src=\"https:\/\/www.akgultente.com\/wp-content\/gallery\/09-kis-bahcesi\/kisbahce11.JPG\" data-thumbnail=\"https:\/\/www.akgultente.com\/wp-content\/gallery\/09-kis-bahcesi\/thumbs\/thumbs_kisbahce11.JPG\" data-title=\"kisbahce11\" data-description=\" \" >\n\t\t\t\t\t\t\t\t<img title=\"kisbahce11\" alt=\"kisbahce11\" src=\"https:\/\/www.akgultente.com\/wp-content\/gallery\/09-kis-bahcesi\/thumbs\/thumbs_kisbahce11.JPG\" width='240' height='160' \/>\n\t\t\t\t\t\t\t<\/a>\n\t\t<\/div>\n\t<\/div>\n\n\t\t\t\t\t\t\t\t\t\n\t\t\n\t<div id=\"ngg-image-103\" class=\"ngg-gallery-thumbnail-box\"  >\n\t\t<div class=\"ngg-gallery-thumbnail\" >\n\t\t\t<a href=\"https:\/\/www.akgultente.com\/wp-content\/gallery\/09-kis-bahcesi\/kisbahce10.JPG\"\n\t\t\t\ttitle=\" \"\n\t\t\t\tclass=\"ngg-fancybox\" rel=\"0597e73dde4920987edd7ba50723a9a6\" data-image-id=\"103\" data-src=\"https:\/\/www.akgultente.com\/wp-content\/gallery\/09-kis-bahcesi\/kisbahce10.JPG\" data-thumbnail=\"https:\/\/www.akgultente.com\/wp-content\/gallery\/09-kis-bahcesi\/thumbs\/thumbs_kisbahce10.JPG\" data-title=\"kisbahce10\" data-description=\" \" >\n\t\t\t\t\t\t\t\t<img title=\"kisbahce10\" alt=\"kisbahce10\" src=\"https:\/\/www.akgultente.com\/wp-content\/gallery\/09-kis-bahcesi\/thumbs\/thumbs_kisbahce10.JPG\" width='240' height='160' \/>\n\t\t\t\t\t\t\t<\/a>\n\t\t<\/div>\n\t<\/div>\n\n\t\t\t\t\t\t\t\t\t\n\t\t\n\t<div id=\"ngg-image-102\" class=\"ngg-gallery-thumbnail-box\"  >\n\t\t<div class=\"ngg-gallery-thumbnail\" >\n\t\t\t<a href=\"https:\/\/www.akgultente.com\/wp-content\/gallery\/09-kis-bahcesi\/kisbahce09.JPG\"\n\t\t\t\ttitle=\" \"\n\t\t\t\tclass=\"ngg-fancybox\" rel=\"0597e73dde4920987edd7ba50723a9a6\" data-image-id=\"102\" data-src=\"https:\/\/www.akgultente.com\/wp-content\/gallery\/09-kis-bahcesi\/kisbahce09.JPG\" data-thumbnail=\"https:\/\/www.akgultente.com\/wp-content\/gallery\/09-kis-bahcesi\/thumbs\/thumbs_kisbahce09.JPG\" data-title=\"kisbahce09\" data-description=\" \" >\n\t\t\t\t\t\t\t\t<img title=\"kisbahce09\" alt=\"kisbahce09\" src=\"https:\/\/www.akgultente.com\/wp-content\/gallery\/09-kis-bahcesi\/thumbs\/thumbs_kisbahce09.JPG\" width='240' height='160' \/>\n\t\t\t\t\t\t\t<\/a>\n\t\t<\/div>\n\t<\/div>\n\n\t\t\t\t\t\t\t\t\t\n\t\t\n\t<div id=\"ngg-image-101\" class=\"ngg-gallery-thumbnail-box\"  >\n\t\t<div class=\"ngg-gallery-thumbnail\" >\n\t\t\t<a href=\"https:\/\/www.akgultente.com\/wp-content\/gallery\/09-kis-bahcesi\/kisbahce08.JPG\"\n\t\t\t\ttitle=\" \"\n\t\t\t\tclass=\"ngg-fancybox\" rel=\"0597e73dde4920987edd7ba50723a9a6\" data-image-id=\"101\" data-src=\"https:\/\/www.akgultente.com\/wp-content\/gallery\/09-kis-bahcesi\/kisbahce08.JPG\" data-thumbnail=\"https:\/\/www.akgultente.com\/wp-content\/gallery\/09-kis-bahcesi\/thumbs\/thumbs_kisbahce08.JPG\" data-title=\"kisbahce08\" data-description=\" \" >\n\t\t\t\t\t\t\t\t<img title=\"kisbahce08\" alt=\"kisbahce08\" src=\"https:\/\/www.akgultente.com\/wp-content\/gallery\/09-kis-bahcesi\/thumbs\/thumbs_kisbahce08.JPG\" width='240' height='160' \/>\n\t\t\t\t\t\t\t<\/a>\n\t\t<\/div>\n\t<\/div>\n\n\t\t\t\t\t\t\t\t\t\n\t\t\n\t<div id=\"ngg-image-275\" class=\"ngg-gallery-thumbnail-box\"  >\n\t\t<div class=\"ngg-gallery-thumbnail\" >\n\t\t\t<a href=\"https:\/\/www.akgultente.com\/wp-content\/gallery\/09-kis-bahcesi\/20161105_155954.jpg\"\n\t\t\t\ttitle=\" \"\n\t\t\t\tclass=\"ngg-fancybox\" rel=\"0597e73dde4920987edd7ba50723a9a6\" data-image-id=\"275\" data-src=\"https:\/\/www.akgultente.com\/wp-content\/gallery\/09-kis-bahcesi\/20161105_155954.jpg\" data-thumbnail=\"https:\/\/www.akgultente.com\/wp-content\/gallery\/09-kis-bahcesi\/thumbs\/thumbs_20161105_155954.jpg\" data-title=\"20161105_155954\" data-description=\" \" >\n\t\t\t\t\t\t\t\t<img title=\"20161105_155954\" alt=\"20161105_155954\" src=\"https:\/\/www.akgultente.com\/wp-content\/gallery\/09-kis-bahcesi\/thumbs\/thumbs_20161105_155954.jpg\" width='240' height='160' \/>\n\t\t\t\t\t\t\t<\/a>\n\t\t<\/div>\n\t<\/div>\n\n\t\t\t\t\t\t\t\t\t\n\t\t\n\t<div id=\"ngg-image-278\" class=\"ngg-gallery-thumbnail-box\"  >\n\t\t<div class=\"ngg-gallery-thumbnail\" >\n\t\t\t<a href=\"https:\/\/www.akgultente.com\/wp-content\/gallery\/09-kis-bahcesi\/20161228_164427.jpg\"\n\t\t\t\ttitle=\" \"\n\t\t\t\tclass=\"ngg-fancybox\" rel=\"0597e73dde4920987edd7ba50723a9a6\" data-image-id=\"278\" data-src=\"https:\/\/www.akgultente.com\/wp-content\/gallery\/09-kis-bahcesi\/20161228_164427.jpg\" data-thumbnail=\"https:\/\/www.akgultente.com\/wp-content\/gallery\/09-kis-bahcesi\/thumbs\/thumbs_20161228_164427.jpg\" data-title=\"20161228_164427\" data-description=\" \" >\n\t\t\t\t\t\t\t\t<img title=\"20161228_164427\" alt=\"20161228_164427\" src=\"https:\/\/www.akgultente.com\/wp-content\/gallery\/09-kis-bahcesi\/thumbs\/thumbs_20161228_164427.jpg\" width='240' height='160' \/>\n\t\t\t\t\t\t\t<\/a>\n\t\t<\/div>\n\t<\/div>\n\n\t\t\t\t\t\t\t\t\t\n\t\t\n\t<div id=\"ngg-image-98\" class=\"ngg-gallery-thumbnail-box\"  >\n\t\t<div class=\"ngg-gallery-thumbnail\" >\n\t\t\t<a href=\"https:\/\/www.akgultente.com\/wp-content\/gallery\/09-kis-bahcesi\/kisbahce05.jpg\"\n\t\t\t\ttitle=\" \"\n\t\t\t\tclass=\"ngg-fancybox\" rel=\"0597e73dde4920987edd7ba50723a9a6\" data-image-id=\"98\" data-src=\"https:\/\/www.akgultente.com\/wp-content\/gallery\/09-kis-bahcesi\/kisbahce05.jpg\" data-thumbnail=\"https:\/\/www.akgultente.com\/wp-content\/gallery\/09-kis-bahcesi\/thumbs\/thumbs_kisbahce05.jpg\" data-title=\"kisbahce05\" data-description=\" \" >\n\t\t\t\t\t\t\t\t<img title=\"kisbahce05\" alt=\"kisbahce05\" src=\"https:\/\/www.akgultente.com\/wp-content\/gallery\/09-kis-bahcesi\/thumbs\/thumbs_kisbahce05.jpg\" width='240' height='160' \/>\n\t\t\t\t\t\t\t<\/a>\n\t\t<\/div>\n\t<\/div>\n\n\t\t\t\t\t\t\t\t\t\n\t\t\n\t<div id=\"ngg-image-97\" class=\"ngg-gallery-thumbnail-box\"  >\n\t\t<div class=\"ngg-gallery-thumbnail\" >\n\t\t\t<a href=\"https:\/\/www.akgultente.com\/wp-content\/gallery\/09-kis-bahcesi\/kisbahce04.jpg\"\n\t\t\t\ttitle=\" \"\n\t\t\t\tclass=\"ngg-fancybox\" rel=\"0597e73dde4920987edd7ba50723a9a6\" data-image-id=\"97\" data-src=\"https:\/\/www.akgultente.com\/wp-content\/gallery\/09-kis-bahcesi\/kisbahce04.jpg\" data-thumbnail=\"https:\/\/www.akgultente.com\/wp-content\/gallery\/09-kis-bahcesi\/thumbs\/thumbs_kisbahce04.jpg\" data-title=\"kisbahce04\" data-description=\" \" >\n\t\t\t\t\t\t\t\t<img title=\"kisbahce04\" alt=\"kisbahce04\" src=\"https:\/\/www.akgultente.com\/wp-content\/gallery\/09-kis-bahcesi\/thumbs\/thumbs_kisbahce04.jpg\" width='240' height='160' \/>\n\t\t\t\t\t\t\t<\/a>\n\t\t<\/div>\n\t<\/div>\n\n\t\t\t\t\t\t\t\t\t\n\t\t\n\t<!-- Pagination -->\n\t\t<div class='ngg-navigation'><span class='current'>1<\/span>\n<a class='page-numbers' data-pageid='2' href='https:\/\/www.akgultente.com\/index.php\/nggallery\/page\/2?page_id=81'>2<\/a>\n<a class='prev' href='https:\/\/www.akgultente.com\/index.php\/nggallery\/page\/2?page_id=81' data-pageid=2>&#9658;<\/a><\/div>\t\n<\/div>\n\n\t<\/p>\n","protected":false},"excerpt":{"rendered":"<p>K\u0131\u015f bah\u00e7eleri, modern, kullan\u0131\u015fl\u0131, havadar bir ortam sa\u011flar ve etraf\u0131ndaki katlan\u0131r cam sistemleri de yine \u015feffaf oldu\u011fundan tavan ve etraf bir b\u00fct\u00fcn olarak birle\u015fir ve \u015feffafl\u0131\u011f\u0131n verdi\u011fi o ferahl\u0131k ile k\u0131\u015f bah\u00e7eleriniz<a class=\"moretag\" href=\"https:\/\/www.akgultente.com\/?page_id=81\">Read More&#8230;<\/a><\/p>\n","protected":false},"author":1,"featured_media":0,"parent":0,"menu_order":0,"comment_status":"closed","ping_status":"closed","template":"","meta":{"ngg_post_thumbnail":0,"footnotes":""},"class_list":["post-81","page","type-page","status-publish","hentry"],"_links":{"self":[{"href":"https:\/\/www.akgultente.com\/index.php?rest_route=\/wp\/v2\/pages\/81","targetHints":{"allow":["GET"]}}],"collection":[{"href":"https:\/\/www.akgultente.com\/index.php?rest_route=\/wp\/v2\/pages"}],"about":[{"href":"https:\/\/www.akgultente.com\/index.php?rest_route=\/wp\/v2\/types\/page"}],"author":[{"embeddable":true,"href":"https:\/\/www.akgultente.com\/index.php?rest_route=\/wp\/v2\/users\/1"}],"replies":[{"embeddable":true,"href":"https:\/\/www.akgultente.com\/index.php?rest_route=%2Fwp%2Fv2%2Fcomments&post=81"}],"version-history":[{"count":4,"href":"https:\/\/www.akgultente.com\/index.php?rest_route=\/wp\/v2\/pages\/81\/revisions"}],"predecessor-version":[{"id":745,"href":"https:\/\/www.akgultente.com\/index.php?rest_route=\/wp\/v2\/pages\/81\/revisions\/745"}],"wp:attachment":[{"href":"https:\/\/www.akgultente.com\/index.php?rest_route=%2Fwp%2Fv2%2Fmedia&parent=81"}],"curies":[{"name":"wp","href":"https:\/\/api.w.org\/{rel}","templated":true}]}}