{"id":79,"date":"2016-06-21T20:58:00","date_gmt":"2016-06-21T20:58:00","guid":{"rendered":"http:\/\/www.akgultente.com\/deneme\/?page_id=79"},"modified":"2016-06-27T22:58:37","modified_gmt":"2016-06-27T20:58:37","slug":"kasetli-tente","status":"publish","type":"page","link":"https:\/\/www.akgultente.com\/?page_id=79","title":{"rendered":"Kasetli Tente"},"content":{"rendered":"<p><a href=\"http:\/\/www.akgultente.com\/wp-content\/uploads\/2016\/06\/08-kasetli.jpg\"><img loading=\"lazy\" decoding=\"async\" class=\"alignnone wp-image-56 size-full\" src=\"http:\/\/www.akgultente.com\/wp-content\/uploads\/2016\/06\/08-kasetli.jpg\" alt=\"08-kasetli\" width=\"900\" height=\"212\" srcset=\"https:\/\/www.akgultente.com\/wp-content\/uploads\/2016\/06\/08-kasetli.jpg 900w, https:\/\/www.akgultente.com\/wp-content\/uploads\/2016\/06\/08-kasetli-300x71.jpg 300w, https:\/\/www.akgultente.com\/wp-content\/uploads\/2016\/06\/08-kasetli-768x181.jpg 768w\" sizes=\"auto, (max-width: 900px) 100vw, 900px\" \/><\/a><\/p>\n<p>&nbsp;<\/p>\n<p><strong>Kutu sistemi tabir edilen kuma\u015f\u0131 ve mekanizmay\u0131 koruyan tam kaset sistemi ile tente modelleri aras\u0131nda en modern ve en estetik olan modellerimizden biridir. Kasetli Tentenizi dilerseniz uzaktan kumanda ile dilerseniz de manuel olarak tercih edebilirsiniz. Kasetli Tente ve di\u011fer tente modellerimizde beyaz ve di\u011fer renk se\u00e7enekleri kullan\u0131larak binan\u0131z\u0131n cephesine uyumlu ve estetik bir \u015fekilde monte edilir.<\/strong><\/p>\n<p>\n<div class=\"ngg-galleryoverview\" id=\"ngg-gallery-fd07940150ea6de5f21cb66a2bb60dee-79\">\n\n\t\t\n\t<!-- Thumbnails -->\n\t\t\t\t\t\n\t<div id=\"ngg-image-78\" class=\"ngg-gallery-thumbnail-box\"  >\n\t\t<div class=\"ngg-gallery-thumbnail\" >\n\t\t\t<a href=\"https:\/\/www.akgultente.com\/wp-content\/gallery\/kasetlitente\/kaset01.JPG\"\n\t\t\t\ttitle=\" \"\n\t\t\t\tclass=\"ngg-fancybox\" rel=\"fd07940150ea6de5f21cb66a2bb60dee\" data-image-id=\"78\" data-src=\"https:\/\/www.akgultente.com\/wp-content\/gallery\/kasetlitente\/kaset01.JPG\" data-thumbnail=\"https:\/\/www.akgultente.com\/wp-content\/gallery\/kasetlitente\/thumbs\/thumbs_kaset01.JPG\" data-title=\"kaset01\" data-description=\" \" >\n\t\t\t\t\t\t\t\t<img title=\"kaset01\" alt=\"kaset01\" src=\"https:\/\/www.akgultente.com\/wp-content\/gallery\/kasetlitente\/thumbs\/thumbs_kaset01.JPG\" width='240' height='160' \/>\n\t\t\t\t\t\t\t<\/a>\n\t\t<\/div>\n\t<\/div>\n\n\t\t\t\t\t\t\t\t\t\n\t\t\n\t<div id=\"ngg-image-79\" class=\"ngg-gallery-thumbnail-box\"  >\n\t\t<div class=\"ngg-gallery-thumbnail\" >\n\t\t\t<a href=\"https:\/\/www.akgultente.com\/wp-content\/gallery\/kasetlitente\/kaset02.jpg\"\n\t\t\t\ttitle=\"OLYMPUS DIGITAL CAMERA\"\n\t\t\t\tclass=\"ngg-fancybox\" rel=\"fd07940150ea6de5f21cb66a2bb60dee\" data-image-id=\"79\" data-src=\"https:\/\/www.akgultente.com\/wp-content\/gallery\/kasetlitente\/kaset02.jpg\" data-thumbnail=\"https:\/\/www.akgultente.com\/wp-content\/gallery\/kasetlitente\/thumbs\/thumbs_kaset02.jpg\" data-title=\"OLYMPUS DIGITAL CAMERA\" data-description=\"OLYMPUS DIGITAL CAMERA\" >\n\t\t\t\t\t\t\t\t<img title=\"OLYMPUS DIGITAL CAMERA\" alt=\"OLYMPUS DIGITAL CAMERA\" src=\"https:\/\/www.akgultente.com\/wp-content\/gallery\/kasetlitente\/thumbs\/thumbs_kaset02.jpg\" width='240' height='160' \/>\n\t\t\t\t\t\t\t<\/a>\n\t\t<\/div>\n\t<\/div>\n\n\t\t\t\t\t\t\t\t\t\n\t\t\n\t<div id=\"ngg-image-81\" class=\"ngg-gallery-thumbnail-box\"  >\n\t\t<div class=\"ngg-gallery-thumbnail\" >\n\t\t\t<a href=\"https:\/\/www.akgultente.com\/wp-content\/gallery\/kasetlitente\/kaset03.jpg\"\n\t\t\t\ttitle=\"SAMSUNG TECHWIN DIGIMAX-340\"\n\t\t\t\tclass=\"ngg-fancybox\" rel=\"fd07940150ea6de5f21cb66a2bb60dee\" data-image-id=\"81\" data-src=\"https:\/\/www.akgultente.com\/wp-content\/gallery\/kasetlitente\/kaset03.jpg\" data-thumbnail=\"https:\/\/www.akgultente.com\/wp-content\/gallery\/kasetlitente\/thumbs\/thumbs_kaset03.jpg\" data-title=\"SAMSUNG TECHWIN DIGIMAX-340\" data-description=\"SAMSUNG TECHWIN DIGIMAX-340\" >\n\t\t\t\t\t\t\t\t<img title=\"SAMSUNG TECHWIN DIGIMAX-340\" alt=\"SAMSUNG TECHWIN DIGIMAX-340\" src=\"https:\/\/www.akgultente.com\/wp-content\/gallery\/kasetlitente\/thumbs\/thumbs_kaset03.jpg\" width='240' height='160' \/>\n\t\t\t\t\t\t\t<\/a>\n\t\t<\/div>\n\t<\/div>\n\n\t\t\t\t\t\t\t\t\t\n\t\t\n\t<div id=\"ngg-image-83\" class=\"ngg-gallery-thumbnail-box\"  >\n\t\t<div class=\"ngg-gallery-thumbnail\" >\n\t\t\t<a href=\"https:\/\/www.akgultente.com\/wp-content\/gallery\/kasetlitente\/kaset04.jpg\"\n\t\t\t\ttitle=\" \"\n\t\t\t\tclass=\"ngg-fancybox\" rel=\"fd07940150ea6de5f21cb66a2bb60dee\" data-image-id=\"83\" data-src=\"https:\/\/www.akgultente.com\/wp-content\/gallery\/kasetlitente\/kaset04.jpg\" data-thumbnail=\"https:\/\/www.akgultente.com\/wp-content\/gallery\/kasetlitente\/thumbs\/thumbs_kaset04.jpg\" data-title=\"kaset04\" data-description=\" \" >\n\t\t\t\t\t\t\t\t<img title=\"kaset04\" alt=\"kaset04\" src=\"https:\/\/www.akgultente.com\/wp-content\/gallery\/kasetlitente\/thumbs\/thumbs_kaset04.jpg\" width='240' height='160' \/>\n\t\t\t\t\t\t\t<\/a>\n\t\t<\/div>\n\t<\/div>\n\n\t\t\t\t\t\t\t\t\t\n\t\t\n\t<div id=\"ngg-image-85\" class=\"ngg-gallery-thumbnail-box\"  >\n\t\t<div class=\"ngg-gallery-thumbnail\" >\n\t\t\t<a href=\"https:\/\/www.akgultente.com\/wp-content\/gallery\/kasetlitente\/kaset05.jpg\"\n\t\t\t\ttitle=\" \"\n\t\t\t\tclass=\"ngg-fancybox\" rel=\"fd07940150ea6de5f21cb66a2bb60dee\" data-image-id=\"85\" data-src=\"https:\/\/www.akgultente.com\/wp-content\/gallery\/kasetlitente\/kaset05.jpg\" data-thumbnail=\"https:\/\/www.akgultente.com\/wp-content\/gallery\/kasetlitente\/thumbs\/thumbs_kaset05.jpg\" data-title=\"kaset05\" data-description=\" \" >\n\t\t\t\t\t\t\t\t<img title=\"kaset05\" alt=\"kaset05\" src=\"https:\/\/www.akgultente.com\/wp-content\/gallery\/kasetlitente\/thumbs\/thumbs_kaset05.jpg\" width='240' height='160' \/>\n\t\t\t\t\t\t\t<\/a>\n\t\t<\/div>\n\t<\/div>\n\n\t\t\t\t\t\t\t\t\t\n\t\t\n\t<div id=\"ngg-image-87\" class=\"ngg-gallery-thumbnail-box\"  >\n\t\t<div class=\"ngg-gallery-thumbnail\" >\n\t\t\t<a href=\"https:\/\/www.akgultente.com\/wp-content\/gallery\/kasetlitente\/kaset06.jpg\"\n\t\t\t\ttitle=\" \"\n\t\t\t\tclass=\"ngg-fancybox\" rel=\"fd07940150ea6de5f21cb66a2bb60dee\" data-image-id=\"87\" data-src=\"https:\/\/www.akgultente.com\/wp-content\/gallery\/kasetlitente\/kaset06.jpg\" data-thumbnail=\"https:\/\/www.akgultente.com\/wp-content\/gallery\/kasetlitente\/thumbs\/thumbs_kaset06.jpg\" data-title=\"kaset06\" data-description=\" \" >\n\t\t\t\t\t\t\t\t<img title=\"kaset06\" alt=\"kaset06\" src=\"https:\/\/www.akgultente.com\/wp-content\/gallery\/kasetlitente\/thumbs\/thumbs_kaset06.jpg\" width='240' height='160' \/>\n\t\t\t\t\t\t\t<\/a>\n\t\t<\/div>\n\t<\/div>\n\n\t\t\t\t\t\t\t\t\t\n\t\t\n\t<!-- Pagination -->\n\t\t<div class='ngg-clear'><\/div>\t\n<\/div>\n\n\t<\/p>\n","protected":false},"excerpt":{"rendered":"<p>&nbsp; Kutu sistemi tabir edilen kuma\u015f\u0131 ve mekanizmay\u0131 koruyan tam kaset sistemi ile tente modelleri aras\u0131nda en modern ve en estetik olan modellerimizden biridir. Kasetli Tentenizi dilerseniz uzaktan kumanda ile dilerseniz de<a class=\"moretag\" href=\"https:\/\/www.akgultente.com\/?page_id=79\">Read More&#8230;<\/a><\/p>\n","protected":false},"author":1,"featured_media":0,"parent":0,"menu_order":0,"comment_status":"closed","ping_status":"closed","template":"","meta":{"ngg_post_thumbnail":0,"footnotes":""},"class_list":["post-79","page","type-page","status-publish","hentry"],"_links":{"self":[{"href":"https:\/\/www.akgultente.com\/index.php?rest_route=\/wp\/v2\/pages\/79","targetHints":{"allow":["GET"]}}],"collection":[{"href":"https:\/\/www.akgultente.com\/index.php?rest_route=\/wp\/v2\/pages"}],"about":[{"href":"https:\/\/www.akgultente.com\/index.php?rest_route=\/wp\/v2\/types\/page"}],"author":[{"embeddable":true,"href":"https:\/\/www.akgultente.com\/index.php?rest_route=\/wp\/v2\/users\/1"}],"replies":[{"embeddable":true,"href":"https:\/\/www.akgultente.com\/index.php?rest_route=%2Fwp%2Fv2%2Fcomments&post=79"}],"version-history":[{"count":4,"href":"https:\/\/www.akgultente.com\/index.php?rest_route=\/wp\/v2\/pages\/79\/revisions"}],"predecessor-version":[{"id":747,"href":"https:\/\/www.akgultente.com\/index.php?rest_route=\/wp\/v2\/pages\/79\/revisions\/747"}],"wp:attachment":[{"href":"https:\/\/www.akgultente.com\/index.php?rest_route=%2Fwp%2Fv2%2Fmedia&parent=79"}],"curies":[{"name":"wp","href":"https:\/\/api.w.org\/{rel}","templated":true}]}}