{"id":76,"date":"2016-06-21T20:55:26","date_gmt":"2016-06-21T20:55:26","guid":{"rendered":"http:\/\/www.akgultente.com\/deneme\/?page_id=76"},"modified":"2016-06-27T22:38:09","modified_gmt":"2016-06-27T20:38:09","slug":"havuz-kapama","status":"publish","type":"page","link":"https:\/\/www.akgultente.com\/?page_id=76","title":{"rendered":"Havuz Kapama"},"content":{"rendered":"<div class=\"mainbody\">\n<div id=\"system\" class=\"\">\n<div class=\"item\">\n<div class=\"content\">\n<p><a href=\"http:\/\/www.akgultente.com\/wp-content\/uploads\/2016\/06\/04-havuz.jpg\"><img loading=\"lazy\" decoding=\"async\" class=\"alignnone size-full wp-image-55\" src=\"http:\/\/www.akgultente.com\/wp-content\/uploads\/2016\/06\/04-havuz.jpg\" alt=\"04-havuz\" width=\"900\" height=\"377\" srcset=\"https:\/\/www.akgultente.com\/wp-content\/uploads\/2016\/06\/04-havuz.jpg 900w, https:\/\/www.akgultente.com\/wp-content\/uploads\/2016\/06\/04-havuz-300x126.jpg 300w, https:\/\/www.akgultente.com\/wp-content\/uploads\/2016\/06\/04-havuz-768x322.jpg 768w\" sizes=\"auto, (max-width: 900px) 100vw, 900px\" \/><\/a><\/p>\n<p>&nbsp;<\/p>\n<p><strong>Bu al\u00e7ak seri havuz teleskopik \u00fcst kapama sistemleri havuzunuzu\u00a0korumak ama\u00e7l\u0131 tasarlanm\u0131\u015ft\u0131r, ayn\u0131 anda manzaran\u0131z\u0131\u00a0yada \u00e7evrerenizi g\u00f6rmenizi engellemez. \u0130\u00e7inde so\u011fuk aylarda kapal\u0131 bir y\u00fczme havuzunda gibi y\u00fczmenize olanak sa\u011flar.\u00a0 Yay \u015feklindeki profilleri ile bu serinin en ekonomik modelidir.<\/strong><\/p>\n<p>&nbsp;<\/p>\n<p><strong>Tamam\u0131 UV korumal\u0131,\u00a010 mm kal\u0131nl\u0131\u011f\u0131nda,\u00e7ift h\u00fccreli polikarbonattan (UV=\u00a03,1 W\/m2K) yap\u0131lm\u0131\u015ft\u0131r.\u00a0 Sistemin hareketini sa\u011flayan raylar ince (15 mm)\u00a0COMFORT modeldir. En geni\u015f b\u00f6l\u00fcm\u00fcn \u00f6n cephesinde kanatl\u0131 bir kap\u0131 yap\u0131labilir.<\/strong><\/p>\n<\/div>\n<\/div>\n<\/div>\n<div>\n<div class=\"ngg-galleryoverview\" id=\"ngg-gallery-ecd95a15ed7107a97d2848edf8fd07d7-76\">\n\n\t\t\n\t<!-- Thumbnails -->\n\t\t\t\t\t\n\t<div id=\"ngg-image-37\" class=\"ngg-gallery-thumbnail-box\"  >\n\t\t<div class=\"ngg-gallery-thumbnail\" >\n\t\t\t<a href=\"https:\/\/www.akgultente.com\/wp-content\/gallery\/havuzkapama\/havuz01.jpg\"\n\t\t\t\ttitle=\" \"\n\t\t\t\tclass=\"ngg-fancybox\" rel=\"ecd95a15ed7107a97d2848edf8fd07d7\" data-image-id=\"37\" data-src=\"https:\/\/www.akgultente.com\/wp-content\/gallery\/havuzkapama\/havuz01.jpg\" data-thumbnail=\"https:\/\/www.akgultente.com\/wp-content\/gallery\/havuzkapama\/thumbs\/thumbs_havuz01.jpg\" data-title=\"havuz01\" data-description=\" \" >\n\t\t\t\t\t\t\t\t<img title=\"havuz01\" alt=\"havuz01\" src=\"https:\/\/www.akgultente.com\/wp-content\/gallery\/havuzkapama\/thumbs\/thumbs_havuz01.jpg\" width='240' height='160' \/>\n\t\t\t\t\t\t\t<\/a>\n\t\t<\/div>\n\t<\/div>\n\n\t\t\t\t\t\t\t\t\t\n\t\t\n\t<div id=\"ngg-image-46\" class=\"ngg-gallery-thumbnail-box\"  >\n\t\t<div class=\"ngg-gallery-thumbnail\" >\n\t\t\t<a href=\"https:\/\/www.akgultente.com\/wp-content\/gallery\/havuzkapama\/havuz02.jpg\"\n\t\t\t\ttitle=\" \"\n\t\t\t\tclass=\"ngg-fancybox\" rel=\"ecd95a15ed7107a97d2848edf8fd07d7\" data-image-id=\"46\" data-src=\"https:\/\/www.akgultente.com\/wp-content\/gallery\/havuzkapama\/havuz02.jpg\" data-thumbnail=\"https:\/\/www.akgultente.com\/wp-content\/gallery\/havuzkapama\/thumbs\/thumbs_havuz02.jpg\" data-title=\"havuz02\" data-description=\" \" >\n\t\t\t\t\t\t\t\t<img title=\"havuz02\" alt=\"havuz02\" src=\"https:\/\/www.akgultente.com\/wp-content\/gallery\/havuzkapama\/thumbs\/thumbs_havuz02.jpg\" width='240' height='160' \/>\n\t\t\t\t\t\t\t<\/a>\n\t\t<\/div>\n\t<\/div>\n\n\t\t\t\t\t\t\t\t\t\n\t\t\n\t<div id=\"ngg-image-49\" class=\"ngg-gallery-thumbnail-box\"  >\n\t\t<div class=\"ngg-gallery-thumbnail\" >\n\t\t\t<a href=\"https:\/\/www.akgultente.com\/wp-content\/gallery\/havuzkapama\/havuz03.jpg\"\n\t\t\t\ttitle=\" \"\n\t\t\t\tclass=\"ngg-fancybox\" rel=\"ecd95a15ed7107a97d2848edf8fd07d7\" data-image-id=\"49\" data-src=\"https:\/\/www.akgultente.com\/wp-content\/gallery\/havuzkapama\/havuz03.jpg\" data-thumbnail=\"https:\/\/www.akgultente.com\/wp-content\/gallery\/havuzkapama\/thumbs\/thumbs_havuz03.jpg\" data-title=\"havuz03\" data-description=\" \" >\n\t\t\t\t\t\t\t\t<img title=\"havuz03\" alt=\"havuz03\" src=\"https:\/\/www.akgultente.com\/wp-content\/gallery\/havuzkapama\/thumbs\/thumbs_havuz03.jpg\" width='240' height='160' \/>\n\t\t\t\t\t\t\t<\/a>\n\t\t<\/div>\n\t<\/div>\n\n\t\t\t\t\t\t\t\t\t\n\t\t\n\t<div id=\"ngg-image-53\" class=\"ngg-gallery-thumbnail-box\"  >\n\t\t<div class=\"ngg-gallery-thumbnail\" >\n\t\t\t<a href=\"https:\/\/www.akgultente.com\/wp-content\/gallery\/havuzkapama\/havuz04.jpg\"\n\t\t\t\ttitle=\" \"\n\t\t\t\tclass=\"ngg-fancybox\" rel=\"ecd95a15ed7107a97d2848edf8fd07d7\" data-image-id=\"53\" data-src=\"https:\/\/www.akgultente.com\/wp-content\/gallery\/havuzkapama\/havuz04.jpg\" data-thumbnail=\"https:\/\/www.akgultente.com\/wp-content\/gallery\/havuzkapama\/thumbs\/thumbs_havuz04.jpg\" data-title=\"havuz04\" data-description=\" \" >\n\t\t\t\t\t\t\t\t<img title=\"havuz04\" alt=\"havuz04\" src=\"https:\/\/www.akgultente.com\/wp-content\/gallery\/havuzkapama\/thumbs\/thumbs_havuz04.jpg\" width='240' height='160' \/>\n\t\t\t\t\t\t\t<\/a>\n\t\t<\/div>\n\t<\/div>\n\n\t\t\t\t\t\t\t\t\t\n\t\t\n\t<div id=\"ngg-image-56\" class=\"ngg-gallery-thumbnail-box\"  >\n\t\t<div class=\"ngg-gallery-thumbnail\" >\n\t\t\t<a href=\"https:\/\/www.akgultente.com\/wp-content\/gallery\/havuzkapama\/havuz05.JPG\"\n\t\t\t\ttitle=\" \"\n\t\t\t\tclass=\"ngg-fancybox\" rel=\"ecd95a15ed7107a97d2848edf8fd07d7\" data-image-id=\"56\" data-src=\"https:\/\/www.akgultente.com\/wp-content\/gallery\/havuzkapama\/havuz05.JPG\" data-thumbnail=\"https:\/\/www.akgultente.com\/wp-content\/gallery\/havuzkapama\/thumbs\/thumbs_havuz05.JPG\" data-title=\"havuz05\" data-description=\" \" >\n\t\t\t\t\t\t\t\t<img title=\"havuz05\" alt=\"havuz05\" src=\"https:\/\/www.akgultente.com\/wp-content\/gallery\/havuzkapama\/thumbs\/thumbs_havuz05.JPG\" width='240' height='160' \/>\n\t\t\t\t\t\t\t<\/a>\n\t\t<\/div>\n\t<\/div>\n\n\t\t\t\t\t\t\t\t\t\n\t\t\n\t<div id=\"ngg-image-60\" class=\"ngg-gallery-thumbnail-box\"  >\n\t\t<div class=\"ngg-gallery-thumbnail\" >\n\t\t\t<a href=\"https:\/\/www.akgultente.com\/wp-content\/gallery\/havuzkapama\/havuz06.JPG\"\n\t\t\t\ttitle=\" \"\n\t\t\t\tclass=\"ngg-fancybox\" rel=\"ecd95a15ed7107a97d2848edf8fd07d7\" data-image-id=\"60\" data-src=\"https:\/\/www.akgultente.com\/wp-content\/gallery\/havuzkapama\/havuz06.JPG\" data-thumbnail=\"https:\/\/www.akgultente.com\/wp-content\/gallery\/havuzkapama\/thumbs\/thumbs_havuz06.JPG\" data-title=\"havuz06\" data-description=\" \" >\n\t\t\t\t\t\t\t\t<img title=\"havuz06\" alt=\"havuz06\" src=\"https:\/\/www.akgultente.com\/wp-content\/gallery\/havuzkapama\/thumbs\/thumbs_havuz06.JPG\" width='240' height='160' \/>\n\t\t\t\t\t\t\t<\/a>\n\t\t<\/div>\n\t<\/div>\n\n\t\t\t\t\t\t\t\t\t\n\t\t\n\t<div id=\"ngg-image-63\" class=\"ngg-gallery-thumbnail-box\"  >\n\t\t<div class=\"ngg-gallery-thumbnail\" >\n\t\t\t<a href=\"https:\/\/www.akgultente.com\/wp-content\/gallery\/havuzkapama\/havuz07.JPG\"\n\t\t\t\ttitle=\" \"\n\t\t\t\tclass=\"ngg-fancybox\" rel=\"ecd95a15ed7107a97d2848edf8fd07d7\" data-image-id=\"63\" data-src=\"https:\/\/www.akgultente.com\/wp-content\/gallery\/havuzkapama\/havuz07.JPG\" data-thumbnail=\"https:\/\/www.akgultente.com\/wp-content\/gallery\/havuzkapama\/thumbs\/thumbs_havuz07.JPG\" data-title=\"havuz07\" data-description=\" \" >\n\t\t\t\t\t\t\t\t<img title=\"havuz07\" alt=\"havuz07\" src=\"https:\/\/www.akgultente.com\/wp-content\/gallery\/havuzkapama\/thumbs\/thumbs_havuz07.JPG\" width='240' height='160' \/>\n\t\t\t\t\t\t\t<\/a>\n\t\t<\/div>\n\t<\/div>\n\n\t\t\t\t\t\t\t\t\t\n\t\t\n\t<div id=\"ngg-image-66\" class=\"ngg-gallery-thumbnail-box\"  >\n\t\t<div class=\"ngg-gallery-thumbnail\" >\n\t\t\t<a href=\"https:\/\/www.akgultente.com\/wp-content\/gallery\/havuzkapama\/havuz08.JPG\"\n\t\t\t\ttitle=\" \"\n\t\t\t\tclass=\"ngg-fancybox\" rel=\"ecd95a15ed7107a97d2848edf8fd07d7\" data-image-id=\"66\" data-src=\"https:\/\/www.akgultente.com\/wp-content\/gallery\/havuzkapama\/havuz08.JPG\" data-thumbnail=\"https:\/\/www.akgultente.com\/wp-content\/gallery\/havuzkapama\/thumbs\/thumbs_havuz08.JPG\" data-title=\"havuz08\" data-description=\" \" >\n\t\t\t\t\t\t\t\t<img title=\"havuz08\" alt=\"havuz08\" src=\"https:\/\/www.akgultente.com\/wp-content\/gallery\/havuzkapama\/thumbs\/thumbs_havuz08.JPG\" width='240' height='160' \/>\n\t\t\t\t\t\t\t<\/a>\n\t\t<\/div>\n\t<\/div>\n\n\t\t\t\t\t\t\t\t\t\n\t\t\n\t<div id=\"ngg-image-68\" class=\"ngg-gallery-thumbnail-box\"  >\n\t\t<div class=\"ngg-gallery-thumbnail\" >\n\t\t\t<a href=\"https:\/\/www.akgultente.com\/wp-content\/gallery\/havuzkapama\/havuz09.JPG\"\n\t\t\t\ttitle=\" \"\n\t\t\t\tclass=\"ngg-fancybox\" rel=\"ecd95a15ed7107a97d2848edf8fd07d7\" data-image-id=\"68\" data-src=\"https:\/\/www.akgultente.com\/wp-content\/gallery\/havuzkapama\/havuz09.JPG\" data-thumbnail=\"https:\/\/www.akgultente.com\/wp-content\/gallery\/havuzkapama\/thumbs\/thumbs_havuz09.JPG\" data-title=\"havuz09\" data-description=\" \" >\n\t\t\t\t\t\t\t\t<img title=\"havuz09\" alt=\"havuz09\" src=\"https:\/\/www.akgultente.com\/wp-content\/gallery\/havuzkapama\/thumbs\/thumbs_havuz09.JPG\" width='240' height='160' \/>\n\t\t\t\t\t\t\t<\/a>\n\t\t<\/div>\n\t<\/div>\n\n\t\t\t\t\t\t\t\t\t\n\t\t\n\t<div id=\"ngg-image-70\" class=\"ngg-gallery-thumbnail-box\"  >\n\t\t<div class=\"ngg-gallery-thumbnail\" >\n\t\t\t<a href=\"https:\/\/www.akgultente.com\/wp-content\/gallery\/havuzkapama\/havuz10.JPG\"\n\t\t\t\ttitle=\" \"\n\t\t\t\tclass=\"ngg-fancybox\" rel=\"ecd95a15ed7107a97d2848edf8fd07d7\" data-image-id=\"70\" data-src=\"https:\/\/www.akgultente.com\/wp-content\/gallery\/havuzkapama\/havuz10.JPG\" data-thumbnail=\"https:\/\/www.akgultente.com\/wp-content\/gallery\/havuzkapama\/thumbs\/thumbs_havuz10.JPG\" data-title=\"havuz10\" data-description=\" \" >\n\t\t\t\t\t\t\t\t<img title=\"havuz10\" alt=\"havuz10\" src=\"https:\/\/www.akgultente.com\/wp-content\/gallery\/havuzkapama\/thumbs\/thumbs_havuz10.JPG\" width='240' height='160' \/>\n\t\t\t\t\t\t\t<\/a>\n\t\t<\/div>\n\t<\/div>\n\n\t\t\t\t\t\t\t\t\t\n\t\t\n\t<!-- Pagination -->\n\t\t<div class='ngg-clear'><\/div>\t\n<\/div>\n\n\t<\/div>\n<\/div>\n<div id=\"lr-padd1\"><\/div>\n","protected":false},"excerpt":{"rendered":"<p>&nbsp; Bu al\u00e7ak seri havuz teleskopik \u00fcst kapama sistemleri havuzunuzu\u00a0korumak ama\u00e7l\u0131 tasarlanm\u0131\u015ft\u0131r, ayn\u0131 anda manzaran\u0131z\u0131\u00a0yada \u00e7evrerenizi g\u00f6rmenizi engellemez. \u0130\u00e7inde so\u011fuk aylarda kapal\u0131 bir y\u00fczme havuzunda gibi y\u00fczmenize olanak sa\u011flar.\u00a0 Yay \u015feklindeki profilleri<a class=\"moretag\" href=\"https:\/\/www.akgultente.com\/?page_id=76\">Read More&#8230;<\/a><\/p>\n","protected":false},"author":1,"featured_media":0,"parent":0,"menu_order":0,"comment_status":"closed","ping_status":"closed","template":"","meta":{"ngg_post_thumbnail":0,"footnotes":""},"class_list":["post-76","page","type-page","status-publish","hentry"],"_links":{"self":[{"href":"https:\/\/www.akgultente.com\/index.php?rest_route=\/wp\/v2\/pages\/76","targetHints":{"allow":["GET"]}}],"collection":[{"href":"https:\/\/www.akgultente.com\/index.php?rest_route=\/wp\/v2\/pages"}],"about":[{"href":"https:\/\/www.akgultente.com\/index.php?rest_route=\/wp\/v2\/types\/page"}],"author":[{"embeddable":true,"href":"https:\/\/www.akgultente.com\/index.php?rest_route=\/wp\/v2\/users\/1"}],"replies":[{"embeddable":true,"href":"https:\/\/www.akgultente.com\/index.php?rest_route=%2Fwp%2Fv2%2Fcomments&post=76"}],"version-history":[{"count":7,"href":"https:\/\/www.akgultente.com\/index.php?rest_route=\/wp\/v2\/pages\/76\/revisions"}],"predecessor-version":[{"id":731,"href":"https:\/\/www.akgultente.com\/index.php?rest_route=\/wp\/v2\/pages\/76\/revisions\/731"}],"wp:attachment":[{"href":"https:\/\/www.akgultente.com\/index.php?rest_route=%2Fwp%2Fv2%2Fmedia&parent=76"}],"curies":[{"name":"wp","href":"https:\/\/api.w.org\/{rel}","templated":true}]}}