{"id":75,"date":"2016-06-21T20:56:07","date_gmt":"2016-06-21T20:56:07","guid":{"rendered":"http:\/\/www.akgultente.com\/deneme\/?page_id=75"},"modified":"2016-06-27T22:31:08","modified_gmt":"2016-06-27T20:31:08","slug":"jut-branda","status":"publish","type":"page","link":"https:\/\/www.akgultente.com\/?page_id=75","title":{"rendered":"J\u00fct Branda"},"content":{"rendered":"<p><strong>J\u00fct branda yani germe branda sabit ayaklar\u0131 veya iskeleti olmayan, \u00e7evresindeki halkalar arac\u0131l\u0131\u011f\u0131 ile uygulama alan\u0131 \u00fczerine gerilen branda t\u00fcr\u00fcd\u00fcr. \u0130stenildi\u011fi zaman kald\u0131r\u0131labilmekte olmas\u0131 ve pratik kullan\u0131m\u0131 ile olduk\u00e7a ideal bir branda uygulamas\u0131d\u0131r.<\/strong><\/p>\n<p>\n<div class=\"ngg-galleryoverview\" id=\"ngg-gallery-2d217e9e2a9278c1767e9e82fe511a60-75\">\n\n\t\t\n\t<!-- Thumbnails -->\n\t\t\t\t\t\n\t<div id=\"ngg-image-71\" class=\"ngg-gallery-thumbnail-box\"  >\n\t\t<div class=\"ngg-gallery-thumbnail\" >\n\t\t\t<a href=\"https:\/\/www.akgultente.com\/wp-content\/gallery\/jutbranda\/jut01.JPG\"\n\t\t\t\ttitle=\" \"\n\t\t\t\tclass=\"ngg-fancybox\" rel=\"2d217e9e2a9278c1767e9e82fe511a60\" data-image-id=\"71\" data-src=\"https:\/\/www.akgultente.com\/wp-content\/gallery\/jutbranda\/jut01.JPG\" data-thumbnail=\"https:\/\/www.akgultente.com\/wp-content\/gallery\/jutbranda\/thumbs\/thumbs_jut01.JPG\" data-title=\"jut01\" data-description=\" \" >\n\t\t\t\t\t\t\t\t<img title=\"jut01\" alt=\"jut01\" src=\"https:\/\/www.akgultente.com\/wp-content\/gallery\/jutbranda\/thumbs\/thumbs_jut01.JPG\" width='240' height='160' \/>\n\t\t\t\t\t\t\t<\/a>\n\t\t<\/div>\n\t<\/div>\n\n\t\t\t\t\t\t\t\t\t\n\t\t\n\t<div id=\"ngg-image-72\" class=\"ngg-gallery-thumbnail-box\"  >\n\t\t<div class=\"ngg-gallery-thumbnail\" >\n\t\t\t<a href=\"https:\/\/www.akgultente.com\/wp-content\/gallery\/jutbranda\/jut02.JPG\"\n\t\t\t\ttitle=\" \"\n\t\t\t\tclass=\"ngg-fancybox\" rel=\"2d217e9e2a9278c1767e9e82fe511a60\" data-image-id=\"72\" data-src=\"https:\/\/www.akgultente.com\/wp-content\/gallery\/jutbranda\/jut02.JPG\" data-thumbnail=\"https:\/\/www.akgultente.com\/wp-content\/gallery\/jutbranda\/thumbs\/thumbs_jut02.JPG\" data-title=\"jut02\" data-description=\" \" >\n\t\t\t\t\t\t\t\t<img title=\"jut02\" alt=\"jut02\" src=\"https:\/\/www.akgultente.com\/wp-content\/gallery\/jutbranda\/thumbs\/thumbs_jut02.JPG\" width='240' height='160' \/>\n\t\t\t\t\t\t\t<\/a>\n\t\t<\/div>\n\t<\/div>\n\n\t\t\t\t\t\t\t\t\t\n\t\t\n\t<div id=\"ngg-image-74\" class=\"ngg-gallery-thumbnail-box\"  >\n\t\t<div class=\"ngg-gallery-thumbnail\" >\n\t\t\t<a href=\"https:\/\/www.akgultente.com\/wp-content\/gallery\/jutbranda\/jut03.JPG\"\n\t\t\t\ttitle=\" \"\n\t\t\t\tclass=\"ngg-fancybox\" rel=\"2d217e9e2a9278c1767e9e82fe511a60\" data-image-id=\"74\" data-src=\"https:\/\/www.akgultente.com\/wp-content\/gallery\/jutbranda\/jut03.JPG\" data-thumbnail=\"https:\/\/www.akgultente.com\/wp-content\/gallery\/jutbranda\/thumbs\/thumbs_jut03.JPG\" data-title=\"jut03\" data-description=\" \" >\n\t\t\t\t\t\t\t\t<img title=\"jut03\" alt=\"jut03\" src=\"https:\/\/www.akgultente.com\/wp-content\/gallery\/jutbranda\/thumbs\/thumbs_jut03.JPG\" width='240' height='160' \/>\n\t\t\t\t\t\t\t<\/a>\n\t\t<\/div>\n\t<\/div>\n\n\t\t\t\t\t\t\t\t\t\n\t\t\n\t<div id=\"ngg-image-76\" class=\"ngg-gallery-thumbnail-box\"  >\n\t\t<div class=\"ngg-gallery-thumbnail\" >\n\t\t\t<a href=\"https:\/\/www.akgultente.com\/wp-content\/gallery\/jutbranda\/jut04.JPG\"\n\t\t\t\ttitle=\" \"\n\t\t\t\tclass=\"ngg-fancybox\" rel=\"2d217e9e2a9278c1767e9e82fe511a60\" data-image-id=\"76\" data-src=\"https:\/\/www.akgultente.com\/wp-content\/gallery\/jutbranda\/jut04.JPG\" data-thumbnail=\"https:\/\/www.akgultente.com\/wp-content\/gallery\/jutbranda\/thumbs\/thumbs_jut04.JPG\" data-title=\"jut04\" data-description=\" \" >\n\t\t\t\t\t\t\t\t<img title=\"jut04\" alt=\"jut04\" src=\"https:\/\/www.akgultente.com\/wp-content\/gallery\/jutbranda\/thumbs\/thumbs_jut04.JPG\" width='240' height='160' \/>\n\t\t\t\t\t\t\t<\/a>\n\t\t<\/div>\n\t<\/div>\n\n\t\t\t\t\t\t\t\t\t\n\t\t\n\t<div id=\"ngg-image-80\" class=\"ngg-gallery-thumbnail-box\"  >\n\t\t<div class=\"ngg-gallery-thumbnail\" >\n\t\t\t<a href=\"https:\/\/www.akgultente.com\/wp-content\/gallery\/jutbranda\/jut05.JPG\"\n\t\t\t\ttitle=\" \"\n\t\t\t\tclass=\"ngg-fancybox\" rel=\"2d217e9e2a9278c1767e9e82fe511a60\" data-image-id=\"80\" data-src=\"https:\/\/www.akgultente.com\/wp-content\/gallery\/jutbranda\/jut05.JPG\" data-thumbnail=\"https:\/\/www.akgultente.com\/wp-content\/gallery\/jutbranda\/thumbs\/thumbs_jut05.JPG\" data-title=\"jut05\" data-description=\" \" >\n\t\t\t\t\t\t\t\t<img title=\"jut05\" alt=\"jut05\" src=\"https:\/\/www.akgultente.com\/wp-content\/gallery\/jutbranda\/thumbs\/thumbs_jut05.JPG\" width='240' height='160' \/>\n\t\t\t\t\t\t\t<\/a>\n\t\t<\/div>\n\t<\/div>\n\n\t\t\t\t\t\t\t\t\t\n\t\t\n\t<div id=\"ngg-image-82\" class=\"ngg-gallery-thumbnail-box\"  >\n\t\t<div class=\"ngg-gallery-thumbnail\" >\n\t\t\t<a href=\"https:\/\/www.akgultente.com\/wp-content\/gallery\/jutbranda\/jut06.JPG\"\n\t\t\t\ttitle=\" \"\n\t\t\t\tclass=\"ngg-fancybox\" rel=\"2d217e9e2a9278c1767e9e82fe511a60\" data-image-id=\"82\" data-src=\"https:\/\/www.akgultente.com\/wp-content\/gallery\/jutbranda\/jut06.JPG\" data-thumbnail=\"https:\/\/www.akgultente.com\/wp-content\/gallery\/jutbranda\/thumbs\/thumbs_jut06.JPG\" data-title=\"jut06\" data-description=\" \" >\n\t\t\t\t\t\t\t\t<img title=\"jut06\" alt=\"jut06\" src=\"https:\/\/www.akgultente.com\/wp-content\/gallery\/jutbranda\/thumbs\/thumbs_jut06.JPG\" width='240' height='160' \/>\n\t\t\t\t\t\t\t<\/a>\n\t\t<\/div>\n\t<\/div>\n\n\t\t\t\t\t\t\t\t\t\n\t\t\n\t<div id=\"ngg-image-84\" class=\"ngg-gallery-thumbnail-box\"  >\n\t\t<div class=\"ngg-gallery-thumbnail\" >\n\t\t\t<a href=\"https:\/\/www.akgultente.com\/wp-content\/gallery\/jutbranda\/jut07.JPG\"\n\t\t\t\ttitle=\" \"\n\t\t\t\tclass=\"ngg-fancybox\" rel=\"2d217e9e2a9278c1767e9e82fe511a60\" data-image-id=\"84\" data-src=\"https:\/\/www.akgultente.com\/wp-content\/gallery\/jutbranda\/jut07.JPG\" data-thumbnail=\"https:\/\/www.akgultente.com\/wp-content\/gallery\/jutbranda\/thumbs\/thumbs_jut07.JPG\" data-title=\"jut07\" data-description=\" \" >\n\t\t\t\t\t\t\t\t<img title=\"jut07\" alt=\"jut07\" src=\"https:\/\/www.akgultente.com\/wp-content\/gallery\/jutbranda\/thumbs\/thumbs_jut07.JPG\" width='240' height='160' \/>\n\t\t\t\t\t\t\t<\/a>\n\t\t<\/div>\n\t<\/div>\n\n\t\t\t\t\t\t\t\t\t\n\t\t\n\t<div id=\"ngg-image-86\" class=\"ngg-gallery-thumbnail-box\"  >\n\t\t<div class=\"ngg-gallery-thumbnail\" >\n\t\t\t<a href=\"https:\/\/www.akgultente.com\/wp-content\/gallery\/jutbranda\/jut08.jpg\"\n\t\t\t\ttitle=\" \"\n\t\t\t\tclass=\"ngg-fancybox\" rel=\"2d217e9e2a9278c1767e9e82fe511a60\" data-image-id=\"86\" data-src=\"https:\/\/www.akgultente.com\/wp-content\/gallery\/jutbranda\/jut08.jpg\" data-thumbnail=\"https:\/\/www.akgultente.com\/wp-content\/gallery\/jutbranda\/thumbs\/thumbs_jut08.jpg\" data-title=\"jut08\" data-description=\" \" >\n\t\t\t\t\t\t\t\t<img title=\"jut08\" alt=\"jut08\" src=\"https:\/\/www.akgultente.com\/wp-content\/gallery\/jutbranda\/thumbs\/thumbs_jut08.jpg\" width='240' height='160' \/>\n\t\t\t\t\t\t\t<\/a>\n\t\t<\/div>\n\t<\/div>\n\n\t\t\t\t\t\t\t\t\t\n\t\t\n\t<div id=\"ngg-image-88\" class=\"ngg-gallery-thumbnail-box\"  >\n\t\t<div class=\"ngg-gallery-thumbnail\" >\n\t\t\t<a href=\"https:\/\/www.akgultente.com\/wp-content\/gallery\/jutbranda\/jut09.jpg\"\n\t\t\t\ttitle=\" \"\n\t\t\t\tclass=\"ngg-fancybox\" rel=\"2d217e9e2a9278c1767e9e82fe511a60\" data-image-id=\"88\" data-src=\"https:\/\/www.akgultente.com\/wp-content\/gallery\/jutbranda\/jut09.jpg\" data-thumbnail=\"https:\/\/www.akgultente.com\/wp-content\/gallery\/jutbranda\/thumbs\/thumbs_jut09.jpg\" data-title=\"jut09\" data-description=\" \" >\n\t\t\t\t\t\t\t\t<img title=\"jut09\" alt=\"jut09\" src=\"https:\/\/www.akgultente.com\/wp-content\/gallery\/jutbranda\/thumbs\/thumbs_jut09.jpg\" width='240' height='160' \/>\n\t\t\t\t\t\t\t<\/a>\n\t\t<\/div>\n\t<\/div>\n\n\t\t\t\t\t\t\t\t\t\n\t\t\n\t<!-- Pagination -->\n\t\t<div class='ngg-clear'><\/div>\t\n<\/div>\n\n\t<\/p>\n<p>&nbsp;<\/p>\n","protected":false},"excerpt":{"rendered":"<p>J\u00fct branda yani germe branda sabit ayaklar\u0131 veya iskeleti olmayan, \u00e7evresindeki halkalar arac\u0131l\u0131\u011f\u0131 ile uygulama alan\u0131 \u00fczerine gerilen branda t\u00fcr\u00fcd\u00fcr. \u0130stenildi\u011fi zaman kald\u0131r\u0131labilmekte olmas\u0131 ve pratik kullan\u0131m\u0131 ile olduk\u00e7a ideal bir branda<a class=\"moretag\" href=\"https:\/\/www.akgultente.com\/?page_id=75\">Read More&#8230;<\/a><\/p>\n","protected":false},"author":1,"featured_media":0,"parent":0,"menu_order":0,"comment_status":"closed","ping_status":"closed","template":"","meta":{"ngg_post_thumbnail":0,"footnotes":""},"class_list":["post-75","page","type-page","status-publish","hentry"],"_links":{"self":[{"href":"https:\/\/www.akgultente.com\/index.php?rest_route=\/wp\/v2\/pages\/75","targetHints":{"allow":["GET"]}}],"collection":[{"href":"https:\/\/www.akgultente.com\/index.php?rest_route=\/wp\/v2\/pages"}],"about":[{"href":"https:\/\/www.akgultente.com\/index.php?rest_route=\/wp\/v2\/types\/page"}],"author":[{"embeddable":true,"href":"https:\/\/www.akgultente.com\/index.php?rest_route=\/wp\/v2\/users\/1"}],"replies":[{"embeddable":true,"href":"https:\/\/www.akgultente.com\/index.php?rest_route=%2Fwp%2Fv2%2Fcomments&post=75"}],"version-history":[{"count":4,"href":"https:\/\/www.akgultente.com\/index.php?rest_route=\/wp\/v2\/pages\/75\/revisions"}],"predecessor-version":[{"id":727,"href":"https:\/\/www.akgultente.com\/index.php?rest_route=\/wp\/v2\/pages\/75\/revisions\/727"}],"wp:attachment":[{"href":"https:\/\/www.akgultente.com\/index.php?rest_route=%2Fwp%2Fv2%2Fmedia&parent=75"}],"curies":[{"name":"wp","href":"https:\/\/api.w.org\/{rel}","templated":true}]}}