{"id":74,"date":"2016-06-21T20:58:47","date_gmt":"2016-06-21T20:58:47","guid":{"rendered":"http:\/\/www.akgultente.com\/deneme\/?page_id=74"},"modified":"2016-06-27T23:02:38","modified_gmt":"2016-06-27T21:02:38","slug":"kamp-cadiri","status":"publish","type":"page","link":"https:\/\/www.akgultente.com\/?page_id=74","title":{"rendered":"Kamp \u00c7ad\u0131r\u0131"},"content":{"rendered":"<p>\n<div class=\"ngg-galleryoverview\" id=\"ngg-gallery-e14c3858f980879a94ea61fb7eb07396-74\">\n\n\t\t\n\t<!-- Thumbnails -->\n\t\t\t\t\t\n\t<div id=\"ngg-image-73\" class=\"ngg-gallery-thumbnail-box\"  >\n\t\t<div class=\"ngg-gallery-thumbnail\" >\n\t\t\t<a href=\"https:\/\/www.akgultente.com\/wp-content\/gallery\/kampcadiri\/02.jpg\"\n\t\t\t\ttitle=\" \"\n\t\t\t\tclass=\"ngg-fancybox\" rel=\"e14c3858f980879a94ea61fb7eb07396\" data-image-id=\"73\" data-src=\"https:\/\/www.akgultente.com\/wp-content\/gallery\/kampcadiri\/02.jpg\" data-thumbnail=\"https:\/\/www.akgultente.com\/wp-content\/gallery\/kampcadiri\/thumbs\/thumbs_02.jpg\" data-title=\"02\" data-description=\" \" >\n\t\t\t\t\t\t\t\t<img title=\"02\" alt=\"02\" src=\"https:\/\/www.akgultente.com\/wp-content\/gallery\/kampcadiri\/thumbs\/thumbs_02.jpg\" width='240' height='160' \/>\n\t\t\t\t\t\t\t<\/a>\n\t\t<\/div>\n\t<\/div>\n\n\t\t\t\t\t\t\t\t\t\n\t\t\n\t<div id=\"ngg-image-75\" class=\"ngg-gallery-thumbnail-box\"  >\n\t\t<div class=\"ngg-gallery-thumbnail\" >\n\t\t\t<a href=\"https:\/\/www.akgultente.com\/wp-content\/gallery\/kampcadiri\/03.jpg\"\n\t\t\t\ttitle=\" \"\n\t\t\t\tclass=\"ngg-fancybox\" rel=\"e14c3858f980879a94ea61fb7eb07396\" data-image-id=\"75\" data-src=\"https:\/\/www.akgultente.com\/wp-content\/gallery\/kampcadiri\/03.jpg\" data-thumbnail=\"https:\/\/www.akgultente.com\/wp-content\/gallery\/kampcadiri\/thumbs\/thumbs_03.jpg\" data-title=\"03\" data-description=\" \" >\n\t\t\t\t\t\t\t\t<img title=\"03\" alt=\"03\" src=\"https:\/\/www.akgultente.com\/wp-content\/gallery\/kampcadiri\/thumbs\/thumbs_03.jpg\" width='240' height='160' \/>\n\t\t\t\t\t\t\t<\/a>\n\t\t<\/div>\n\t<\/div>\n\n\t\t\t\t\t\t\t\t\t\n\t\t\n\t<div id=\"ngg-image-77\" class=\"ngg-gallery-thumbnail-box\"  >\n\t\t<div class=\"ngg-gallery-thumbnail\" >\n\t\t\t<a href=\"https:\/\/www.akgultente.com\/wp-content\/gallery\/kampcadiri\/kamp01.jpg\"\n\t\t\t\ttitle=\" \"\n\t\t\t\tclass=\"ngg-fancybox\" rel=\"e14c3858f980879a94ea61fb7eb07396\" data-image-id=\"77\" data-src=\"https:\/\/www.akgultente.com\/wp-content\/gallery\/kampcadiri\/kamp01.jpg\" data-thumbnail=\"https:\/\/www.akgultente.com\/wp-content\/gallery\/kampcadiri\/thumbs\/thumbs_kamp01.jpg\" data-title=\"kamp01\" data-description=\" \" >\n\t\t\t\t\t\t\t\t<img title=\"kamp01\" alt=\"kamp01\" src=\"https:\/\/www.akgultente.com\/wp-content\/gallery\/kampcadiri\/thumbs\/thumbs_kamp01.jpg\" width='240' height='160' \/>\n\t\t\t\t\t\t\t<\/a>\n\t\t<\/div>\n\t<\/div>\n\n\t\t\t\t\t\t\t\t\t\n\t\t\n\t<!-- Pagination -->\n\t\t<div class='ngg-clear'><\/div>\t\n<\/div>\n\n\t<\/p>\n","protected":false},"excerpt":{"rendered":"","protected":false},"author":1,"featured_media":0,"parent":0,"menu_order":0,"comment_status":"closed","ping_status":"closed","template":"","meta":{"ngg_post_thumbnail":0,"footnotes":""},"class_list":["post-74","page","type-page","status-publish","hentry"],"_links":{"self":[{"href":"https:\/\/www.akgultente.com\/index.php?rest_route=\/wp\/v2\/pages\/74","targetHints":{"allow":["GET"]}}],"collection":[{"href":"https:\/\/www.akgultente.com\/index.php?rest_route=\/wp\/v2\/pages"}],"about":[{"href":"https:\/\/www.akgultente.com\/index.php?rest_route=\/wp\/v2\/types\/page"}],"author":[{"embeddable":true,"href":"https:\/\/www.akgultente.com\/index.php?rest_route=\/wp\/v2\/users\/1"}],"replies":[{"embeddable":true,"href":"https:\/\/www.akgultente.com\/index.php?rest_route=%2Fwp%2Fv2%2Fcomments&post=74"}],"version-history":[{"count":4,"href":"https:\/\/www.akgultente.com\/index.php?rest_route=\/wp\/v2\/pages\/74\/revisions"}],"predecessor-version":[{"id":748,"href":"https:\/\/www.akgultente.com\/index.php?rest_route=\/wp\/v2\/pages\/74\/revisions\/748"}],"wp:attachment":[{"href":"https:\/\/www.akgultente.com\/index.php?rest_route=%2Fwp%2Fv2%2Fmedia&parent=74"}],"curies":[{"name":"wp","href":"https:\/\/api.w.org\/{rel}","templated":true}]}}