{"id":68,"date":"2016-06-21T20:51:12","date_gmt":"2016-06-21T20:51:12","guid":{"rendered":"http:\/\/www.akgultente.com\/deneme\/?page_id=68"},"modified":"2016-06-27T22:40:49","modified_gmt":"2016-06-27T20:40:49","slug":"celik-cati-ve-cam-balkon-sistemleri-2","status":"publish","type":"page","link":"https:\/\/www.akgultente.com\/?page_id=68","title":{"rendered":"\u00c7elik \u00c7at\u0131 ve Cam Balkon Sistemleri"},"content":{"rendered":"<p><a href=\"http:\/\/www.akgultente.com\/wp-content\/uploads\/2016\/06\/02-cati.jpg\"><img loading=\"lazy\" decoding=\"async\" class=\"alignnone wp-image-62 size-full\" src=\"http:\/\/www.akgultente.com\/wp-content\/uploads\/2016\/06\/02-cati.jpg\" width=\"900\" height=\"300\" srcset=\"https:\/\/www.akgultente.com\/wp-content\/uploads\/2016\/06\/02-cati.jpg 900w, https:\/\/www.akgultente.com\/wp-content\/uploads\/2016\/06\/02-cati-300x100.jpg 300w, https:\/\/www.akgultente.com\/wp-content\/uploads\/2016\/06\/02-cati-768x256.jpg 768w\" sizes=\"auto, (max-width: 900px) 100vw, 900px\" \/><\/a><\/p>\n<p>\n<div class=\"ngg-galleryoverview\" id=\"ngg-gallery-5eca0b5966c768ddbd0eb761d249abc0-68\">\n\n\t\t\n\t<!-- Thumbnails -->\n\t\t\t\t\t\n\t<div id=\"ngg-image-12\" class=\"ngg-gallery-thumbnail-box\"  >\n\t\t<div class=\"ngg-gallery-thumbnail\" >\n\t\t\t<a href=\"https:\/\/www.akgultente.com\/wp-content\/gallery\/celikcati\/cati01.JPG\"\n\t\t\t\ttitle=\" \"\n\t\t\t\tclass=\"ngg-fancybox\" rel=\"5eca0b5966c768ddbd0eb761d249abc0\" data-image-id=\"12\" data-src=\"https:\/\/www.akgultente.com\/wp-content\/gallery\/celikcati\/cati01.JPG\" data-thumbnail=\"https:\/\/www.akgultente.com\/wp-content\/gallery\/celikcati\/thumbs\/thumbs_cati01.JPG\" data-title=\"cati01\" data-description=\" \" >\n\t\t\t\t\t\t\t\t<img title=\"cati01\" alt=\"cati01\" src=\"https:\/\/www.akgultente.com\/wp-content\/gallery\/celikcati\/thumbs\/thumbs_cati01.JPG\" width='240' height='160' \/>\n\t\t\t\t\t\t\t<\/a>\n\t\t<\/div>\n\t<\/div>\n\n\t\t\t\t\t\t\t\t\t\n\t\t\n\t<div id=\"ngg-image-13\" class=\"ngg-gallery-thumbnail-box\"  >\n\t\t<div class=\"ngg-gallery-thumbnail\" >\n\t\t\t<a href=\"https:\/\/www.akgultente.com\/wp-content\/gallery\/celikcati\/cati02.JPG\"\n\t\t\t\ttitle=\" \"\n\t\t\t\tclass=\"ngg-fancybox\" rel=\"5eca0b5966c768ddbd0eb761d249abc0\" data-image-id=\"13\" data-src=\"https:\/\/www.akgultente.com\/wp-content\/gallery\/celikcati\/cati02.JPG\" data-thumbnail=\"https:\/\/www.akgultente.com\/wp-content\/gallery\/celikcati\/thumbs\/thumbs_cati02.JPG\" data-title=\"cati02\" data-description=\" \" >\n\t\t\t\t\t\t\t\t<img title=\"cati02\" alt=\"cati02\" src=\"https:\/\/www.akgultente.com\/wp-content\/gallery\/celikcati\/thumbs\/thumbs_cati02.JPG\" width='240' height='160' \/>\n\t\t\t\t\t\t\t<\/a>\n\t\t<\/div>\n\t<\/div>\n\n\t\t\t\t\t\t\t\t\t\n\t\t\n\t<div id=\"ngg-image-14\" class=\"ngg-gallery-thumbnail-box\"  >\n\t\t<div class=\"ngg-gallery-thumbnail\" >\n\t\t\t<a href=\"https:\/\/www.akgultente.com\/wp-content\/gallery\/celikcati\/cati03.JPG\"\n\t\t\t\ttitle=\" \"\n\t\t\t\tclass=\"ngg-fancybox\" rel=\"5eca0b5966c768ddbd0eb761d249abc0\" data-image-id=\"14\" data-src=\"https:\/\/www.akgultente.com\/wp-content\/gallery\/celikcati\/cati03.JPG\" data-thumbnail=\"https:\/\/www.akgultente.com\/wp-content\/gallery\/celikcati\/thumbs\/thumbs_cati03.JPG\" data-title=\"cati03\" data-description=\" \" >\n\t\t\t\t\t\t\t\t<img title=\"cati03\" alt=\"cati03\" src=\"https:\/\/www.akgultente.com\/wp-content\/gallery\/celikcati\/thumbs\/thumbs_cati03.JPG\" width='240' height='160' \/>\n\t\t\t\t\t\t\t<\/a>\n\t\t<\/div>\n\t<\/div>\n\n\t\t\t\t\t\t\t\t\t\n\t\t\n\t<div id=\"ngg-image-15\" class=\"ngg-gallery-thumbnail-box\"  >\n\t\t<div class=\"ngg-gallery-thumbnail\" >\n\t\t\t<a href=\"https:\/\/www.akgultente.com\/wp-content\/gallery\/celikcati\/cati04.JPG\"\n\t\t\t\ttitle=\" \"\n\t\t\t\tclass=\"ngg-fancybox\" rel=\"5eca0b5966c768ddbd0eb761d249abc0\" data-image-id=\"15\" data-src=\"https:\/\/www.akgultente.com\/wp-content\/gallery\/celikcati\/cati04.JPG\" data-thumbnail=\"https:\/\/www.akgultente.com\/wp-content\/gallery\/celikcati\/thumbs\/thumbs_cati04.JPG\" data-title=\"cati04\" data-description=\" \" >\n\t\t\t\t\t\t\t\t<img title=\"cati04\" alt=\"cati04\" src=\"https:\/\/www.akgultente.com\/wp-content\/gallery\/celikcati\/thumbs\/thumbs_cati04.JPG\" width='240' height='160' \/>\n\t\t\t\t\t\t\t<\/a>\n\t\t<\/div>\n\t<\/div>\n\n\t\t\t\t\t\t\t\t\t\n\t\t\n\t<div id=\"ngg-image-16\" class=\"ngg-gallery-thumbnail-box\"  >\n\t\t<div class=\"ngg-gallery-thumbnail\" >\n\t\t\t<a href=\"https:\/\/www.akgultente.com\/wp-content\/gallery\/celikcati\/cati05.JPG\"\n\t\t\t\ttitle=\" \"\n\t\t\t\tclass=\"ngg-fancybox\" rel=\"5eca0b5966c768ddbd0eb761d249abc0\" data-image-id=\"16\" data-src=\"https:\/\/www.akgultente.com\/wp-content\/gallery\/celikcati\/cati05.JPG\" data-thumbnail=\"https:\/\/www.akgultente.com\/wp-content\/gallery\/celikcati\/thumbs\/thumbs_cati05.JPG\" data-title=\"cati05\" data-description=\" \" >\n\t\t\t\t\t\t\t\t<img title=\"cati05\" alt=\"cati05\" src=\"https:\/\/www.akgultente.com\/wp-content\/gallery\/celikcati\/thumbs\/thumbs_cati05.JPG\" width='240' height='160' \/>\n\t\t\t\t\t\t\t<\/a>\n\t\t<\/div>\n\t<\/div>\n\n\t\t\t\t\t\t\t\t\t\n\t\t\n\t<div id=\"ngg-image-17\" class=\"ngg-gallery-thumbnail-box\"  >\n\t\t<div class=\"ngg-gallery-thumbnail\" >\n\t\t\t<a href=\"https:\/\/www.akgultente.com\/wp-content\/gallery\/celikcati\/cati06.JPG\"\n\t\t\t\ttitle=\" \"\n\t\t\t\tclass=\"ngg-fancybox\" rel=\"5eca0b5966c768ddbd0eb761d249abc0\" data-image-id=\"17\" data-src=\"https:\/\/www.akgultente.com\/wp-content\/gallery\/celikcati\/cati06.JPG\" data-thumbnail=\"https:\/\/www.akgultente.com\/wp-content\/gallery\/celikcati\/thumbs\/thumbs_cati06.JPG\" data-title=\"cati06\" data-description=\" \" >\n\t\t\t\t\t\t\t\t<img title=\"cati06\" alt=\"cati06\" src=\"https:\/\/www.akgultente.com\/wp-content\/gallery\/celikcati\/thumbs\/thumbs_cati06.JPG\" width='240' height='160' \/>\n\t\t\t\t\t\t\t<\/a>\n\t\t<\/div>\n\t<\/div>\n\n\t\t\t\t\t\t\t\t\t\n\t\t\n\t<div id=\"ngg-image-18\" class=\"ngg-gallery-thumbnail-box\"  >\n\t\t<div class=\"ngg-gallery-thumbnail\" >\n\t\t\t<a href=\"https:\/\/www.akgultente.com\/wp-content\/gallery\/celikcati\/cati07.JPG\"\n\t\t\t\ttitle=\" \"\n\t\t\t\tclass=\"ngg-fancybox\" rel=\"5eca0b5966c768ddbd0eb761d249abc0\" data-image-id=\"18\" data-src=\"https:\/\/www.akgultente.com\/wp-content\/gallery\/celikcati\/cati07.JPG\" data-thumbnail=\"https:\/\/www.akgultente.com\/wp-content\/gallery\/celikcati\/thumbs\/thumbs_cati07.JPG\" data-title=\"cati07\" data-description=\" \" >\n\t\t\t\t\t\t\t\t<img title=\"cati07\" alt=\"cati07\" src=\"https:\/\/www.akgultente.com\/wp-content\/gallery\/celikcati\/thumbs\/thumbs_cati07.JPG\" width='240' height='160' \/>\n\t\t\t\t\t\t\t<\/a>\n\t\t<\/div>\n\t<\/div>\n\n\t\t\t\t\t\t\t\t\t\n\t\t\n\t<div id=\"ngg-image-19\" class=\"ngg-gallery-thumbnail-box\"  >\n\t\t<div class=\"ngg-gallery-thumbnail\" >\n\t\t\t<a href=\"https:\/\/www.akgultente.com\/wp-content\/gallery\/celikcati\/cati08.JPG\"\n\t\t\t\ttitle=\" \"\n\t\t\t\tclass=\"ngg-fancybox\" rel=\"5eca0b5966c768ddbd0eb761d249abc0\" data-image-id=\"19\" data-src=\"https:\/\/www.akgultente.com\/wp-content\/gallery\/celikcati\/cati08.JPG\" data-thumbnail=\"https:\/\/www.akgultente.com\/wp-content\/gallery\/celikcati\/thumbs\/thumbs_cati08.JPG\" data-title=\"cati08\" data-description=\" \" >\n\t\t\t\t\t\t\t\t<img title=\"cati08\" alt=\"cati08\" src=\"https:\/\/www.akgultente.com\/wp-content\/gallery\/celikcati\/thumbs\/thumbs_cati08.JPG\" width='240' height='160' \/>\n\t\t\t\t\t\t\t<\/a>\n\t\t<\/div>\n\t<\/div>\n\n\t\t\t\t\t\t\t\t\t\n\t\t\n\t<div id=\"ngg-image-20\" class=\"ngg-gallery-thumbnail-box\"  >\n\t\t<div class=\"ngg-gallery-thumbnail\" >\n\t\t\t<a href=\"https:\/\/www.akgultente.com\/wp-content\/gallery\/celikcati\/cati09.JPG\"\n\t\t\t\ttitle=\" \"\n\t\t\t\tclass=\"ngg-fancybox\" rel=\"5eca0b5966c768ddbd0eb761d249abc0\" data-image-id=\"20\" data-src=\"https:\/\/www.akgultente.com\/wp-content\/gallery\/celikcati\/cati09.JPG\" data-thumbnail=\"https:\/\/www.akgultente.com\/wp-content\/gallery\/celikcati\/thumbs\/thumbs_cati09.JPG\" data-title=\"cati09\" data-description=\" \" >\n\t\t\t\t\t\t\t\t<img title=\"cati09\" alt=\"cati09\" src=\"https:\/\/www.akgultente.com\/wp-content\/gallery\/celikcati\/thumbs\/thumbs_cati09.JPG\" width='240' height='160' \/>\n\t\t\t\t\t\t\t<\/a>\n\t\t<\/div>\n\t<\/div>\n\n\t\t\t\t\t\t\t\t\t\n\t\t\n\t<div id=\"ngg-image-21\" class=\"ngg-gallery-thumbnail-box\"  >\n\t\t<div class=\"ngg-gallery-thumbnail\" >\n\t\t\t<a href=\"https:\/\/www.akgultente.com\/wp-content\/gallery\/celikcati\/cati10.JPG\"\n\t\t\t\ttitle=\" \"\n\t\t\t\tclass=\"ngg-fancybox\" rel=\"5eca0b5966c768ddbd0eb761d249abc0\" data-image-id=\"21\" data-src=\"https:\/\/www.akgultente.com\/wp-content\/gallery\/celikcati\/cati10.JPG\" data-thumbnail=\"https:\/\/www.akgultente.com\/wp-content\/gallery\/celikcati\/thumbs\/thumbs_cati10.JPG\" data-title=\"cati10\" data-description=\" \" >\n\t\t\t\t\t\t\t\t<img title=\"cati10\" alt=\"cati10\" src=\"https:\/\/www.akgultente.com\/wp-content\/gallery\/celikcati\/thumbs\/thumbs_cati10.JPG\" width='240' height='160' \/>\n\t\t\t\t\t\t\t<\/a>\n\t\t<\/div>\n\t<\/div>\n\n\t\t\t\t\t\t\t\t\t\n\t\t\n\t<div id=\"ngg-image-22\" class=\"ngg-gallery-thumbnail-box\"  >\n\t\t<div class=\"ngg-gallery-thumbnail\" >\n\t\t\t<a href=\"https:\/\/www.akgultente.com\/wp-content\/gallery\/celikcati\/cati11.JPG\"\n\t\t\t\ttitle=\" \"\n\t\t\t\tclass=\"ngg-fancybox\" rel=\"5eca0b5966c768ddbd0eb761d249abc0\" data-image-id=\"22\" data-src=\"https:\/\/www.akgultente.com\/wp-content\/gallery\/celikcati\/cati11.JPG\" data-thumbnail=\"https:\/\/www.akgultente.com\/wp-content\/gallery\/celikcati\/thumbs\/thumbs_cati11.JPG\" data-title=\"cati11\" data-description=\" \" >\n\t\t\t\t\t\t\t\t<img title=\"cati11\" alt=\"cati11\" src=\"https:\/\/www.akgultente.com\/wp-content\/gallery\/celikcati\/thumbs\/thumbs_cati11.JPG\" width='240' height='160' \/>\n\t\t\t\t\t\t\t<\/a>\n\t\t<\/div>\n\t<\/div>\n\n\t\t\t\t\t\t\t\t\t\n\t\t\n\t<div id=\"ngg-image-23\" class=\"ngg-gallery-thumbnail-box\"  >\n\t\t<div class=\"ngg-gallery-thumbnail\" >\n\t\t\t<a href=\"https:\/\/www.akgultente.com\/wp-content\/gallery\/celikcati\/cati12.JPG\"\n\t\t\t\ttitle=\" \"\n\t\t\t\tclass=\"ngg-fancybox\" rel=\"5eca0b5966c768ddbd0eb761d249abc0\" data-image-id=\"23\" data-src=\"https:\/\/www.akgultente.com\/wp-content\/gallery\/celikcati\/cati12.JPG\" data-thumbnail=\"https:\/\/www.akgultente.com\/wp-content\/gallery\/celikcati\/thumbs\/thumbs_cati12.JPG\" data-title=\"cati12\" data-description=\" \" >\n\t\t\t\t\t\t\t\t<img title=\"cati12\" alt=\"cati12\" src=\"https:\/\/www.akgultente.com\/wp-content\/gallery\/celikcati\/thumbs\/thumbs_cati12.JPG\" width='240' height='160' \/>\n\t\t\t\t\t\t\t<\/a>\n\t\t<\/div>\n\t<\/div>\n\n\t\t\t\t\t\t\t\t\t\n\t\t\n\t<div id=\"ngg-image-24\" class=\"ngg-gallery-thumbnail-box\"  >\n\t\t<div class=\"ngg-gallery-thumbnail\" >\n\t\t\t<a href=\"https:\/\/www.akgultente.com\/wp-content\/gallery\/celikcati\/cati13.JPG\"\n\t\t\t\ttitle=\" \"\n\t\t\t\tclass=\"ngg-fancybox\" rel=\"5eca0b5966c768ddbd0eb761d249abc0\" data-image-id=\"24\" data-src=\"https:\/\/www.akgultente.com\/wp-content\/gallery\/celikcati\/cati13.JPG\" data-thumbnail=\"https:\/\/www.akgultente.com\/wp-content\/gallery\/celikcati\/thumbs\/thumbs_cati13.JPG\" data-title=\"cati13\" data-description=\" \" >\n\t\t\t\t\t\t\t\t<img title=\"cati13\" alt=\"cati13\" src=\"https:\/\/www.akgultente.com\/wp-content\/gallery\/celikcati\/thumbs\/thumbs_cati13.JPG\" width='240' height='160' \/>\n\t\t\t\t\t\t\t<\/a>\n\t\t<\/div>\n\t<\/div>\n\n\t\t\t\t\t\t\t\t\t\n\t\t\n\t<div id=\"ngg-image-25\" class=\"ngg-gallery-thumbnail-box\"  >\n\t\t<div class=\"ngg-gallery-thumbnail\" >\n\t\t\t<a href=\"https:\/\/www.akgultente.com\/wp-content\/gallery\/celikcati\/cati14.JPG\"\n\t\t\t\ttitle=\" \"\n\t\t\t\tclass=\"ngg-fancybox\" rel=\"5eca0b5966c768ddbd0eb761d249abc0\" data-image-id=\"25\" data-src=\"https:\/\/www.akgultente.com\/wp-content\/gallery\/celikcati\/cati14.JPG\" data-thumbnail=\"https:\/\/www.akgultente.com\/wp-content\/gallery\/celikcati\/thumbs\/thumbs_cati14.JPG\" data-title=\"cati14\" data-description=\" \" >\n\t\t\t\t\t\t\t\t<img title=\"cati14\" alt=\"cati14\" src=\"https:\/\/www.akgultente.com\/wp-content\/gallery\/celikcati\/thumbs\/thumbs_cati14.JPG\" width='240' height='160' \/>\n\t\t\t\t\t\t\t<\/a>\n\t\t<\/div>\n\t<\/div>\n\n\t\t\t\t\t\t\t\t\t\n\t\t\n\t<div id=\"ngg-image-26\" class=\"ngg-gallery-thumbnail-box\"  >\n\t\t<div class=\"ngg-gallery-thumbnail\" >\n\t\t\t<a href=\"https:\/\/www.akgultente.com\/wp-content\/gallery\/celikcati\/cati15.JPG\"\n\t\t\t\ttitle=\" \"\n\t\t\t\tclass=\"ngg-fancybox\" rel=\"5eca0b5966c768ddbd0eb761d249abc0\" data-image-id=\"26\" data-src=\"https:\/\/www.akgultente.com\/wp-content\/gallery\/celikcati\/cati15.JPG\" data-thumbnail=\"https:\/\/www.akgultente.com\/wp-content\/gallery\/celikcati\/thumbs\/thumbs_cati15.JPG\" data-title=\"cati15\" data-description=\" \" >\n\t\t\t\t\t\t\t\t<img title=\"cati15\" alt=\"cati15\" src=\"https:\/\/www.akgultente.com\/wp-content\/gallery\/celikcati\/thumbs\/thumbs_cati15.JPG\" width='240' height='160' \/>\n\t\t\t\t\t\t\t<\/a>\n\t\t<\/div>\n\t<\/div>\n\n\t\t\t\t\t\t\t\t\t\n\t\t\n\t<!-- Pagination -->\n\t\t<div class='ngg-clear'><\/div>\t\n<\/div>\n\n\t<\/p>\n","protected":false},"excerpt":{"rendered":"","protected":false},"author":1,"featured_media":0,"parent":0,"menu_order":0,"comment_status":"closed","ping_status":"closed","template":"","meta":{"ngg_post_thumbnail":0,"footnotes":""},"class_list":["post-68","page","type-page","status-publish","hentry"],"_links":{"self":[{"href":"https:\/\/www.akgultente.com\/index.php?rest_route=\/wp\/v2\/pages\/68","targetHints":{"allow":["GET"]}}],"collection":[{"href":"https:\/\/www.akgultente.com\/index.php?rest_route=\/wp\/v2\/pages"}],"about":[{"href":"https:\/\/www.akgultente.com\/index.php?rest_route=\/wp\/v2\/types\/page"}],"author":[{"embeddable":true,"href":"https:\/\/www.akgultente.com\/index.php?rest_route=\/wp\/v2\/users\/1"}],"replies":[{"embeddable":true,"href":"https:\/\/www.akgultente.com\/index.php?rest_route=%2Fwp%2Fv2%2Fcomments&post=68"}],"version-history":[{"count":4,"href":"https:\/\/www.akgultente.com\/index.php?rest_route=\/wp\/v2\/pages\/68\/revisions"}],"predecessor-version":[{"id":735,"href":"https:\/\/www.akgultente.com\/index.php?rest_route=\/wp\/v2\/pages\/68\/revisions\/735"}],"wp:attachment":[{"href":"https:\/\/www.akgultente.com\/index.php?rest_route=%2Fwp%2Fv2%2Fmedia&parent=68"}],"curies":[{"name":"wp","href":"https:\/\/api.w.org\/{rel}","templated":true}]}}