{"id":66,"date":"2016-06-21T20:52:06","date_gmt":"2016-06-21T20:52:06","guid":{"rendered":"http:\/\/www.akgultente.com\/deneme\/?page_id=66"},"modified":"2016-06-27T22:39:53","modified_gmt":"2016-06-27T20:39:53","slug":"cift-acilir-tente-2","status":"publish","type":"page","link":"https:\/\/www.akgultente.com\/?page_id=66","title":{"rendered":"\u00c7ift A\u00e7\u0131l\u0131r Tente"},"content":{"rendered":"<p><a href=\"http:\/\/www.akgultente.com\/wp-content\/uploads\/2016\/06\/03-cift-tente.jpg\"><img loading=\"lazy\" decoding=\"async\" class=\"alignnone wp-image-54 size-full\" src=\"http:\/\/www.akgultente.com\/wp-content\/uploads\/2016\/06\/03-cift-tente.jpg\" width=\"900\" height=\"400\" srcset=\"https:\/\/www.akgultente.com\/wp-content\/uploads\/2016\/06\/03-cift-tente.jpg 900w, https:\/\/www.akgultente.com\/wp-content\/uploads\/2016\/06\/03-cift-tente-300x133.jpg 300w, https:\/\/www.akgultente.com\/wp-content\/uploads\/2016\/06\/03-cift-tente-768x341.jpg 768w\" sizes=\"auto, (max-width: 900px) 100vw, 900px\" \/><\/a><\/p>\n<p><strong>\u00c7ift tarafl\u0131 tenteler 2 profil ayar \u00fczerine monte edilen,daha \u00e7ok b\u00fcy\u00fck bah\u00e7eler i\u00e7in ideal olan ayr\u0131ca restaurant, restorant, cafe ve a\u00e7\u0131k alan yerler i\u00e7inde tercih edilen tente sisteminin \u00e7ift y\u00f6ne a\u00e7\u0131lan modelidir.<\/strong><br \/>\n<strong>\u00c7at\u0131 ve ayaklar elektrostatik boyal\u0131d\u0131r, paslanmaz. \u0130ste\u011fe g\u00f6re tekerlekli yada yere sabit \u015fekilde her ebatta yap\u0131lmaktad\u0131r.Ayr\u0131ca hareketli sa\u00e7ak sistemi kullan\u0131l\u0131p mekanlar\u0131n hem \u00fcst\u00fc hem yanlar\u0131 kapanabilir.Bu modelin opsiyonel olarak tek tarafa a\u00e7\u0131lan tente modelide mevcuttur<\/strong><\/p>\n<p>&nbsp;<\/p>\n<p>\n<div class=\"ngg-galleryoverview\" id=\"ngg-gallery-91e86b937c0398038bad0643baefae77-66\">\n\n\t\t\n\t<!-- Thumbnails -->\n\t\t\t\t\t\n\t<div id=\"ngg-image-40\" class=\"ngg-gallery-thumbnail-box\"  >\n\t\t<div class=\"ngg-gallery-thumbnail\" >\n\t\t\t<a href=\"https:\/\/www.akgultente.com\/wp-content\/gallery\/%C3%A7ifta%C3%A7%C4%B1l%C4%B1r\/cift10.JPG\"\n\t\t\t\ttitle=\" \"\n\t\t\t\tclass=\"ngg-fancybox\" rel=\"91e86b937c0398038bad0643baefae77\" data-image-id=\"40\" data-src=\"https:\/\/www.akgultente.com\/wp-content\/gallery\/%C3%A7ifta%C3%A7%C4%B1l%C4%B1r\/cift10.JPG\" data-thumbnail=\"https:\/\/www.akgultente.com\/wp-content\/gallery\/%C3%A7ifta%C3%A7%C4%B1l%C4%B1r\/thumbs\/thumbs_cift10.JPG\" data-title=\"cift10\" data-description=\" \" >\n\t\t\t\t\t\t\t\t<img title=\"cift10\" alt=\"cift10\" src=\"https:\/\/www.akgultente.com\/wp-content\/gallery\/%C3%A7ifta%C3%A7%C4%B1l%C4%B1r\/thumbs\/thumbs_cift10.JPG\" width='240' height='160' \/>\n\t\t\t\t\t\t\t<\/a>\n\t\t<\/div>\n\t<\/div>\n\n\t\t\t\t\t\t\t\t\t\n\t\t\n\t<div id=\"ngg-image-69\" class=\"ngg-gallery-thumbnail-box\"  >\n\t\t<div class=\"ngg-gallery-thumbnail\" >\n\t\t\t<a href=\"https:\/\/www.akgultente.com\/wp-content\/gallery\/%C3%A7ifta%C3%A7%C4%B1l%C4%B1r\/cift19.JPG\"\n\t\t\t\ttitle=\" \"\n\t\t\t\tclass=\"ngg-fancybox\" rel=\"91e86b937c0398038bad0643baefae77\" data-image-id=\"69\" data-src=\"https:\/\/www.akgultente.com\/wp-content\/gallery\/%C3%A7ifta%C3%A7%C4%B1l%C4%B1r\/cift19.JPG\" data-thumbnail=\"https:\/\/www.akgultente.com\/wp-content\/gallery\/%C3%A7ifta%C3%A7%C4%B1l%C4%B1r\/thumbs\/thumbs_cift19.JPG\" data-title=\"cift19\" data-description=\" \" >\n\t\t\t\t\t\t\t\t<img title=\"cift19\" alt=\"cift19\" src=\"https:\/\/www.akgultente.com\/wp-content\/gallery\/%C3%A7ifta%C3%A7%C4%B1l%C4%B1r\/thumbs\/thumbs_cift19.JPG\" width='240' height='160' \/>\n\t\t\t\t\t\t\t<\/a>\n\t\t<\/div>\n\t<\/div>\n\n\t\t\t\t\t\t\t\t\t\n\t\t\n\t<div id=\"ngg-image-67\" class=\"ngg-gallery-thumbnail-box\"  >\n\t\t<div class=\"ngg-gallery-thumbnail\" >\n\t\t\t<a href=\"https:\/\/www.akgultente.com\/wp-content\/gallery\/%C3%A7ifta%C3%A7%C4%B1l%C4%B1r\/cift18.JPG\"\n\t\t\t\ttitle=\" \"\n\t\t\t\tclass=\"ngg-fancybox\" rel=\"91e86b937c0398038bad0643baefae77\" data-image-id=\"67\" data-src=\"https:\/\/www.akgultente.com\/wp-content\/gallery\/%C3%A7ifta%C3%A7%C4%B1l%C4%B1r\/cift18.JPG\" data-thumbnail=\"https:\/\/www.akgultente.com\/wp-content\/gallery\/%C3%A7ifta%C3%A7%C4%B1l%C4%B1r\/thumbs\/thumbs_cift18.JPG\" data-title=\"cift18\" data-description=\" \" >\n\t\t\t\t\t\t\t\t<img title=\"cift18\" alt=\"cift18\" src=\"https:\/\/www.akgultente.com\/wp-content\/gallery\/%C3%A7ifta%C3%A7%C4%B1l%C4%B1r\/thumbs\/thumbs_cift18.JPG\" width='240' height='160' \/>\n\t\t\t\t\t\t\t<\/a>\n\t\t<\/div>\n\t<\/div>\n\n\t\t\t\t\t\t\t\t\t\n\t\t\n\t<div id=\"ngg-image-64\" class=\"ngg-gallery-thumbnail-box\"  >\n\t\t<div class=\"ngg-gallery-thumbnail\" >\n\t\t\t<a href=\"https:\/\/www.akgultente.com\/wp-content\/gallery\/%C3%A7ifta%C3%A7%C4%B1l%C4%B1r\/cift17.JPG\"\n\t\t\t\ttitle=\" \"\n\t\t\t\tclass=\"ngg-fancybox\" rel=\"91e86b937c0398038bad0643baefae77\" data-image-id=\"64\" data-src=\"https:\/\/www.akgultente.com\/wp-content\/gallery\/%C3%A7ifta%C3%A7%C4%B1l%C4%B1r\/cift17.JPG\" data-thumbnail=\"https:\/\/www.akgultente.com\/wp-content\/gallery\/%C3%A7ifta%C3%A7%C4%B1l%C4%B1r\/thumbs\/thumbs_cift17.JPG\" data-title=\"cift17\" data-description=\" \" >\n\t\t\t\t\t\t\t\t<img title=\"cift17\" alt=\"cift17\" src=\"https:\/\/www.akgultente.com\/wp-content\/gallery\/%C3%A7ifta%C3%A7%C4%B1l%C4%B1r\/thumbs\/thumbs_cift17.JPG\" width='240' height='160' \/>\n\t\t\t\t\t\t\t<\/a>\n\t\t<\/div>\n\t<\/div>\n\n\t\t\t\t\t\t\t\t\t\n\t\t\n\t<div id=\"ngg-image-61\" class=\"ngg-gallery-thumbnail-box\"  >\n\t\t<div class=\"ngg-gallery-thumbnail\" >\n\t\t\t<a href=\"https:\/\/www.akgultente.com\/wp-content\/gallery\/%C3%A7ifta%C3%A7%C4%B1l%C4%B1r\/cift16.JPG\"\n\t\t\t\ttitle=\" \"\n\t\t\t\tclass=\"ngg-fancybox\" rel=\"91e86b937c0398038bad0643baefae77\" data-image-id=\"61\" data-src=\"https:\/\/www.akgultente.com\/wp-content\/gallery\/%C3%A7ifta%C3%A7%C4%B1l%C4%B1r\/cift16.JPG\" data-thumbnail=\"https:\/\/www.akgultente.com\/wp-content\/gallery\/%C3%A7ifta%C3%A7%C4%B1l%C4%B1r\/thumbs\/thumbs_cift16.JPG\" data-title=\"cift16\" data-description=\" \" >\n\t\t\t\t\t\t\t\t<img title=\"cift16\" alt=\"cift16\" src=\"https:\/\/www.akgultente.com\/wp-content\/gallery\/%C3%A7ifta%C3%A7%C4%B1l%C4%B1r\/thumbs\/thumbs_cift16.JPG\" width='240' height='160' \/>\n\t\t\t\t\t\t\t<\/a>\n\t\t<\/div>\n\t<\/div>\n\n\t\t\t\t\t\t\t\t\t\n\t\t\n\t<div id=\"ngg-image-58\" class=\"ngg-gallery-thumbnail-box\"  >\n\t\t<div class=\"ngg-gallery-thumbnail\" >\n\t\t\t<a href=\"https:\/\/www.akgultente.com\/wp-content\/gallery\/%C3%A7ifta%C3%A7%C4%B1l%C4%B1r\/cift15.JPG\"\n\t\t\t\ttitle=\" \"\n\t\t\t\tclass=\"ngg-fancybox\" rel=\"91e86b937c0398038bad0643baefae77\" data-image-id=\"58\" data-src=\"https:\/\/www.akgultente.com\/wp-content\/gallery\/%C3%A7ifta%C3%A7%C4%B1l%C4%B1r\/cift15.JPG\" data-thumbnail=\"https:\/\/www.akgultente.com\/wp-content\/gallery\/%C3%A7ifta%C3%A7%C4%B1l%C4%B1r\/thumbs\/thumbs_cift15.JPG\" data-title=\"cift15\" data-description=\" \" >\n\t\t\t\t\t\t\t\t<img title=\"cift15\" alt=\"cift15\" src=\"https:\/\/www.akgultente.com\/wp-content\/gallery\/%C3%A7ifta%C3%A7%C4%B1l%C4%B1r\/thumbs\/thumbs_cift15.JPG\" width='240' height='160' \/>\n\t\t\t\t\t\t\t<\/a>\n\t\t<\/div>\n\t<\/div>\n\n\t\t\t\t\t\t\t\t\t\n\t\t\n\t<div id=\"ngg-image-52\" class=\"ngg-gallery-thumbnail-box\"  >\n\t\t<div class=\"ngg-gallery-thumbnail\" >\n\t\t\t<a href=\"https:\/\/www.akgultente.com\/wp-content\/gallery\/%C3%A7ifta%C3%A7%C4%B1l%C4%B1r\/cift14.JPG\"\n\t\t\t\ttitle=\" \"\n\t\t\t\tclass=\"ngg-fancybox\" rel=\"91e86b937c0398038bad0643baefae77\" data-image-id=\"52\" data-src=\"https:\/\/www.akgultente.com\/wp-content\/gallery\/%C3%A7ifta%C3%A7%C4%B1l%C4%B1r\/cift14.JPG\" data-thumbnail=\"https:\/\/www.akgultente.com\/wp-content\/gallery\/%C3%A7ifta%C3%A7%C4%B1l%C4%B1r\/thumbs\/thumbs_cift14.JPG\" data-title=\"cift14\" data-description=\" \" >\n\t\t\t\t\t\t\t\t<img title=\"cift14\" alt=\"cift14\" src=\"https:\/\/www.akgultente.com\/wp-content\/gallery\/%C3%A7ifta%C3%A7%C4%B1l%C4%B1r\/thumbs\/thumbs_cift14.JPG\" width='240' height='160' \/>\n\t\t\t\t\t\t\t<\/a>\n\t\t<\/div>\n\t<\/div>\n\n\t\t\t\t\t\t\t\t\t\n\t\t\n\t<div id=\"ngg-image-48\" class=\"ngg-gallery-thumbnail-box\"  >\n\t\t<div class=\"ngg-gallery-thumbnail\" >\n\t\t\t<a href=\"https:\/\/www.akgultente.com\/wp-content\/gallery\/%C3%A7ifta%C3%A7%C4%B1l%C4%B1r\/cift13.JPG\"\n\t\t\t\ttitle=\" \"\n\t\t\t\tclass=\"ngg-fancybox\" rel=\"91e86b937c0398038bad0643baefae77\" data-image-id=\"48\" data-src=\"https:\/\/www.akgultente.com\/wp-content\/gallery\/%C3%A7ifta%C3%A7%C4%B1l%C4%B1r\/cift13.JPG\" data-thumbnail=\"https:\/\/www.akgultente.com\/wp-content\/gallery\/%C3%A7ifta%C3%A7%C4%B1l%C4%B1r\/thumbs\/thumbs_cift13.JPG\" data-title=\"cift13\" data-description=\" \" >\n\t\t\t\t\t\t\t\t<img title=\"cift13\" alt=\"cift13\" src=\"https:\/\/www.akgultente.com\/wp-content\/gallery\/%C3%A7ifta%C3%A7%C4%B1l%C4%B1r\/thumbs\/thumbs_cift13.JPG\" width='240' height='160' \/>\n\t\t\t\t\t\t\t<\/a>\n\t\t<\/div>\n\t<\/div>\n\n\t\t\t\t\t\t\t\t\t\n\t\t\n\t<div id=\"ngg-image-44\" class=\"ngg-gallery-thumbnail-box\"  >\n\t\t<div class=\"ngg-gallery-thumbnail\" >\n\t\t\t<a href=\"https:\/\/www.akgultente.com\/wp-content\/gallery\/%C3%A7ifta%C3%A7%C4%B1l%C4%B1r\/cift12.JPG\"\n\t\t\t\ttitle=\" \"\n\t\t\t\tclass=\"ngg-fancybox\" rel=\"91e86b937c0398038bad0643baefae77\" data-image-id=\"44\" data-src=\"https:\/\/www.akgultente.com\/wp-content\/gallery\/%C3%A7ifta%C3%A7%C4%B1l%C4%B1r\/cift12.JPG\" data-thumbnail=\"https:\/\/www.akgultente.com\/wp-content\/gallery\/%C3%A7ifta%C3%A7%C4%B1l%C4%B1r\/thumbs\/thumbs_cift12.JPG\" data-title=\"cift12\" data-description=\" \" >\n\t\t\t\t\t\t\t\t<img title=\"cift12\" alt=\"cift12\" src=\"https:\/\/www.akgultente.com\/wp-content\/gallery\/%C3%A7ifta%C3%A7%C4%B1l%C4%B1r\/thumbs\/thumbs_cift12.JPG\" width='240' height='160' \/>\n\t\t\t\t\t\t\t<\/a>\n\t\t<\/div>\n\t<\/div>\n\n\t\t\t\t\t\t\t\t\t\n\t\t\n\t<div id=\"ngg-image-42\" class=\"ngg-gallery-thumbnail-box\"  >\n\t\t<div class=\"ngg-gallery-thumbnail\" >\n\t\t\t<a href=\"https:\/\/www.akgultente.com\/wp-content\/gallery\/%C3%A7ifta%C3%A7%C4%B1l%C4%B1r\/cift11.JPG\"\n\t\t\t\ttitle=\" \"\n\t\t\t\tclass=\"ngg-fancybox\" rel=\"91e86b937c0398038bad0643baefae77\" data-image-id=\"42\" data-src=\"https:\/\/www.akgultente.com\/wp-content\/gallery\/%C3%A7ifta%C3%A7%C4%B1l%C4%B1r\/cift11.JPG\" data-thumbnail=\"https:\/\/www.akgultente.com\/wp-content\/gallery\/%C3%A7ifta%C3%A7%C4%B1l%C4%B1r\/thumbs\/thumbs_cift11.JPG\" data-title=\"cift11\" data-description=\" \" >\n\t\t\t\t\t\t\t\t<img title=\"cift11\" alt=\"cift11\" src=\"https:\/\/www.akgultente.com\/wp-content\/gallery\/%C3%A7ifta%C3%A7%C4%B1l%C4%B1r\/thumbs\/thumbs_cift11.JPG\" width='240' height='160' \/>\n\t\t\t\t\t\t\t<\/a>\n\t\t<\/div>\n\t<\/div>\n\n\t\t\t\t\t\t\t\t\t\n\t\t\n\t<div id=\"ngg-image-27\" class=\"ngg-gallery-thumbnail-box\"  >\n\t\t<div class=\"ngg-gallery-thumbnail\" >\n\t\t\t<a href=\"https:\/\/www.akgultente.com\/wp-content\/gallery\/%C3%A7ifta%C3%A7%C4%B1l%C4%B1r\/cift01.JPG\"\n\t\t\t\ttitle=\" \"\n\t\t\t\tclass=\"ngg-fancybox\" rel=\"91e86b937c0398038bad0643baefae77\" data-image-id=\"27\" data-src=\"https:\/\/www.akgultente.com\/wp-content\/gallery\/%C3%A7ifta%C3%A7%C4%B1l%C4%B1r\/cift01.JPG\" data-thumbnail=\"https:\/\/www.akgultente.com\/wp-content\/gallery\/%C3%A7ifta%C3%A7%C4%B1l%C4%B1r\/thumbs\/thumbs_cift01.JPG\" data-title=\"cift01\" data-description=\" \" >\n\t\t\t\t\t\t\t\t<img title=\"cift01\" alt=\"cift01\" src=\"https:\/\/www.akgultente.com\/wp-content\/gallery\/%C3%A7ifta%C3%A7%C4%B1l%C4%B1r\/thumbs\/thumbs_cift01.JPG\" width='240' height='160' \/>\n\t\t\t\t\t\t\t<\/a>\n\t\t<\/div>\n\t<\/div>\n\n\t\t\t\t\t\t\t\t\t\n\t\t\n\t<div id=\"ngg-image-38\" class=\"ngg-gallery-thumbnail-box\"  >\n\t\t<div class=\"ngg-gallery-thumbnail\" >\n\t\t\t<a href=\"https:\/\/www.akgultente.com\/wp-content\/gallery\/%C3%A7ifta%C3%A7%C4%B1l%C4%B1r\/cift09.JPG\"\n\t\t\t\ttitle=\" \"\n\t\t\t\tclass=\"ngg-fancybox\" rel=\"91e86b937c0398038bad0643baefae77\" data-image-id=\"38\" data-src=\"https:\/\/www.akgultente.com\/wp-content\/gallery\/%C3%A7ifta%C3%A7%C4%B1l%C4%B1r\/cift09.JPG\" data-thumbnail=\"https:\/\/www.akgultente.com\/wp-content\/gallery\/%C3%A7ifta%C3%A7%C4%B1l%C4%B1r\/thumbs\/thumbs_cift09.JPG\" data-title=\"cift09\" data-description=\" \" >\n\t\t\t\t\t\t\t\t<img title=\"cift09\" alt=\"cift09\" src=\"https:\/\/www.akgultente.com\/wp-content\/gallery\/%C3%A7ifta%C3%A7%C4%B1l%C4%B1r\/thumbs\/thumbs_cift09.JPG\" width='240' height='160' \/>\n\t\t\t\t\t\t\t<\/a>\n\t\t<\/div>\n\t<\/div>\n\n\t\t\t\t\t\t\t\t\t\n\t\t\n\t<div id=\"ngg-image-35\" class=\"ngg-gallery-thumbnail-box\"  >\n\t\t<div class=\"ngg-gallery-thumbnail\" >\n\t\t\t<a href=\"https:\/\/www.akgultente.com\/wp-content\/gallery\/%C3%A7ifta%C3%A7%C4%B1l%C4%B1r\/cift08.JPG\"\n\t\t\t\ttitle=\" \"\n\t\t\t\tclass=\"ngg-fancybox\" rel=\"91e86b937c0398038bad0643baefae77\" data-image-id=\"35\" data-src=\"https:\/\/www.akgultente.com\/wp-content\/gallery\/%C3%A7ifta%C3%A7%C4%B1l%C4%B1r\/cift08.JPG\" data-thumbnail=\"https:\/\/www.akgultente.com\/wp-content\/gallery\/%C3%A7ifta%C3%A7%C4%B1l%C4%B1r\/thumbs\/thumbs_cift08.JPG\" data-title=\"cift08\" data-description=\" \" >\n\t\t\t\t\t\t\t\t<img title=\"cift08\" alt=\"cift08\" src=\"https:\/\/www.akgultente.com\/wp-content\/gallery\/%C3%A7ifta%C3%A7%C4%B1l%C4%B1r\/thumbs\/thumbs_cift08.JPG\" width='240' height='160' \/>\n\t\t\t\t\t\t\t<\/a>\n\t\t<\/div>\n\t<\/div>\n\n\t\t\t\t\t\t\t\t\t\n\t\t\n\t<div id=\"ngg-image-33\" class=\"ngg-gallery-thumbnail-box\"  >\n\t\t<div class=\"ngg-gallery-thumbnail\" >\n\t\t\t<a href=\"https:\/\/www.akgultente.com\/wp-content\/gallery\/%C3%A7ifta%C3%A7%C4%B1l%C4%B1r\/cift07.JPG\"\n\t\t\t\ttitle=\" \"\n\t\t\t\tclass=\"ngg-fancybox\" rel=\"91e86b937c0398038bad0643baefae77\" data-image-id=\"33\" data-src=\"https:\/\/www.akgultente.com\/wp-content\/gallery\/%C3%A7ifta%C3%A7%C4%B1l%C4%B1r\/cift07.JPG\" data-thumbnail=\"https:\/\/www.akgultente.com\/wp-content\/gallery\/%C3%A7ifta%C3%A7%C4%B1l%C4%B1r\/thumbs\/thumbs_cift07.JPG\" data-title=\"cift07\" data-description=\" \" >\n\t\t\t\t\t\t\t\t<img title=\"cift07\" alt=\"cift07\" src=\"https:\/\/www.akgultente.com\/wp-content\/gallery\/%C3%A7ifta%C3%A7%C4%B1l%C4%B1r\/thumbs\/thumbs_cift07.JPG\" width='240' height='160' \/>\n\t\t\t\t\t\t\t<\/a>\n\t\t<\/div>\n\t<\/div>\n\n\t\t\t\t\t\t\t\t\t\n\t\t\n\t<div id=\"ngg-image-32\" class=\"ngg-gallery-thumbnail-box\"  >\n\t\t<div class=\"ngg-gallery-thumbnail\" >\n\t\t\t<a href=\"https:\/\/www.akgultente.com\/wp-content\/gallery\/%C3%A7ifta%C3%A7%C4%B1l%C4%B1r\/cift06.JPG\"\n\t\t\t\ttitle=\" \"\n\t\t\t\tclass=\"ngg-fancybox\" rel=\"91e86b937c0398038bad0643baefae77\" data-image-id=\"32\" data-src=\"https:\/\/www.akgultente.com\/wp-content\/gallery\/%C3%A7ifta%C3%A7%C4%B1l%C4%B1r\/cift06.JPG\" data-thumbnail=\"https:\/\/www.akgultente.com\/wp-content\/gallery\/%C3%A7ifta%C3%A7%C4%B1l%C4%B1r\/thumbs\/thumbs_cift06.JPG\" data-title=\"cift06\" data-description=\" \" >\n\t\t\t\t\t\t\t\t<img title=\"cift06\" alt=\"cift06\" src=\"https:\/\/www.akgultente.com\/wp-content\/gallery\/%C3%A7ifta%C3%A7%C4%B1l%C4%B1r\/thumbs\/thumbs_cift06.JPG\" width='240' height='160' \/>\n\t\t\t\t\t\t\t<\/a>\n\t\t<\/div>\n\t<\/div>\n\n\t\t\t\t\t\t\t\t\t\n\t\t\n\t<div id=\"ngg-image-31\" class=\"ngg-gallery-thumbnail-box\"  >\n\t\t<div class=\"ngg-gallery-thumbnail\" >\n\t\t\t<a href=\"https:\/\/www.akgultente.com\/wp-content\/gallery\/%C3%A7ifta%C3%A7%C4%B1l%C4%B1r\/cift05.JPG\"\n\t\t\t\ttitle=\" \"\n\t\t\t\tclass=\"ngg-fancybox\" rel=\"91e86b937c0398038bad0643baefae77\" data-image-id=\"31\" data-src=\"https:\/\/www.akgultente.com\/wp-content\/gallery\/%C3%A7ifta%C3%A7%C4%B1l%C4%B1r\/cift05.JPG\" data-thumbnail=\"https:\/\/www.akgultente.com\/wp-content\/gallery\/%C3%A7ifta%C3%A7%C4%B1l%C4%B1r\/thumbs\/thumbs_cift05.JPG\" data-title=\"cift05\" data-description=\" \" >\n\t\t\t\t\t\t\t\t<img title=\"cift05\" alt=\"cift05\" src=\"https:\/\/www.akgultente.com\/wp-content\/gallery\/%C3%A7ifta%C3%A7%C4%B1l%C4%B1r\/thumbs\/thumbs_cift05.JPG\" width='240' height='160' \/>\n\t\t\t\t\t\t\t<\/a>\n\t\t<\/div>\n\t<\/div>\n\n\t\t\t\t\t\t\t\t\t\n\t\t\n\t<div id=\"ngg-image-30\" class=\"ngg-gallery-thumbnail-box\"  >\n\t\t<div class=\"ngg-gallery-thumbnail\" >\n\t\t\t<a href=\"https:\/\/www.akgultente.com\/wp-content\/gallery\/%C3%A7ifta%C3%A7%C4%B1l%C4%B1r\/cift04.JPG\"\n\t\t\t\ttitle=\" \"\n\t\t\t\tclass=\"ngg-fancybox\" rel=\"91e86b937c0398038bad0643baefae77\" data-image-id=\"30\" data-src=\"https:\/\/www.akgultente.com\/wp-content\/gallery\/%C3%A7ifta%C3%A7%C4%B1l%C4%B1r\/cift04.JPG\" data-thumbnail=\"https:\/\/www.akgultente.com\/wp-content\/gallery\/%C3%A7ifta%C3%A7%C4%B1l%C4%B1r\/thumbs\/thumbs_cift04.JPG\" data-title=\"cift04\" data-description=\" \" >\n\t\t\t\t\t\t\t\t<img title=\"cift04\" alt=\"cift04\" src=\"https:\/\/www.akgultente.com\/wp-content\/gallery\/%C3%A7ifta%C3%A7%C4%B1l%C4%B1r\/thumbs\/thumbs_cift04.JPG\" width='240' height='160' \/>\n\t\t\t\t\t\t\t<\/a>\n\t\t<\/div>\n\t<\/div>\n\n\t\t\t\t\t\t\t\t\t\n\t\t\n\t<div id=\"ngg-image-29\" class=\"ngg-gallery-thumbnail-box\"  >\n\t\t<div class=\"ngg-gallery-thumbnail\" >\n\t\t\t<a href=\"https:\/\/www.akgultente.com\/wp-content\/gallery\/%C3%A7ifta%C3%A7%C4%B1l%C4%B1r\/cift03.JPG\"\n\t\t\t\ttitle=\" \"\n\t\t\t\tclass=\"ngg-fancybox\" rel=\"91e86b937c0398038bad0643baefae77\" data-image-id=\"29\" data-src=\"https:\/\/www.akgultente.com\/wp-content\/gallery\/%C3%A7ifta%C3%A7%C4%B1l%C4%B1r\/cift03.JPG\" data-thumbnail=\"https:\/\/www.akgultente.com\/wp-content\/gallery\/%C3%A7ifta%C3%A7%C4%B1l%C4%B1r\/thumbs\/thumbs_cift03.JPG\" data-title=\"cift03\" data-description=\" \" >\n\t\t\t\t\t\t\t\t<img title=\"cift03\" alt=\"cift03\" src=\"https:\/\/www.akgultente.com\/wp-content\/gallery\/%C3%A7ifta%C3%A7%C4%B1l%C4%B1r\/thumbs\/thumbs_cift03.JPG\" width='240' height='160' \/>\n\t\t\t\t\t\t\t<\/a>\n\t\t<\/div>\n\t<\/div>\n\n\t\t\t\t\t\t\t\t\t\n\t\t\n\t<div id=\"ngg-image-28\" class=\"ngg-gallery-thumbnail-box\"  >\n\t\t<div class=\"ngg-gallery-thumbnail\" >\n\t\t\t<a href=\"https:\/\/www.akgultente.com\/wp-content\/gallery\/%C3%A7ifta%C3%A7%C4%B1l%C4%B1r\/cift02.JPG\"\n\t\t\t\ttitle=\" \"\n\t\t\t\tclass=\"ngg-fancybox\" rel=\"91e86b937c0398038bad0643baefae77\" data-image-id=\"28\" data-src=\"https:\/\/www.akgultente.com\/wp-content\/gallery\/%C3%A7ifta%C3%A7%C4%B1l%C4%B1r\/cift02.JPG\" data-thumbnail=\"https:\/\/www.akgultente.com\/wp-content\/gallery\/%C3%A7ifta%C3%A7%C4%B1l%C4%B1r\/thumbs\/thumbs_cift02.JPG\" data-title=\"cift02\" data-description=\" \" >\n\t\t\t\t\t\t\t\t<img title=\"cift02\" alt=\"cift02\" src=\"https:\/\/www.akgultente.com\/wp-content\/gallery\/%C3%A7ifta%C3%A7%C4%B1l%C4%B1r\/thumbs\/thumbs_cift02.JPG\" width='240' height='160' \/>\n\t\t\t\t\t\t\t<\/a>\n\t\t<\/div>\n\t<\/div>\n\n\t\t\t\t\t\t\t\t\t\n\t\t\n\t<!-- Pagination -->\n\t\t<div class='ngg-clear'><\/div>\t\n<\/div>\n\n\t<\/p>\n","protected":false},"excerpt":{"rendered":"<p>\u00c7ift tarafl\u0131 tenteler 2 profil ayar \u00fczerine monte edilen,daha \u00e7ok b\u00fcy\u00fck bah\u00e7eler i\u00e7in ideal olan ayr\u0131ca restaurant, restorant, cafe ve a\u00e7\u0131k alan yerler i\u00e7inde tercih edilen tente sisteminin \u00e7ift y\u00f6ne a\u00e7\u0131lan modelidir.<a class=\"moretag\" href=\"https:\/\/www.akgultente.com\/?page_id=66\">Read More&#8230;<\/a><\/p>\n","protected":false},"author":1,"featured_media":0,"parent":0,"menu_order":0,"comment_status":"closed","ping_status":"closed","template":"","meta":{"ngg_post_thumbnail":0,"footnotes":""},"class_list":["post-66","page","type-page","status-publish","hentry"],"_links":{"self":[{"href":"https:\/\/www.akgultente.com\/index.php?rest_route=\/wp\/v2\/pages\/66","targetHints":{"allow":["GET"]}}],"collection":[{"href":"https:\/\/www.akgultente.com\/index.php?rest_route=\/wp\/v2\/pages"}],"about":[{"href":"https:\/\/www.akgultente.com\/index.php?rest_route=\/wp\/v2\/types\/page"}],"author":[{"embeddable":true,"href":"https:\/\/www.akgultente.com\/index.php?rest_route=\/wp\/v2\/users\/1"}],"replies":[{"embeddable":true,"href":"https:\/\/www.akgultente.com\/index.php?rest_route=%2Fwp%2Fv2%2Fcomments&post=66"}],"version-history":[{"count":4,"href":"https:\/\/www.akgultente.com\/index.php?rest_route=\/wp\/v2\/pages\/66\/revisions"}],"predecessor-version":[{"id":733,"href":"https:\/\/www.akgultente.com\/index.php?rest_route=\/wp\/v2\/pages\/66\/revisions\/733"}],"wp:attachment":[{"href":"https:\/\/www.akgultente.com\/index.php?rest_route=%2Fwp%2Fv2%2Fmedia&parent=66"}],"curies":[{"name":"wp","href":"https:\/\/api.w.org\/{rel}","templated":true}]}}