{"id":53,"date":"2016-06-21T20:47:14","date_gmt":"2016-06-21T20:47:14","guid":{"rendered":"http:\/\/www.akgultente.com\/deneme\/?page_id=53"},"modified":"2016-06-27T22:56:15","modified_gmt":"2016-06-27T20:56:15","slug":"ozel-imalatlar","status":"publish","type":"page","link":"https:\/\/www.akgultente.com\/?page_id=53","title":{"rendered":"\u00d6zel imalatlar"},"content":{"rendered":"<p><a href=\"http:\/\/www.akgultente.com\/wp-content\/uploads\/2016\/06\/00-ozel-imalat.jpg\"><img loading=\"lazy\" decoding=\"async\" class=\"alignnone wp-image-60 size-full\" src=\"http:\/\/www.akgultente.com\/wp-content\/uploads\/2016\/06\/00-ozel-imalat.jpg\" width=\"900\" height=\"300\" srcset=\"https:\/\/www.akgultente.com\/wp-content\/uploads\/2016\/06\/00-ozel-imalat.jpg 900w, https:\/\/www.akgultente.com\/wp-content\/uploads\/2016\/06\/00-ozel-imalat-300x100.jpg 300w, https:\/\/www.akgultente.com\/wp-content\/uploads\/2016\/06\/00-ozel-imalat-768x256.jpg 768w\" sizes=\"auto, (max-width: 900px) 100vw, 900px\" \/><\/a><\/p>\n<p><strong>Mekanlar\u0131n\u0131za dekoratif bir g\u00f6r\u00fcn\u00fcm sa\u011flamak i\u00e7in sizlerin tercihine sunulan tente modelleridir<\/strong><\/p>\n<p><strong>Sabit tentelerin \u00f6zellikleri<\/strong><\/p>\n<div class=\"fleft\">\n<ul>\n<li><strong>\u00c7elik konstr\u00fcksiyon iskelet<\/strong><\/li>\n<li><strong>Termoset toz boya ral kartelas\u0131 9016 beyaz<\/strong><\/li>\n<li><strong>PVC ve akrelik kumas se\u00e7enekleri<\/strong><\/li>\n<\/ul>\n<\/div>\n<p>\n<div class=\"ngg-galleryoverview\" id=\"ngg-gallery-3f2791ec007b1228b8209dc35daf1c19-53\">\n\n\t\t\n\t<!-- Thumbnails -->\n\t\t\t\t\t\n\t<div id=\"ngg-image-199\" class=\"ngg-gallery-thumbnail-box\"  >\n\t\t<div class=\"ngg-gallery-thumbnail\" >\n\t\t\t<a href=\"https:\/\/www.akgultente.com\/wp-content\/gallery\/00-ozel-imalat\/spacial12.JPG\"\n\t\t\t\ttitle=\" \"\n\t\t\t\tclass=\"ngg-fancybox\" rel=\"3f2791ec007b1228b8209dc35daf1c19\" data-image-id=\"199\" data-src=\"https:\/\/www.akgultente.com\/wp-content\/gallery\/00-ozel-imalat\/spacial12.JPG\" data-thumbnail=\"https:\/\/www.akgultente.com\/wp-content\/gallery\/00-ozel-imalat\/thumbs\/thumbs_spacial12.JPG\" data-title=\"spacial12\" data-description=\" \" >\n\t\t\t\t\t\t\t\t<img title=\"spacial12\" alt=\"spacial12\" src=\"https:\/\/www.akgultente.com\/wp-content\/gallery\/00-ozel-imalat\/thumbs\/thumbs_spacial12.JPG\" width='240' height='160' \/>\n\t\t\t\t\t\t\t<\/a>\n\t\t<\/div>\n\t<\/div>\n\n\t\t\t\t\t\t\t\t\t\n\t\t\n\t<div id=\"ngg-image-209\" class=\"ngg-gallery-thumbnail-box\"  >\n\t\t<div class=\"ngg-gallery-thumbnail\" >\n\t\t\t<a href=\"https:\/\/www.akgultente.com\/wp-content\/gallery\/00-ozel-imalat\/spacial24.JPG\"\n\t\t\t\ttitle=\" \"\n\t\t\t\tclass=\"ngg-fancybox\" rel=\"3f2791ec007b1228b8209dc35daf1c19\" data-image-id=\"209\" data-src=\"https:\/\/www.akgultente.com\/wp-content\/gallery\/00-ozel-imalat\/spacial24.JPG\" data-thumbnail=\"https:\/\/www.akgultente.com\/wp-content\/gallery\/00-ozel-imalat\/thumbs\/thumbs_spacial24.JPG\" data-title=\"spacial24\" data-description=\" \" >\n\t\t\t\t\t\t\t\t<img title=\"spacial24\" alt=\"spacial24\" src=\"https:\/\/www.akgultente.com\/wp-content\/gallery\/00-ozel-imalat\/thumbs\/thumbs_spacial24.JPG\" width='240' height='160' \/>\n\t\t\t\t\t\t\t<\/a>\n\t\t<\/div>\n\t<\/div>\n\n\t\t\t\t\t\t\t\t\t\n\t\t\n\t<div id=\"ngg-image-208\" class=\"ngg-gallery-thumbnail-box\"  >\n\t\t<div class=\"ngg-gallery-thumbnail\" >\n\t\t\t<a href=\"https:\/\/www.akgultente.com\/wp-content\/gallery\/00-ozel-imalat\/spacial23.JPG\"\n\t\t\t\ttitle=\" \"\n\t\t\t\tclass=\"ngg-fancybox\" rel=\"3f2791ec007b1228b8209dc35daf1c19\" data-image-id=\"208\" data-src=\"https:\/\/www.akgultente.com\/wp-content\/gallery\/00-ozel-imalat\/spacial23.JPG\" data-thumbnail=\"https:\/\/www.akgultente.com\/wp-content\/gallery\/00-ozel-imalat\/thumbs\/thumbs_spacial23.JPG\" data-title=\"spacial23\" data-description=\" \" >\n\t\t\t\t\t\t\t\t<img title=\"spacial23\" alt=\"spacial23\" src=\"https:\/\/www.akgultente.com\/wp-content\/gallery\/00-ozel-imalat\/thumbs\/thumbs_spacial23.JPG\" width='240' height='160' \/>\n\t\t\t\t\t\t\t<\/a>\n\t\t<\/div>\n\t<\/div>\n\n\t\t\t\t\t\t\t\t\t\n\t\t\n\t<div id=\"ngg-image-207\" class=\"ngg-gallery-thumbnail-box\"  >\n\t\t<div class=\"ngg-gallery-thumbnail\" >\n\t\t\t<a href=\"https:\/\/www.akgultente.com\/wp-content\/gallery\/00-ozel-imalat\/spacial22.JPG\"\n\t\t\t\ttitle=\" \"\n\t\t\t\tclass=\"ngg-fancybox\" rel=\"3f2791ec007b1228b8209dc35daf1c19\" data-image-id=\"207\" data-src=\"https:\/\/www.akgultente.com\/wp-content\/gallery\/00-ozel-imalat\/spacial22.JPG\" data-thumbnail=\"https:\/\/www.akgultente.com\/wp-content\/gallery\/00-ozel-imalat\/thumbs\/thumbs_spacial22.JPG\" data-title=\"spacial22\" data-description=\" \" >\n\t\t\t\t\t\t\t\t<img title=\"spacial22\" alt=\"spacial22\" src=\"https:\/\/www.akgultente.com\/wp-content\/gallery\/00-ozel-imalat\/thumbs\/thumbs_spacial22.JPG\" width='240' height='160' \/>\n\t\t\t\t\t\t\t<\/a>\n\t\t<\/div>\n\t<\/div>\n\n\t\t\t\t\t\t\t\t\t\n\t\t\n\t<div id=\"ngg-image-206\" class=\"ngg-gallery-thumbnail-box\"  >\n\t\t<div class=\"ngg-gallery-thumbnail\" >\n\t\t\t<a href=\"https:\/\/www.akgultente.com\/wp-content\/gallery\/00-ozel-imalat\/spacial21.JPG\"\n\t\t\t\ttitle=\" \"\n\t\t\t\tclass=\"ngg-fancybox\" rel=\"3f2791ec007b1228b8209dc35daf1c19\" data-image-id=\"206\" data-src=\"https:\/\/www.akgultente.com\/wp-content\/gallery\/00-ozel-imalat\/spacial21.JPG\" data-thumbnail=\"https:\/\/www.akgultente.com\/wp-content\/gallery\/00-ozel-imalat\/thumbs\/thumbs_spacial21.JPG\" data-title=\"spacial21\" data-description=\" \" >\n\t\t\t\t\t\t\t\t<img title=\"spacial21\" alt=\"spacial21\" src=\"https:\/\/www.akgultente.com\/wp-content\/gallery\/00-ozel-imalat\/thumbs\/thumbs_spacial21.JPG\" width='240' height='160' \/>\n\t\t\t\t\t\t\t<\/a>\n\t\t<\/div>\n\t<\/div>\n\n\t\t\t\t\t\t\t\t\t\n\t\t\n\t<div id=\"ngg-image-205\" class=\"ngg-gallery-thumbnail-box\"  >\n\t\t<div class=\"ngg-gallery-thumbnail\" >\n\t\t\t<a href=\"https:\/\/www.akgultente.com\/wp-content\/gallery\/00-ozel-imalat\/spacial20.JPG\"\n\t\t\t\ttitle=\" \"\n\t\t\t\tclass=\"ngg-fancybox\" rel=\"3f2791ec007b1228b8209dc35daf1c19\" data-image-id=\"205\" data-src=\"https:\/\/www.akgultente.com\/wp-content\/gallery\/00-ozel-imalat\/spacial20.JPG\" data-thumbnail=\"https:\/\/www.akgultente.com\/wp-content\/gallery\/00-ozel-imalat\/thumbs\/thumbs_spacial20.JPG\" data-title=\"spacial20\" data-description=\" \" >\n\t\t\t\t\t\t\t\t<img title=\"spacial20\" alt=\"spacial20\" src=\"https:\/\/www.akgultente.com\/wp-content\/gallery\/00-ozel-imalat\/thumbs\/thumbs_spacial20.JPG\" width='240' height='160' \/>\n\t\t\t\t\t\t\t<\/a>\n\t\t<\/div>\n\t<\/div>\n\n\t\t\t\t\t\t\t\t\t\n\t\t\n\t<div id=\"ngg-image-204\" class=\"ngg-gallery-thumbnail-box\"  >\n\t\t<div class=\"ngg-gallery-thumbnail\" >\n\t\t\t<a href=\"https:\/\/www.akgultente.com\/wp-content\/gallery\/00-ozel-imalat\/spacial19.JPG\"\n\t\t\t\ttitle=\" \"\n\t\t\t\tclass=\"ngg-fancybox\" rel=\"3f2791ec007b1228b8209dc35daf1c19\" data-image-id=\"204\" data-src=\"https:\/\/www.akgultente.com\/wp-content\/gallery\/00-ozel-imalat\/spacial19.JPG\" data-thumbnail=\"https:\/\/www.akgultente.com\/wp-content\/gallery\/00-ozel-imalat\/thumbs\/thumbs_spacial19.JPG\" data-title=\"spacial19\" data-description=\" \" >\n\t\t\t\t\t\t\t\t<img title=\"spacial19\" alt=\"spacial19\" src=\"https:\/\/www.akgultente.com\/wp-content\/gallery\/00-ozel-imalat\/thumbs\/thumbs_spacial19.JPG\" width='240' height='160' \/>\n\t\t\t\t\t\t\t<\/a>\n\t\t<\/div>\n\t<\/div>\n\n\t\t\t\t\t\t\t\t\t\n\t\t\n\t<div id=\"ngg-image-203\" class=\"ngg-gallery-thumbnail-box\"  >\n\t\t<div class=\"ngg-gallery-thumbnail\" >\n\t\t\t<a href=\"https:\/\/www.akgultente.com\/wp-content\/gallery\/00-ozel-imalat\/spacial18.JPG\"\n\t\t\t\ttitle=\" \"\n\t\t\t\tclass=\"ngg-fancybox\" rel=\"3f2791ec007b1228b8209dc35daf1c19\" data-image-id=\"203\" data-src=\"https:\/\/www.akgultente.com\/wp-content\/gallery\/00-ozel-imalat\/spacial18.JPG\" data-thumbnail=\"https:\/\/www.akgultente.com\/wp-content\/gallery\/00-ozel-imalat\/thumbs\/thumbs_spacial18.JPG\" data-title=\"spacial18\" data-description=\" \" >\n\t\t\t\t\t\t\t\t<img title=\"spacial18\" alt=\"spacial18\" src=\"https:\/\/www.akgultente.com\/wp-content\/gallery\/00-ozel-imalat\/thumbs\/thumbs_spacial18.JPG\" width='240' height='160' \/>\n\t\t\t\t\t\t\t<\/a>\n\t\t<\/div>\n\t<\/div>\n\n\t\t\t\t\t\t\t\t\t\n\t\t\n\t<div id=\"ngg-image-211\" class=\"ngg-gallery-thumbnail-box\"  >\n\t\t<div class=\"ngg-gallery-thumbnail\" >\n\t\t\t<a href=\"https:\/\/www.akgultente.com\/wp-content\/gallery\/00-ozel-imalat\/spacial26.jpg\"\n\t\t\t\ttitle=\" \"\n\t\t\t\tclass=\"ngg-fancybox\" rel=\"3f2791ec007b1228b8209dc35daf1c19\" data-image-id=\"211\" data-src=\"https:\/\/www.akgultente.com\/wp-content\/gallery\/00-ozel-imalat\/spacial26.jpg\" data-thumbnail=\"https:\/\/www.akgultente.com\/wp-content\/gallery\/00-ozel-imalat\/thumbs\/thumbs_spacial26.jpg\" data-title=\"spacial26\" data-description=\" \" >\n\t\t\t\t\t\t\t\t<img title=\"spacial26\" alt=\"spacial26\" src=\"https:\/\/www.akgultente.com\/wp-content\/gallery\/00-ozel-imalat\/thumbs\/thumbs_spacial26.jpg\" width='240' height='160' \/>\n\t\t\t\t\t\t\t<\/a>\n\t\t<\/div>\n\t<\/div>\n\n\t\t\t\t\t\t\t\t\t\n\t\t\n\t<div id=\"ngg-image-201\" class=\"ngg-gallery-thumbnail-box\"  >\n\t\t<div class=\"ngg-gallery-thumbnail\" >\n\t\t\t<a href=\"https:\/\/www.akgultente.com\/wp-content\/gallery\/00-ozel-imalat\/spacial15.JPG\"\n\t\t\t\ttitle=\" \"\n\t\t\t\tclass=\"ngg-fancybox\" rel=\"3f2791ec007b1228b8209dc35daf1c19\" data-image-id=\"201\" data-src=\"https:\/\/www.akgultente.com\/wp-content\/gallery\/00-ozel-imalat\/spacial15.JPG\" data-thumbnail=\"https:\/\/www.akgultente.com\/wp-content\/gallery\/00-ozel-imalat\/thumbs\/thumbs_spacial15.JPG\" data-title=\"spacial15\" data-description=\" \" >\n\t\t\t\t\t\t\t\t<img title=\"spacial15\" alt=\"spacial15\" src=\"https:\/\/www.akgultente.com\/wp-content\/gallery\/00-ozel-imalat\/thumbs\/thumbs_spacial15.JPG\" width='240' height='160' \/>\n\t\t\t\t\t\t\t<\/a>\n\t\t<\/div>\n\t<\/div>\n\n\t\t\t\t\t\t\t\t\t\n\t\t\n\t<div id=\"ngg-image-200\" class=\"ngg-gallery-thumbnail-box\"  >\n\t\t<div class=\"ngg-gallery-thumbnail\" >\n\t\t\t<a href=\"https:\/\/www.akgultente.com\/wp-content\/gallery\/00-ozel-imalat\/spacial14.JPG\"\n\t\t\t\ttitle=\" \"\n\t\t\t\tclass=\"ngg-fancybox\" rel=\"3f2791ec007b1228b8209dc35daf1c19\" data-image-id=\"200\" data-src=\"https:\/\/www.akgultente.com\/wp-content\/gallery\/00-ozel-imalat\/spacial14.JPG\" data-thumbnail=\"https:\/\/www.akgultente.com\/wp-content\/gallery\/00-ozel-imalat\/thumbs\/thumbs_spacial14.JPG\" data-title=\"spacial14\" data-description=\" \" >\n\t\t\t\t\t\t\t\t<img title=\"spacial14\" alt=\"spacial14\" src=\"https:\/\/www.akgultente.com\/wp-content\/gallery\/00-ozel-imalat\/thumbs\/thumbs_spacial14.JPG\" width='240' height='160' \/>\n\t\t\t\t\t\t\t<\/a>\n\t\t<\/div>\n\t<\/div>\n\n\t\t\t\t\t\t\t\t\t\n\t\t\n\t<div id=\"ngg-image-189\" class=\"ngg-gallery-thumbnail-box\"  >\n\t\t<div class=\"ngg-gallery-thumbnail\" >\n\t\t\t<a href=\"https:\/\/www.akgultente.com\/wp-content\/gallery\/00-ozel-imalat\/spacial01.jpg\"\n\t\t\t\ttitle=\" \"\n\t\t\t\tclass=\"ngg-fancybox\" rel=\"3f2791ec007b1228b8209dc35daf1c19\" data-image-id=\"189\" data-src=\"https:\/\/www.akgultente.com\/wp-content\/gallery\/00-ozel-imalat\/spacial01.jpg\" data-thumbnail=\"https:\/\/www.akgultente.com\/wp-content\/gallery\/00-ozel-imalat\/thumbs\/thumbs_spacial01.jpg\" data-title=\"spacial01\" data-description=\" \" >\n\t\t\t\t\t\t\t\t<img title=\"spacial01\" alt=\"spacial01\" src=\"https:\/\/www.akgultente.com\/wp-content\/gallery\/00-ozel-imalat\/thumbs\/thumbs_spacial01.jpg\" width='240' height='160' \/>\n\t\t\t\t\t\t\t<\/a>\n\t\t<\/div>\n\t<\/div>\n\n\t\t\t\t\t\t\t\t\t\n\t\t\n\t<div id=\"ngg-image-198\" class=\"ngg-gallery-thumbnail-box\"  >\n\t\t<div class=\"ngg-gallery-thumbnail\" >\n\t\t\t<a href=\"https:\/\/www.akgultente.com\/wp-content\/gallery\/00-ozel-imalat\/spacial11.JPG\"\n\t\t\t\ttitle=\" \"\n\t\t\t\tclass=\"ngg-fancybox\" rel=\"3f2791ec007b1228b8209dc35daf1c19\" data-image-id=\"198\" data-src=\"https:\/\/www.akgultente.com\/wp-content\/gallery\/00-ozel-imalat\/spacial11.JPG\" data-thumbnail=\"https:\/\/www.akgultente.com\/wp-content\/gallery\/00-ozel-imalat\/thumbs\/thumbs_spacial11.JPG\" data-title=\"spacial11\" data-description=\" \" >\n\t\t\t\t\t\t\t\t<img title=\"spacial11\" alt=\"spacial11\" src=\"https:\/\/www.akgultente.com\/wp-content\/gallery\/00-ozel-imalat\/thumbs\/thumbs_spacial11.JPG\" width='240' height='160' \/>\n\t\t\t\t\t\t\t<\/a>\n\t\t<\/div>\n\t<\/div>\n\n\t\t\t\t\t\t\t\t\t\n\t\t\n\t<div id=\"ngg-image-197\" class=\"ngg-gallery-thumbnail-box\"  >\n\t\t<div class=\"ngg-gallery-thumbnail\" >\n\t\t\t<a href=\"https:\/\/www.akgultente.com\/wp-content\/gallery\/00-ozel-imalat\/spacial10.JPG\"\n\t\t\t\ttitle=\" \"\n\t\t\t\tclass=\"ngg-fancybox\" rel=\"3f2791ec007b1228b8209dc35daf1c19\" data-image-id=\"197\" data-src=\"https:\/\/www.akgultente.com\/wp-content\/gallery\/00-ozel-imalat\/spacial10.JPG\" data-thumbnail=\"https:\/\/www.akgultente.com\/wp-content\/gallery\/00-ozel-imalat\/thumbs\/thumbs_spacial10.JPG\" data-title=\"spacial10\" data-description=\" \" >\n\t\t\t\t\t\t\t\t<img title=\"spacial10\" alt=\"spacial10\" src=\"https:\/\/www.akgultente.com\/wp-content\/gallery\/00-ozel-imalat\/thumbs\/thumbs_spacial10.JPG\" width='240' height='160' \/>\n\t\t\t\t\t\t\t<\/a>\n\t\t<\/div>\n\t<\/div>\n\n\t\t\t\t\t\t\t\t\t\n\t\t\n\t<div id=\"ngg-image-196\" class=\"ngg-gallery-thumbnail-box\"  >\n\t\t<div class=\"ngg-gallery-thumbnail\" >\n\t\t\t<a href=\"https:\/\/www.akgultente.com\/wp-content\/gallery\/00-ozel-imalat\/spacial09.JPG\"\n\t\t\t\ttitle=\" \"\n\t\t\t\tclass=\"ngg-fancybox\" rel=\"3f2791ec007b1228b8209dc35daf1c19\" data-image-id=\"196\" data-src=\"https:\/\/www.akgultente.com\/wp-content\/gallery\/00-ozel-imalat\/spacial09.JPG\" data-thumbnail=\"https:\/\/www.akgultente.com\/wp-content\/gallery\/00-ozel-imalat\/thumbs\/thumbs_spacial09.JPG\" data-title=\"spacial09\" data-description=\" \" >\n\t\t\t\t\t\t\t\t<img title=\"spacial09\" alt=\"spacial09\" src=\"https:\/\/www.akgultente.com\/wp-content\/gallery\/00-ozel-imalat\/thumbs\/thumbs_spacial09.JPG\" width='240' height='160' \/>\n\t\t\t\t\t\t\t<\/a>\n\t\t<\/div>\n\t<\/div>\n\n\t\t\t\t\t\t\t\t\t\n\t\t\n\t<div id=\"ngg-image-195\" class=\"ngg-gallery-thumbnail-box\"  >\n\t\t<div class=\"ngg-gallery-thumbnail\" >\n\t\t\t<a href=\"https:\/\/www.akgultente.com\/wp-content\/gallery\/00-ozel-imalat\/spacial08.JPG\"\n\t\t\t\ttitle=\" \"\n\t\t\t\tclass=\"ngg-fancybox\" rel=\"3f2791ec007b1228b8209dc35daf1c19\" data-image-id=\"195\" data-src=\"https:\/\/www.akgultente.com\/wp-content\/gallery\/00-ozel-imalat\/spacial08.JPG\" data-thumbnail=\"https:\/\/www.akgultente.com\/wp-content\/gallery\/00-ozel-imalat\/thumbs\/thumbs_spacial08.JPG\" data-title=\"spacial08\" data-description=\" \" >\n\t\t\t\t\t\t\t\t<img title=\"spacial08\" alt=\"spacial08\" src=\"https:\/\/www.akgultente.com\/wp-content\/gallery\/00-ozel-imalat\/thumbs\/thumbs_spacial08.JPG\" width='240' height='160' \/>\n\t\t\t\t\t\t\t<\/a>\n\t\t<\/div>\n\t<\/div>\n\n\t\t\t\t\t\t\t\t\t\n\t\t\n\t<div id=\"ngg-image-212\" class=\"ngg-gallery-thumbnail-box\"  >\n\t\t<div class=\"ngg-gallery-thumbnail\" >\n\t\t\t<a href=\"https:\/\/www.akgultente.com\/wp-content\/gallery\/00-ozel-imalat\/spacial27.jpg\"\n\t\t\t\ttitle=\" \"\n\t\t\t\tclass=\"ngg-fancybox\" rel=\"3f2791ec007b1228b8209dc35daf1c19\" data-image-id=\"212\" data-src=\"https:\/\/www.akgultente.com\/wp-content\/gallery\/00-ozel-imalat\/spacial27.jpg\" data-thumbnail=\"https:\/\/www.akgultente.com\/wp-content\/gallery\/00-ozel-imalat\/thumbs\/thumbs_spacial27.jpg\" data-title=\"spacial27\" data-description=\" \" >\n\t\t\t\t\t\t\t\t<img title=\"spacial27\" alt=\"spacial27\" src=\"https:\/\/www.akgultente.com\/wp-content\/gallery\/00-ozel-imalat\/thumbs\/thumbs_spacial27.jpg\" width='240' height='160' \/>\n\t\t\t\t\t\t\t<\/a>\n\t\t<\/div>\n\t<\/div>\n\n\t\t\t\t\t\t\t\t\t\n\t\t\n\t<div id=\"ngg-image-193\" class=\"ngg-gallery-thumbnail-box\"  >\n\t\t<div class=\"ngg-gallery-thumbnail\" >\n\t\t\t<a href=\"https:\/\/www.akgultente.com\/wp-content\/gallery\/00-ozel-imalat\/spacial05.jpg\"\n\t\t\t\ttitle=\" \"\n\t\t\t\tclass=\"ngg-fancybox\" rel=\"3f2791ec007b1228b8209dc35daf1c19\" data-image-id=\"193\" data-src=\"https:\/\/www.akgultente.com\/wp-content\/gallery\/00-ozel-imalat\/spacial05.jpg\" data-thumbnail=\"https:\/\/www.akgultente.com\/wp-content\/gallery\/00-ozel-imalat\/thumbs\/thumbs_spacial05.jpg\" data-title=\"spacial05\" data-description=\" \" >\n\t\t\t\t\t\t\t\t<img title=\"spacial05\" alt=\"spacial05\" src=\"https:\/\/www.akgultente.com\/wp-content\/gallery\/00-ozel-imalat\/thumbs\/thumbs_spacial05.jpg\" width='240' height='160' \/>\n\t\t\t\t\t\t\t<\/a>\n\t\t<\/div>\n\t<\/div>\n\n\t\t\t\t\t\t\t\t\t\n\t\t\n\t<div id=\"ngg-image-192\" class=\"ngg-gallery-thumbnail-box\"  >\n\t\t<div class=\"ngg-gallery-thumbnail\" >\n\t\t\t<a href=\"https:\/\/www.akgultente.com\/wp-content\/gallery\/00-ozel-imalat\/spacial04.jpg\"\n\t\t\t\ttitle=\" \"\n\t\t\t\tclass=\"ngg-fancybox\" rel=\"3f2791ec007b1228b8209dc35daf1c19\" data-image-id=\"192\" data-src=\"https:\/\/www.akgultente.com\/wp-content\/gallery\/00-ozel-imalat\/spacial04.jpg\" data-thumbnail=\"https:\/\/www.akgultente.com\/wp-content\/gallery\/00-ozel-imalat\/thumbs\/thumbs_spacial04.jpg\" data-title=\"spacial04\" data-description=\" \" >\n\t\t\t\t\t\t\t\t<img title=\"spacial04\" alt=\"spacial04\" src=\"https:\/\/www.akgultente.com\/wp-content\/gallery\/00-ozel-imalat\/thumbs\/thumbs_spacial04.jpg\" width='240' height='160' \/>\n\t\t\t\t\t\t\t<\/a>\n\t\t<\/div>\n\t<\/div>\n\n\t\t\t\t\t\t\t\t\t\n\t\t\n\t<div id=\"ngg-image-191\" class=\"ngg-gallery-thumbnail-box\"  >\n\t\t<div class=\"ngg-gallery-thumbnail\" >\n\t\t\t<a href=\"https:\/\/www.akgultente.com\/wp-content\/gallery\/00-ozel-imalat\/spacial03.jpg\"\n\t\t\t\ttitle=\" \"\n\t\t\t\tclass=\"ngg-fancybox\" rel=\"3f2791ec007b1228b8209dc35daf1c19\" data-image-id=\"191\" data-src=\"https:\/\/www.akgultente.com\/wp-content\/gallery\/00-ozel-imalat\/spacial03.jpg\" data-thumbnail=\"https:\/\/www.akgultente.com\/wp-content\/gallery\/00-ozel-imalat\/thumbs\/thumbs_spacial03.jpg\" data-title=\"spacial03\" data-description=\" \" >\n\t\t\t\t\t\t\t\t<img title=\"spacial03\" alt=\"spacial03\" src=\"https:\/\/www.akgultente.com\/wp-content\/gallery\/00-ozel-imalat\/thumbs\/thumbs_spacial03.jpg\" width='240' height='160' \/>\n\t\t\t\t\t\t\t<\/a>\n\t\t<\/div>\n\t<\/div>\n\n\t\t\t\t\t\t\t\t\t\n\t\t\n\t<!-- Pagination -->\n\t\t<div class='ngg-navigation'><span class='current'>1<\/span>\n<a class='page-numbers' data-pageid='2' href='https:\/\/www.akgultente.com\/index.php\/nggallery\/page\/2?page_id=53'>2<\/a>\n<a class='prev' href='https:\/\/www.akgultente.com\/index.php\/nggallery\/page\/2?page_id=53' data-pageid=2>&#9658;<\/a><\/div>\t\n<\/div>\n\n\t<\/p>\n","protected":false},"excerpt":{"rendered":"<p>Mekanlar\u0131n\u0131za dekoratif bir g\u00f6r\u00fcn\u00fcm sa\u011flamak i\u00e7in sizlerin tercihine sunulan tente modelleridir Sabit tentelerin \u00f6zellikleri \u00c7elik konstr\u00fcksiyon iskelet Termoset toz boya ral kartelas\u0131 9016 beyaz PVC ve akrelik kumas se\u00e7enekleri 1 2 &#9658;<\/p>\n","protected":false},"author":1,"featured_media":0,"parent":0,"menu_order":0,"comment_status":"closed","ping_status":"closed","template":"","meta":{"ngg_post_thumbnail":0,"footnotes":""},"class_list":["post-53","page","type-page","status-publish","hentry"],"_links":{"self":[{"href":"https:\/\/www.akgultente.com\/index.php?rest_route=\/wp\/v2\/pages\/53","targetHints":{"allow":["GET"]}}],"collection":[{"href":"https:\/\/www.akgultente.com\/index.php?rest_route=\/wp\/v2\/pages"}],"about":[{"href":"https:\/\/www.akgultente.com\/index.php?rest_route=\/wp\/v2\/types\/page"}],"author":[{"embeddable":true,"href":"https:\/\/www.akgultente.com\/index.php?rest_route=\/wp\/v2\/users\/1"}],"replies":[{"embeddable":true,"href":"https:\/\/www.akgultente.com\/index.php?rest_route=%2Fwp%2Fv2%2Fcomments&post=53"}],"version-history":[{"count":4,"href":"https:\/\/www.akgultente.com\/index.php?rest_route=\/wp\/v2\/pages\/53\/revisions"}],"predecessor-version":[{"id":743,"href":"https:\/\/www.akgultente.com\/index.php?rest_route=\/wp\/v2\/pages\/53\/revisions\/743"}],"wp:attachment":[{"href":"https:\/\/www.akgultente.com\/index.php?rest_route=%2Fwp%2Fv2%2Fmedia&parent=53"}],"curies":[{"name":"wp","href":"https:\/\/api.w.org\/{rel}","templated":true}]}}