{"id":47,"date":"2016-06-21T20:39:18","date_gmt":"2016-06-21T20:39:18","guid":{"rendered":"http:\/\/www.akgultente.com\/deneme\/?page_id=47"},"modified":"2016-06-21T20:41:51","modified_gmt":"2016-06-21T20:41:51","slug":"kurumsal","status":"publish","type":"page","link":"https:\/\/www.akgultente.com\/?page_id=47","title":{"rendered":"Kurumsal"},"content":{"rendered":"<p>&nbsp;<\/p>\n<p><strong>Modern a\u00e7\u0131l\u0131r kapan\u0131r mafsall\u0131 tente, tavan, k\u0131\u015f bah\u00e7esi, pergole ve tente sistemlerinde 2000 y\u0131l\u0131ndan beri faaliyet g\u00f6steren firmam\u0131z, kazand\u0131\u011f\u0131 birikimle ve tecr\u00fcbeyle hizmet vermektedir. Firmam\u0131z tente sistemlerini yurti\u00e7i ve yurtd\u0131\u015f\u0131na markas\u0131n\u0131n kalitesi ve g\u00fcvenilirli\u011fi alt\u0131nda sat\u0131\u015fa sunmaktad\u0131r. Profesyonel y\u00f6netim kadrosu, tecr\u00fcbeli pazarlama departman\u0131 ile en \u00fcst seviyede m\u00fc\u015fteri memnuniyeti elde eden firmam\u0131z, bu sayede m\u00fc\u015fteri portf\u00f6y\u00fcn\u00fc devaml\u0131 geni\u015fletmektedir. Kalite anlay\u0131\u015f\u0131, \u00a0zaman\u0131nda teslim gibi ilkelerle sa\u011flam ve g\u00fcvenilir dostluklar in\u015faa etti\u011fimiz m\u00fc\u015fterilerimiz ilk tan\u0131\u015ft\u0131\u011f\u0131m\u0131z g\u00fcnki gibi bizi tercih etmeleri bize hem gurur ilerisi i\u00e7inde azim ve cesaret vermektedir.<\/strong><\/p>\n","protected":false},"excerpt":{"rendered":"<p>&nbsp; Modern a\u00e7\u0131l\u0131r kapan\u0131r mafsall\u0131 tente, tavan, k\u0131\u015f bah\u00e7esi, pergole ve tente sistemlerinde 2000 y\u0131l\u0131ndan beri faaliyet g\u00f6steren firmam\u0131z, kazand\u0131\u011f\u0131 birikimle ve tecr\u00fcbeyle hizmet vermektedir. Firmam\u0131z tente sistemlerini yurti\u00e7i ve yurtd\u0131\u015f\u0131na markas\u0131n\u0131n<a class=\"moretag\" href=\"https:\/\/www.akgultente.com\/?page_id=47\">Read More&#8230;<\/a><\/p>\n","protected":false},"author":1,"featured_media":0,"parent":0,"menu_order":0,"comment_status":"closed","ping_status":"closed","template":"","meta":{"ngg_post_thumbnail":0,"footnotes":""},"class_list":["post-47","page","type-page","status-publish","hentry"],"_links":{"self":[{"href":"https:\/\/www.akgultente.com\/index.php?rest_route=\/wp\/v2\/pages\/47","targetHints":{"allow":["GET"]}}],"collection":[{"href":"https:\/\/www.akgultente.com\/index.php?rest_route=\/wp\/v2\/pages"}],"about":[{"href":"https:\/\/www.akgultente.com\/index.php?rest_route=\/wp\/v2\/types\/page"}],"author":[{"embeddable":true,"href":"https:\/\/www.akgultente.com\/index.php?rest_route=\/wp\/v2\/users\/1"}],"replies":[{"embeddable":true,"href":"https:\/\/www.akgultente.com\/index.php?rest_route=%2Fwp%2Fv2%2Fcomments&post=47"}],"version-history":[{"count":4,"href":"https:\/\/www.akgultente.com\/index.php?rest_route=\/wp\/v2\/pages\/47\/revisions"}],"predecessor-version":[{"id":52,"href":"https:\/\/www.akgultente.com\/index.php?rest_route=\/wp\/v2\/pages\/47\/revisions\/52"}],"wp:attachment":[{"href":"https:\/\/www.akgultente.com\/index.php?rest_route=%2Fwp%2Fv2%2Fmedia&parent=47"}],"curies":[{"name":"wp","href":"https:\/\/api.w.org\/{rel}","templated":true}]}}